{"id":57948,"date":"2024-01-12T00:00:00","date_gmt":"2024-01-11T23:00:00","guid":{"rendered":"https:\/\/2025.teleskopshop.ch\/shop\/non%20class\u00e9\/olympus-10x21-rc-ii-wp-dark-green\/"},"modified":"2025-01-25T12:10:22","modified_gmt":"2025-01-25T11:10:22","slug":"olympus-10x21-rc-ii-wp-dark-green","status":"publish","type":"product","link":"https:\/\/www.teleskopshop.ch\/fr\/shop\/optique\/jumelles-et-lunettes-dopera\/jumelles\/jumelles-olympus\/olympus-10x21-rc-ii-wp-dark-green\/","title":{"rendered":"Olympus 10&#215;21 RC II WP Vert Fonc\u00e9"},"content":{"rendered":"<p>S\u00c9RIE RC II WP pour les fans d&rsquo;aventure. Etanche et ultra-compacte,<br \/>\nUniversellement applicable pour les activit\u00e9s int\u00e9rieures et ext\u00e9rieures, moderne<br \/>\nDesign ext\u00e9rieur et variantes de couleurs attrayantes.<\/p>\n","protected":false},"excerpt":{"rendered":"<p>S\u00c9RIE RC II WP pour les fans d&rsquo;aventure. Etanche et ultra-compacte, Universellement applicable pour les activit\u00e9s int\u00e9rieures et ext\u00e9rieures, moderne Design ext\u00e9rieur et variantes de couleurs attrayantes.<\/p>\n","protected":false},"featured_media":10722,"comment_status":"closed","ping_status":"open","template":"","meta":{"_acf_changed":false},"product_brand":[687],"product_cat":[1345,1342,1366,1339],"product_tag":[],"class_list":{"0":"post-57948","1":"product","2":"type-product","3":"status-publish","4":"has-post-thumbnail","6":"product_brand-olympus","7":"product_cat-jumelles","8":"product_cat-jumelles-et-lunettes-dopera","9":"product_cat-jumelles-olympus","10":"product_cat-optique","12":"first","13":"instock","14":"taxable","15":"shipping-taxable","16":"purchasable","17":"product-type-simple"},"acf":[],"_links":{"self":[{"href":"https:\/\/www.teleskopshop.ch\/fr\/wp-json\/wp\/v2\/product\/57948","targetHints":{"allow":["GET"]}}],"collection":[{"href":"https:\/\/www.teleskopshop.ch\/fr\/wp-json\/wp\/v2\/product"}],"about":[{"href":"https:\/\/www.teleskopshop.ch\/fr\/wp-json\/wp\/v2\/types\/product"}],"replies":[{"embeddable":true,"href":"https:\/\/www.teleskopshop.ch\/fr\/wp-json\/wp\/v2\/comments?post=57948"}],"wp:featuredmedia":[{"embeddable":true,"href":"https:\/\/www.teleskopshop.ch\/fr\/wp-json\/wp\/v2\/media\/10722"}],"wp:attachment":[{"href":"https:\/\/www.teleskopshop.ch\/fr\/wp-json\/wp\/v2\/media?parent=57948"}],"wp:term":[{"taxonomy":"product_brand","embeddable":true,"href":"https:\/\/www.teleskopshop.ch\/fr\/wp-json\/wp\/v2\/product_brand?post=57948"},{"taxonomy":"product_cat","embeddable":true,"href":"https:\/\/www.teleskopshop.ch\/fr\/wp-json\/wp\/v2\/product_cat?post=57948"},{"taxonomy":"product_tag","embeddable":true,"href":"https:\/\/www.teleskopshop.ch\/fr\/wp-json\/wp\/v2\/product_tag?post=57948"}],"curies":[{"name":"wp","href":"https:\/\/api.w.org\/{rel}","templated":true}]}}