{"id":57930,"date":"2024-01-12T00:00:00","date_gmt":"2024-01-11T23:00:00","guid":{"rendered":"https:\/\/2025.teleskopshop.ch\/shop\/non%20class\u00e9\/nikon-fernglas-prostaff-p7-8x42\/"},"modified":"2025-01-25T12:04:51","modified_gmt":"2025-01-25T11:04:51","slug":"nikon-fernglas-prostaff-p7-8x42","status":"publish","type":"product","link":"https:\/\/www.teleskopshop.ch\/fr\/shop\/optique\/jumelles-et-lunettes-dopera\/jumelles\/jumelles-nikon\/nikon-fernglas-prostaff-p7-8x42\/","title":{"rendered":"Jumelles Nikon Prostaff P7 8&#215;42"},"content":{"rendered":"<p>Que ce soit lors de randonn\u00e9es, \u00e0 la montagne ou au bord du lac &#8211; ce robuste,<br \/>\nLes jumelles l\u00e9g\u00e8res sont le compagnon id\u00e9al pour toute aventure. la<br \/>\nLe renfort en caoutchouc assure une prise ferme et prot\u00e8ge votre PROSTAFF<br \/>\nP7 des chocs, des coups et des chutes.<br \/>\nLentilles et prismes rev\u00eatus multicouches ainsi qu\u2019un<br \/>\ndi\u00e9lectrique hautement r\u00e9fl\u00e9chissant respectueux de l\u2019environnement<br \/>\nLa mise en miroir multicouche du prisme assure un<br \/>\nluminosit\u00e9 exceptionnelle et couleurs naturelles. Les prismes de toit<br \/>\navoir un rev\u00eatement \u00e0 correction de phase pour un rev\u00eatement \u00e0 contraste \u00e9lev\u00e9<br \/>\nVisibilit\u00e9, et tous les verres et prismes sont en plomb respectueux de l\u2019environnement<br \/>\net le verre sans arsenic.<\/p>\n","protected":false},"excerpt":{"rendered":"<p>Que ce soit lors de randonn\u00e9es, \u00e0 la montagne ou au bord du lac &#8211; ce robuste, Les jumelles l\u00e9g\u00e8res sont le compagnon id\u00e9al pour toute aventure. la Le renfort en caoutchouc assure une prise ferme et prot\u00e8ge votre PROSTAFF P7 des chocs, des coups et des chutes. Lentilles et prismes rev\u00eatus multicouches ainsi qu\u2019un [&hellip;]<\/p>\n","protected":false},"featured_media":11178,"comment_status":"closed","ping_status":"open","template":"","meta":{"_acf_changed":false},"product_brand":[686],"product_cat":[1345,1342,1360,1339],"product_tag":[],"class_list":{"0":"post-57930","1":"product","2":"type-product","3":"status-publish","4":"has-post-thumbnail","6":"product_brand-nikon","7":"product_cat-jumelles","8":"product_cat-jumelles-et-lunettes-dopera","9":"product_cat-jumelles-nikon","10":"product_cat-optique","12":"first","13":"instock","14":"taxable","15":"shipping-taxable","16":"purchasable","17":"product-type-simple"},"acf":[],"_links":{"self":[{"href":"https:\/\/www.teleskopshop.ch\/fr\/wp-json\/wp\/v2\/product\/57930","targetHints":{"allow":["GET"]}}],"collection":[{"href":"https:\/\/www.teleskopshop.ch\/fr\/wp-json\/wp\/v2\/product"}],"about":[{"href":"https:\/\/www.teleskopshop.ch\/fr\/wp-json\/wp\/v2\/types\/product"}],"replies":[{"embeddable":true,"href":"https:\/\/www.teleskopshop.ch\/fr\/wp-json\/wp\/v2\/comments?post=57930"}],"wp:featuredmedia":[{"embeddable":true,"href":"https:\/\/www.teleskopshop.ch\/fr\/wp-json\/wp\/v2\/media\/11178"}],"wp:attachment":[{"href":"https:\/\/www.teleskopshop.ch\/fr\/wp-json\/wp\/v2\/media?parent=57930"}],"wp:term":[{"taxonomy":"product_brand","embeddable":true,"href":"https:\/\/www.teleskopshop.ch\/fr\/wp-json\/wp\/v2\/product_brand?post=57930"},{"taxonomy":"product_cat","embeddable":true,"href":"https:\/\/www.teleskopshop.ch\/fr\/wp-json\/wp\/v2\/product_cat?post=57930"},{"taxonomy":"product_tag","embeddable":true,"href":"https:\/\/www.teleskopshop.ch\/fr\/wp-json\/wp\/v2\/product_tag?post=57930"}],"curies":[{"name":"wp","href":"https:\/\/api.w.org\/{rel}","templated":true}]}}