{"id":57918,"date":"2024-01-12T00:00:00","date_gmt":"2024-01-11T23:00:00","guid":{"rendered":"https:\/\/2025.teleskopshop.ch\/shop\/non%20class\u00e9\/nikon-fernglas-prostaff-p3-8x30\/"},"modified":"2025-01-25T12:04:48","modified_gmt":"2025-01-25T11:04:48","slug":"nikon-fernglas-prostaff-p3-8x30","status":"publish","type":"product","link":"https:\/\/www.teleskopshop.ch\/fr\/shop\/optique\/jumelles-et-lunettes-dopera\/jumelles\/jumelles-nikon\/nikon-fernglas-prostaff-p3-8x30\/","title":{"rendered":"Jumelles Nikon Prostaff P3 8&#215;30"},"content":{"rendered":"<p>Avec ces jumelles l\u00e9g\u00e8res et robustes, vous pouvez vous d\u00e9tendre dans le<br \/>\nse d\u00e9fouler en plein air &#8211; ou dans le jardin. Le PROSTAFF P3 convient<br \/>\nparfait pour les amateurs et les aventuriers occasionnels et le rend<br \/>\nfacile \u00e0 surveiller sur les animaux, les oiseaux et les v\u00e9hicules en mouvement<br \/>\ngarder. Quoi que vous d\u00e9couvriez, vous en ferez l\u2019exp\u00e9rience de pr\u00e8s<br \/>\net en d\u00e9tail.<br \/>\nLentilles et prismes rev\u00eatus multicouches ainsi qu\u2019un<br \/>\nmiroir \u00e0 prisme hautement r\u00e9fl\u00e9chissant en alliage d\u2019argent<br \/>\nassurez une vue lumineuse et brillante &#8211; peu importe ce que vous regardez.<br \/>\nToutes les lentilles et prismes sont en plomb respectueux de l\u2019environnement et<br \/>\nverre sans arsenic produit.<\/p>\n","protected":false},"excerpt":{"rendered":"<p>Avec ces jumelles l\u00e9g\u00e8res et robustes, vous pouvez vous d\u00e9tendre dans le se d\u00e9fouler en plein air &#8211; ou dans le jardin. Le PROSTAFF P3 convient parfait pour les amateurs et les aventuriers occasionnels et le rend facile \u00e0 surveiller sur les animaux, les oiseaux et les v\u00e9hicules en mouvement garder. Quoi que vous d\u00e9couvriez, [&hellip;]<\/p>\n","protected":false},"featured_media":11186,"comment_status":"closed","ping_status":"open","template":"","meta":{"_acf_changed":false},"product_brand":[686],"product_cat":[1345,1342,1360,1339],"product_tag":[],"class_list":{"0":"post-57918","1":"product","2":"type-product","3":"status-publish","4":"has-post-thumbnail","6":"product_brand-nikon","7":"product_cat-jumelles","8":"product_cat-jumelles-et-lunettes-dopera","9":"product_cat-jumelles-nikon","10":"product_cat-optique","12":"first","13":"instock","14":"taxable","15":"shipping-taxable","16":"purchasable","17":"product-type-simple"},"acf":[],"_links":{"self":[{"href":"https:\/\/www.teleskopshop.ch\/fr\/wp-json\/wp\/v2\/product\/57918","targetHints":{"allow":["GET"]}}],"collection":[{"href":"https:\/\/www.teleskopshop.ch\/fr\/wp-json\/wp\/v2\/product"}],"about":[{"href":"https:\/\/www.teleskopshop.ch\/fr\/wp-json\/wp\/v2\/types\/product"}],"replies":[{"embeddable":true,"href":"https:\/\/www.teleskopshop.ch\/fr\/wp-json\/wp\/v2\/comments?post=57918"}],"wp:featuredmedia":[{"embeddable":true,"href":"https:\/\/www.teleskopshop.ch\/fr\/wp-json\/wp\/v2\/media\/11186"}],"wp:attachment":[{"href":"https:\/\/www.teleskopshop.ch\/fr\/wp-json\/wp\/v2\/media?parent=57918"}],"wp:term":[{"taxonomy":"product_brand","embeddable":true,"href":"https:\/\/www.teleskopshop.ch\/fr\/wp-json\/wp\/v2\/product_brand?post=57918"},{"taxonomy":"product_cat","embeddable":true,"href":"https:\/\/www.teleskopshop.ch\/fr\/wp-json\/wp\/v2\/product_cat?post=57918"},{"taxonomy":"product_tag","embeddable":true,"href":"https:\/\/www.teleskopshop.ch\/fr\/wp-json\/wp\/v2\/product_tag?post=57918"}],"curies":[{"name":"wp","href":"https:\/\/api.w.org\/{rel}","templated":true}]}}