{"id":57912,"date":"2024-01-12T00:00:00","date_gmt":"2024-01-11T23:00:00","guid":{"rendered":"https:\/\/2025.teleskopshop.ch\/shop\/non%20class\u00e9\/nikon-fernglas-prostaff-5-12x50\/"},"modified":"2025-01-25T12:10:15","modified_gmt":"2025-01-25T11:10:15","slug":"nikon-fernglas-prostaff-5-12x50","status":"publish","type":"product","link":"https:\/\/www.teleskopshop.ch\/fr\/shop\/optique\/jumelles-et-lunettes-dopera\/jumelles\/jumelles-nikon\/nikon-fernglas-prostaff-5-12x50\/","title":{"rendered":"Nikon jumelles Prostaff 5 12&#215;50"},"content":{"rendered":"<p>La PROSTAFF 5 est l&rsquo;une des jumelles les plus l\u00e9g\u00e8res de sa cat\u00e9gorie<br \/>\nl\u00e0 sur le march\u00e9. Les lentilles multicouches \u00e9labor\u00e9es garantissent<br \/>\nl&rsquo;excellente exp\u00e9rience visuelle avec une nettet\u00e9 et une clart\u00e9 cristallines<br \/>\ndes photos. Tous les objectifs et prismes sont fabriqu\u00e9s \u00e0 partir de la technologie sp\u00e9ciale Nikon Eco-<br \/>\nVerre fabriqu\u00e9 sans arsenic ni plomb. la<br \/>\nla construction en fibre de verre renforc\u00e9e de fibre de carbone est extr\u00eame<br \/>\ndurable, imperm\u00e9able et anti-bu\u00e9e. L&rsquo;armure en caoutchouc augmente la<br \/>\nR\u00e9sistance aux chocs et soutient la prise en main confortable. la gomme<br \/>\nLes \u0153illetons s&rsquo;adaptent parfaitement \u00e0 l&rsquo;\u0153il dans plusieurs positions de verrouillage<br \/>\nAjustable. Les porteurs de lunettes appr\u00e9cient \u00e9galement le grand d\u00e9gagement oculaire<br \/>\nun Seefeld large et clair.<\/p>\n","protected":false},"excerpt":{"rendered":"<p>La PROSTAFF 5 est l&rsquo;une des jumelles les plus l\u00e9g\u00e8res de sa cat\u00e9gorie l\u00e0 sur le march\u00e9. Les lentilles multicouches \u00e9labor\u00e9es garantissent l&rsquo;excellente exp\u00e9rience visuelle avec une nettet\u00e9 et une clart\u00e9 cristallines des photos. Tous les objectifs et prismes sont fabriqu\u00e9s \u00e0 partir de la technologie sp\u00e9ciale Nikon Eco- Verre fabriqu\u00e9 sans arsenic ni plomb. [&hellip;]<\/p>\n","protected":false},"featured_media":10830,"comment_status":"closed","ping_status":"open","template":"","meta":{"_acf_changed":false},"product_brand":[686],"product_cat":[1345,1342,1360,1339],"product_tag":[],"class_list":{"0":"post-57912","1":"product","2":"type-product","3":"status-publish","4":"has-post-thumbnail","6":"product_brand-nikon","7":"product_cat-jumelles","8":"product_cat-jumelles-et-lunettes-dopera","9":"product_cat-jumelles-nikon","10":"product_cat-optique","12":"first","13":"instock","14":"taxable","15":"shipping-taxable","16":"purchasable","17":"product-type-simple"},"acf":[],"_links":{"self":[{"href":"https:\/\/www.teleskopshop.ch\/fr\/wp-json\/wp\/v2\/product\/57912","targetHints":{"allow":["GET"]}}],"collection":[{"href":"https:\/\/www.teleskopshop.ch\/fr\/wp-json\/wp\/v2\/product"}],"about":[{"href":"https:\/\/www.teleskopshop.ch\/fr\/wp-json\/wp\/v2\/types\/product"}],"replies":[{"embeddable":true,"href":"https:\/\/www.teleskopshop.ch\/fr\/wp-json\/wp\/v2\/comments?post=57912"}],"wp:featuredmedia":[{"embeddable":true,"href":"https:\/\/www.teleskopshop.ch\/fr\/wp-json\/wp\/v2\/media\/10830"}],"wp:attachment":[{"href":"https:\/\/www.teleskopshop.ch\/fr\/wp-json\/wp\/v2\/media?parent=57912"}],"wp:term":[{"taxonomy":"product_brand","embeddable":true,"href":"https:\/\/www.teleskopshop.ch\/fr\/wp-json\/wp\/v2\/product_brand?post=57912"},{"taxonomy":"product_cat","embeddable":true,"href":"https:\/\/www.teleskopshop.ch\/fr\/wp-json\/wp\/v2\/product_cat?post=57912"},{"taxonomy":"product_tag","embeddable":true,"href":"https:\/\/www.teleskopshop.ch\/fr\/wp-json\/wp\/v2\/product_tag?post=57912"}],"curies":[{"name":"wp","href":"https:\/\/api.w.org\/{rel}","templated":true}]}}