{"id":57909,"date":"2024-01-12T00:00:00","date_gmt":"2024-01-11T23:00:00","guid":{"rendered":"https:\/\/2025.teleskopshop.ch\/shop\/non%20class\u00e9\/nikon-fernglas-monarch-m7-8x42\/"},"modified":"2025-01-25T12:06:10","modified_gmt":"2025-01-25T11:06:10","slug":"nikon-fernglas-monarch-m7-8x42","status":"publish","type":"product","link":"https:\/\/www.teleskopshop.ch\/fr\/shop\/optique\/jumelles-et-lunettes-dopera\/jumelles\/jumelles-nikon\/nikon-fernglas-monarch-m7-8x42\/","title":{"rendered":"Jumelles Nikon Monarch M7 8&#215;42"},"content":{"rendered":"<p>Toutes les jumelles de la s\u00e9rie MONARCH M7 offrent un champ de vision apparent<br \/>\nde plus de 60\u00b0, pour ne manquer aucune observation de la nature.<br \/>\nObservez les oiseaux volants ou cach\u00e9s avec le MONARCH M7<br \/>\nAnimaux sauvages avec une clart\u00e9 encore disponible dans cette classe de jumelles<br \/>\nJamais exist\u00e9. Les mod\u00e8les avec un diam\u00e8tre d&rsquo;objectif de 42 mm p\u00e8sent<br \/>\nmaximum 680 g et sont donc toujours pour les jumelles de cette classe<br \/>\nextr\u00eamement l\u00e9ger.<\/p>\n","protected":false},"excerpt":{"rendered":"<p>Toutes les jumelles de la s\u00e9rie MONARCH M7 offrent un champ de vision apparent de plus de 60\u00b0, pour ne manquer aucune observation de la nature. Observez les oiseaux volants ou cach\u00e9s avec le MONARCH M7 Animaux sauvages avec une clart\u00e9 encore disponible dans cette classe de jumelles Jamais exist\u00e9. Les mod\u00e8les avec un diam\u00e8tre [&hellip;]<\/p>\n","protected":false},"featured_media":11134,"comment_status":"closed","ping_status":"open","template":"","meta":{"_acf_changed":false},"product_brand":[686],"product_cat":[1345,1342,1360,1339],"product_tag":[],"class_list":{"0":"post-57909","1":"product","2":"type-product","3":"status-publish","4":"has-post-thumbnail","6":"product_brand-nikon","7":"product_cat-jumelles","8":"product_cat-jumelles-et-lunettes-dopera","9":"product_cat-jumelles-nikon","10":"product_cat-optique","12":"first","13":"instock","14":"taxable","15":"shipping-taxable","16":"purchasable","17":"product-type-simple"},"acf":[],"_links":{"self":[{"href":"https:\/\/www.teleskopshop.ch\/fr\/wp-json\/wp\/v2\/product\/57909","targetHints":{"allow":["GET"]}}],"collection":[{"href":"https:\/\/www.teleskopshop.ch\/fr\/wp-json\/wp\/v2\/product"}],"about":[{"href":"https:\/\/www.teleskopshop.ch\/fr\/wp-json\/wp\/v2\/types\/product"}],"replies":[{"embeddable":true,"href":"https:\/\/www.teleskopshop.ch\/fr\/wp-json\/wp\/v2\/comments?post=57909"}],"wp:featuredmedia":[{"embeddable":true,"href":"https:\/\/www.teleskopshop.ch\/fr\/wp-json\/wp\/v2\/media\/11134"}],"wp:attachment":[{"href":"https:\/\/www.teleskopshop.ch\/fr\/wp-json\/wp\/v2\/media?parent=57909"}],"wp:term":[{"taxonomy":"product_brand","embeddable":true,"href":"https:\/\/www.teleskopshop.ch\/fr\/wp-json\/wp\/v2\/product_brand?post=57909"},{"taxonomy":"product_cat","embeddable":true,"href":"https:\/\/www.teleskopshop.ch\/fr\/wp-json\/wp\/v2\/product_cat?post=57909"},{"taxonomy":"product_tag","embeddable":true,"href":"https:\/\/www.teleskopshop.ch\/fr\/wp-json\/wp\/v2\/product_tag?post=57909"}],"curies":[{"name":"wp","href":"https:\/\/api.w.org\/{rel}","templated":true}]}}