{"id":57894,"date":"2024-01-12T00:00:00","date_gmt":"2024-01-11T23:00:00","guid":{"rendered":"https:\/\/2025.teleskopshop.ch\/shop\/non%20class\u00e9\/nikon-fernglas-monarch-m5-12x42\/"},"modified":"2025-01-25T12:06:12","modified_gmt":"2025-01-25T11:06:12","slug":"nikon-fernglas-monarch-m5-12x42","status":"publish","type":"product","link":"https:\/\/www.teleskopshop.ch\/fr\/shop\/optique\/jumelles-et-lunettes-dopera\/jumelles\/jumelles-nikon\/nikon-fernglas-monarch-m5-12x42\/","title":{"rendered":"Jumelles Nikon Monarch M5 12&#215;42"},"content":{"rendered":"<p>Le MONARCH M5 est \u00e9quip\u00e9 de verre ED (Extra-low Dispersion), qui<br \/>\nAberration chromatique corrig\u00e9e. Cela signifie que vous b\u00e9n\u00e9ficiez d&rsquo;un<br \/>\nvue claire avec une haute r\u00e9solution. Le bo\u00eetier \u00e9l\u00e9gant et pratique<br \/>\nest l\u00e9ger, robuste et \u00e9tanche. Gr\u00e2ce au rev\u00eatement multicouche<br \/>\nde toutes les lentilles et prismes, l&rsquo;image est plus lumineuse et les couleurs sont efficaces<br \/>\nplus naturelle. La compensation corrig\u00e9e en phase permet une<br \/>\naffichage \u00e0 contraste \u00e9lev\u00e9.<\/p>\n","protected":false},"excerpt":{"rendered":"<p>Le MONARCH M5 est \u00e9quip\u00e9 de verre ED (Extra-low Dispersion), qui Aberration chromatique corrig\u00e9e. Cela signifie que vous b\u00e9n\u00e9ficiez d&rsquo;un vue claire avec une haute r\u00e9solution. Le bo\u00eetier \u00e9l\u00e9gant et pratique est l\u00e9ger, robuste et \u00e9tanche. Gr\u00e2ce au rev\u00eatement multicouche de toutes les lentilles et prismes, l&rsquo;image est plus lumineuse et les couleurs sont efficaces [&hellip;]<\/p>\n","protected":false},"featured_media":11150,"comment_status":"closed","ping_status":"open","template":"","meta":{"_acf_changed":false},"product_brand":[686],"product_cat":[1345,1342,1360,1339],"product_tag":[],"class_list":{"0":"post-57894","1":"product","2":"type-product","3":"status-publish","4":"has-post-thumbnail","6":"product_brand-nikon","7":"product_cat-jumelles","8":"product_cat-jumelles-et-lunettes-dopera","9":"product_cat-jumelles-nikon","10":"product_cat-optique","12":"first","13":"instock","14":"taxable","15":"shipping-taxable","16":"purchasable","17":"product-type-simple"},"acf":[],"_links":{"self":[{"href":"https:\/\/www.teleskopshop.ch\/fr\/wp-json\/wp\/v2\/product\/57894","targetHints":{"allow":["GET"]}}],"collection":[{"href":"https:\/\/www.teleskopshop.ch\/fr\/wp-json\/wp\/v2\/product"}],"about":[{"href":"https:\/\/www.teleskopshop.ch\/fr\/wp-json\/wp\/v2\/types\/product"}],"replies":[{"embeddable":true,"href":"https:\/\/www.teleskopshop.ch\/fr\/wp-json\/wp\/v2\/comments?post=57894"}],"wp:featuredmedia":[{"embeddable":true,"href":"https:\/\/www.teleskopshop.ch\/fr\/wp-json\/wp\/v2\/media\/11150"}],"wp:attachment":[{"href":"https:\/\/www.teleskopshop.ch\/fr\/wp-json\/wp\/v2\/media?parent=57894"}],"wp:term":[{"taxonomy":"product_brand","embeddable":true,"href":"https:\/\/www.teleskopshop.ch\/fr\/wp-json\/wp\/v2\/product_brand?post=57894"},{"taxonomy":"product_cat","embeddable":true,"href":"https:\/\/www.teleskopshop.ch\/fr\/wp-json\/wp\/v2\/product_cat?post=57894"},{"taxonomy":"product_tag","embeddable":true,"href":"https:\/\/www.teleskopshop.ch\/fr\/wp-json\/wp\/v2\/product_tag?post=57894"}],"curies":[{"name":"wp","href":"https:\/\/api.w.org\/{rel}","templated":true}]}}