{"id":57813,"date":"2024-01-12T00:00:00","date_gmt":"2024-01-11T23:00:00","guid":{"rendered":"https:\/\/2025.teleskopshop.ch\/shop\/non%20class\u00e9\/nikon-fernglas-16x56-monarch-5\/"},"modified":"2025-01-25T12:10:15","modified_gmt":"2025-01-25T11:10:15","slug":"nikon-fernglas-16x56-monarch-5","status":"publish","type":"product","link":"https:\/\/www.teleskopshop.ch\/fr\/shop\/optique\/jumelles-et-lunettes-dopera\/jumelles\/jumelles-nikon\/nikon-fernglas-16x56-monarch-5\/","title":{"rendered":"Jumelles Nikon 16&#215;56 Monarch 5"},"content":{"rendered":"<p>Les jumelles MONARCH 5 avec objectifs de 56 mm et grossissement 16x<br \/>\nest destin\u00e9 \u00e0 l&rsquo;observation exigeante lors d&rsquo;exp\u00e9ditions plus longues<br \/>\ncon\u00e7u, m\u00eame dans des conditions d&rsquo;\u00e9clairage difficiles. passionn\u00e9<br \/>\nLes chasseurs et les observateurs de la nature appr\u00e9cient la luminosit\u00e9 sup\u00e9rieure \u00e0 la moyenne,<br \/>\ndes images nettes, la conception robuste et le tr\u00e8s confortable<br \/>\nManutention. Le grossissement \u00e9lev\u00e9 16x assure une excellente<br \/>\nExp\u00e9rience de visionnage jusque dans les moindres d\u00e9tails. Le verre ED de Nikon, le<br \/>\nmiroir dialectique hautement r\u00e9fl\u00e9chissant et celui corrig\u00e9 en phase<br \/>\nLa mise en miroir garantit des images r\u00e9alistes. Les r\u00e9glables<br \/>\nLes \u0153illetons en caoutchouc et le d\u00e9gagement oculaire g\u00e9n\u00e9reux facilitent cette t\u00e2che<br \/>\nR\u00e9glage et recherche rapide de l&rsquo;objet. Tous les mod\u00e8les MONARCH 5<br \/>\nsont \u00e9tanches et anti-bu\u00e9e. L&rsquo;armure en caoutchouc s\u00e9curise le<br \/>\nprise en main toujours confortable. Les pratiques rabattables<br \/>\nLes bouchons d&rsquo;objectif sont captifs.<\/p>\n","protected":false},"excerpt":{"rendered":"<p>Les jumelles MONARCH 5 avec objectifs de 56 mm et grossissement 16x est destin\u00e9 \u00e0 l&rsquo;observation exigeante lors d&rsquo;exp\u00e9ditions plus longues con\u00e7u, m\u00eame dans des conditions d&rsquo;\u00e9clairage difficiles. passionn\u00e9 Les chasseurs et les observateurs de la nature appr\u00e9cient la luminosit\u00e9 sup\u00e9rieure \u00e0 la moyenne, des images nettes, la conception robuste et le tr\u00e8s confortable Manutention. [&hellip;]<\/p>\n","protected":false},"featured_media":10822,"comment_status":"closed","ping_status":"open","template":"","meta":{"_acf_changed":false},"product_brand":[686],"product_cat":[1345,1342,1360,1339],"product_tag":[],"class_list":{"0":"post-57813","1":"product","2":"type-product","3":"status-publish","4":"has-post-thumbnail","6":"product_brand-nikon","7":"product_cat-jumelles","8":"product_cat-jumelles-et-lunettes-dopera","9":"product_cat-jumelles-nikon","10":"product_cat-optique","12":"first","13":"instock","14":"taxable","15":"shipping-taxable","16":"purchasable","17":"product-type-simple"},"acf":[],"_links":{"self":[{"href":"https:\/\/www.teleskopshop.ch\/fr\/wp-json\/wp\/v2\/product\/57813","targetHints":{"allow":["GET"]}}],"collection":[{"href":"https:\/\/www.teleskopshop.ch\/fr\/wp-json\/wp\/v2\/product"}],"about":[{"href":"https:\/\/www.teleskopshop.ch\/fr\/wp-json\/wp\/v2\/types\/product"}],"replies":[{"embeddable":true,"href":"https:\/\/www.teleskopshop.ch\/fr\/wp-json\/wp\/v2\/comments?post=57813"}],"wp:featuredmedia":[{"embeddable":true,"href":"https:\/\/www.teleskopshop.ch\/fr\/wp-json\/wp\/v2\/media\/10822"}],"wp:attachment":[{"href":"https:\/\/www.teleskopshop.ch\/fr\/wp-json\/wp\/v2\/media?parent=57813"}],"wp:term":[{"taxonomy":"product_brand","embeddable":true,"href":"https:\/\/www.teleskopshop.ch\/fr\/wp-json\/wp\/v2\/product_brand?post=57813"},{"taxonomy":"product_cat","embeddable":true,"href":"https:\/\/www.teleskopshop.ch\/fr\/wp-json\/wp\/v2\/product_cat?post=57813"},{"taxonomy":"product_tag","embeddable":true,"href":"https:\/\/www.teleskopshop.ch\/fr\/wp-json\/wp\/v2\/product_tag?post=57813"}],"curies":[{"name":"wp","href":"https:\/\/api.w.org\/{rel}","templated":true}]}}