{"id":57792,"date":"2024-01-12T00:00:00","date_gmt":"2024-01-11T23:00:00","guid":{"rendered":"https:\/\/2025.teleskopshop.ch\/shop\/non%20class\u00e9\/nikon-fernglas-10x42-monarch-hg\/"},"modified":"2025-01-25T12:08:43","modified_gmt":"2025-01-25T11:08:43","slug":"nikon-fernglas-10x42-monarch-hg","status":"publish","type":"product","link":"https:\/\/www.teleskopshop.ch\/fr\/shop\/optique\/jumelles-et-lunettes-dopera\/jumelles\/jumelles-nikon\/nikon-fernglas-10x42-monarch-hg\/","title":{"rendered":"Jumelles Nikon 10&#215;42 Monarch HG"},"content":{"rendered":"<p>Le MONARCH HG repr\u00e9sente une clart\u00e9 exceptionnelle et un grand<br \/>\nchamp de vision.<br \/>\nQu&rsquo;il s&rsquo;agisse d&rsquo;observation d&rsquo;oiseaux ou d&rsquo;observation de la faune, vous b\u00e9n\u00e9ficierez<br \/>\navec un grand champ de vision et des performances optiques \u00e9lev\u00e9es<br \/>\nnettet\u00e9 de premi\u00e8re classe sur le bord de l&rsquo;image ? gr\u00e2ce \u00e0 l&rsquo;aplatissement des champs<br \/>\nSyst\u00e8me de lentilles et verre ED (dispersion extra faible).<br \/>\nLe rev\u00eatement miroir multicouche di\u00e9lectrique du prisme et le<br \/>\nle multi-rev\u00eatement de haute qualit\u00e9 assure une excellente luminosit\u00e9,<br \/>\nFid\u00e9lit\u00e9 des couleurs et nettet\u00e9 des d\u00e9tails.<br \/>\nGr\u00e2ce \u00e0 l&rsquo;alliage de magn\u00e9sium, le design mince est compact, l\u00e9ger<br \/>\net robuste. Id\u00e9al pour toutes les activit\u00e9s de plein air ; \u00e9tanche et<br \/>\nsans brouillard.<br \/>\nLes jumelles MONARCH HG offrent une excellente optique.<\/p>\n","protected":false},"excerpt":{"rendered":"<p>Le MONARCH HG repr\u00e9sente une clart\u00e9 exceptionnelle et un grand champ de vision. Qu&rsquo;il s&rsquo;agisse d&rsquo;observation d&rsquo;oiseaux ou d&rsquo;observation de la faune, vous b\u00e9n\u00e9ficierez avec un grand champ de vision et des performances optiques \u00e9lev\u00e9es nettet\u00e9 de premi\u00e8re classe sur le bord de l&rsquo;image ? gr\u00e2ce \u00e0 l&rsquo;aplatissement des champs Syst\u00e8me de lentilles et verre [&hellip;]<\/p>\n","protected":false},"featured_media":11030,"comment_status":"closed","ping_status":"open","template":"","meta":{"_acf_changed":false},"product_brand":[686],"product_cat":[1345,1342,1360,1339],"product_tag":[],"class_list":{"0":"post-57792","1":"product","2":"type-product","3":"status-publish","4":"has-post-thumbnail","6":"product_brand-nikon","7":"product_cat-jumelles","8":"product_cat-jumelles-et-lunettes-dopera","9":"product_cat-jumelles-nikon","10":"product_cat-optique","12":"first","13":"instock","14":"taxable","15":"shipping-taxable","16":"purchasable","17":"product-type-simple"},"acf":[],"_links":{"self":[{"href":"https:\/\/www.teleskopshop.ch\/fr\/wp-json\/wp\/v2\/product\/57792","targetHints":{"allow":["GET"]}}],"collection":[{"href":"https:\/\/www.teleskopshop.ch\/fr\/wp-json\/wp\/v2\/product"}],"about":[{"href":"https:\/\/www.teleskopshop.ch\/fr\/wp-json\/wp\/v2\/types\/product"}],"replies":[{"embeddable":true,"href":"https:\/\/www.teleskopshop.ch\/fr\/wp-json\/wp\/v2\/comments?post=57792"}],"wp:featuredmedia":[{"embeddable":true,"href":"https:\/\/www.teleskopshop.ch\/fr\/wp-json\/wp\/v2\/media\/11030"}],"wp:attachment":[{"href":"https:\/\/www.teleskopshop.ch\/fr\/wp-json\/wp\/v2\/media?parent=57792"}],"wp:term":[{"taxonomy":"product_brand","embeddable":true,"href":"https:\/\/www.teleskopshop.ch\/fr\/wp-json\/wp\/v2\/product_brand?post=57792"},{"taxonomy":"product_cat","embeddable":true,"href":"https:\/\/www.teleskopshop.ch\/fr\/wp-json\/wp\/v2\/product_cat?post=57792"},{"taxonomy":"product_tag","embeddable":true,"href":"https:\/\/www.teleskopshop.ch\/fr\/wp-json\/wp\/v2\/product_tag?post=57792"}],"curies":[{"name":"wp","href":"https:\/\/api.w.org\/{rel}","templated":true}]}}