{"id":57786,"date":"2024-01-12T00:00:00","date_gmt":"2024-01-11T23:00:00","guid":{"rendered":"https:\/\/2025.teleskopshop.ch\/shop\/non%20class\u00e9\/nikon-fernglas-10x25-silver-aculon-a30\/"},"modified":"2025-01-25T12:10:16","modified_gmt":"2025-01-25T11:10:16","slug":"nikon-fernglas-10x25-silver-aculon-a30","status":"publish","type":"product","link":"https:\/\/www.teleskopshop.ch\/fr\/shop\/optique\/jumelles-et-lunettes-dopera\/jumelles\/jumelles-nikon\/nikon-fernglas-10x25-silver-aculon-a30\/","title":{"rendered":"Nikon jumelles 10&#215;25 argent Aculon A30"},"content":{"rendered":"<p>Rev\u00eatement multicouche des lentilles pour une image lumineuse<br \/>\nCompacte et l\u00e9g\u00e8re<br \/>\nRev\u00eatement en caoutchouc pour une manipulation confortable<br \/>\nPlus grande distance de pupille de sortie<br \/>\nOptique \u00e9cologique avec verre sans plomb et sans arsenic<\/p>\n","protected":false},"excerpt":{"rendered":"<p>Rev\u00eatement multicouche des lentilles pour une image lumineuse Compacte et l\u00e9g\u00e8re Rev\u00eatement en caoutchouc pour une manipulation confortable Plus grande distance de pupille de sortie Optique \u00e9cologique avec verre sans plomb et sans arsenic<\/p>\n","protected":false},"featured_media":10774,"comment_status":"closed","ping_status":"open","template":"","meta":{"_acf_changed":false},"product_brand":[686],"product_cat":[1345,1342,1360,1339],"product_tag":[],"class_list":{"0":"post-57786","1":"product","2":"type-product","3":"status-publish","4":"has-post-thumbnail","6":"product_brand-nikon","7":"product_cat-jumelles","8":"product_cat-jumelles-et-lunettes-dopera","9":"product_cat-jumelles-nikon","10":"product_cat-optique","12":"first","13":"instock","14":"taxable","15":"shipping-taxable","16":"purchasable","17":"product-type-simple"},"acf":[],"_links":{"self":[{"href":"https:\/\/www.teleskopshop.ch\/fr\/wp-json\/wp\/v2\/product\/57786","targetHints":{"allow":["GET"]}}],"collection":[{"href":"https:\/\/www.teleskopshop.ch\/fr\/wp-json\/wp\/v2\/product"}],"about":[{"href":"https:\/\/www.teleskopshop.ch\/fr\/wp-json\/wp\/v2\/types\/product"}],"replies":[{"embeddable":true,"href":"https:\/\/www.teleskopshop.ch\/fr\/wp-json\/wp\/v2\/comments?post=57786"}],"wp:featuredmedia":[{"embeddable":true,"href":"https:\/\/www.teleskopshop.ch\/fr\/wp-json\/wp\/v2\/media\/10774"}],"wp:attachment":[{"href":"https:\/\/www.teleskopshop.ch\/fr\/wp-json\/wp\/v2\/media?parent=57786"}],"wp:term":[{"taxonomy":"product_brand","embeddable":true,"href":"https:\/\/www.teleskopshop.ch\/fr\/wp-json\/wp\/v2\/product_brand?post=57786"},{"taxonomy":"product_cat","embeddable":true,"href":"https:\/\/www.teleskopshop.ch\/fr\/wp-json\/wp\/v2\/product_cat?post=57786"},{"taxonomy":"product_tag","embeddable":true,"href":"https:\/\/www.teleskopshop.ch\/fr\/wp-json\/wp\/v2\/product_tag?post=57786"}],"curies":[{"name":"wp","href":"https:\/\/api.w.org\/{rel}","templated":true}]}}