{"id":57773,"date":"2024-01-12T00:00:00","date_gmt":"2024-01-11T23:00:00","guid":{"rendered":"https:\/\/2025.teleskopshop.ch\/shop\/non%20class\u00e9\/nikon-fernglas-10-22x50-aculon-a211\/"},"modified":"2025-01-25T12:10:17","modified_gmt":"2025-01-25T11:10:17","slug":"nikon-fernglas-10-22x50-aculon-a211","status":"publish","type":"product","link":"https:\/\/www.teleskopshop.ch\/fr\/shop\/optique\/jumelles-et-lunettes-dopera\/jumelles\/jumelles-nikon\/nikon-fernglas-10-22x50-aculon-a211\/","title":{"rendered":"Jumelles Nikon 10-22&#215;50 Aculon A211"},"content":{"rendered":"<p>Grand diam\u00e8tre de lentille frontale pour un champ de vision plus lumineux et plus large<br \/>\nLentilles multicouches pour une image lumineuse et nette<br \/>\nLes lentilles oculaires asph\u00e9riques minimisent la distorsion de l&rsquo;image \u00e0 tous les niveaux<br \/>\nsurface de la lentille<br \/>\nLes \u0153illetons en caoutchouc r\u00e9glables simplifient le positionnement du<br \/>\nYeux<br \/>\nL&rsquo;armure en caoutchouc assure une r\u00e9sistance aux chocs et un coffre-fort confortable<br \/>\nmanutention<br \/>\nPeut \u00eatre utilis\u00e9 avec un tr\u00e9pied<\/p>\n","protected":false},"excerpt":{"rendered":"<p>Grand diam\u00e8tre de lentille frontale pour un champ de vision plus lumineux et plus large Lentilles multicouches pour une image lumineuse et nette Les lentilles oculaires asph\u00e9riques minimisent la distorsion de l&rsquo;image \u00e0 tous les niveaux surface de la lentille Les \u0153illetons en caoutchouc r\u00e9glables simplifient le positionnement du Yeux L&rsquo;armure en caoutchouc assure une [&hellip;]<\/p>\n","protected":false},"featured_media":10814,"comment_status":"closed","ping_status":"open","template":"","meta":{"_acf_changed":false},"product_brand":[686],"product_cat":[1345,1342,1360,1339],"product_tag":[],"class_list":{"0":"post-57773","1":"product","2":"type-product","3":"status-publish","4":"has-post-thumbnail","6":"product_brand-nikon","7":"product_cat-jumelles","8":"product_cat-jumelles-et-lunettes-dopera","9":"product_cat-jumelles-nikon","10":"product_cat-optique","12":"first","13":"instock","14":"taxable","15":"shipping-taxable","16":"purchasable","17":"product-type-simple"},"acf":[],"_links":{"self":[{"href":"https:\/\/www.teleskopshop.ch\/fr\/wp-json\/wp\/v2\/product\/57773","targetHints":{"allow":["GET"]}}],"collection":[{"href":"https:\/\/www.teleskopshop.ch\/fr\/wp-json\/wp\/v2\/product"}],"about":[{"href":"https:\/\/www.teleskopshop.ch\/fr\/wp-json\/wp\/v2\/types\/product"}],"replies":[{"embeddable":true,"href":"https:\/\/www.teleskopshop.ch\/fr\/wp-json\/wp\/v2\/comments?post=57773"}],"wp:featuredmedia":[{"embeddable":true,"href":"https:\/\/www.teleskopshop.ch\/fr\/wp-json\/wp\/v2\/media\/10814"}],"wp:attachment":[{"href":"https:\/\/www.teleskopshop.ch\/fr\/wp-json\/wp\/v2\/media?parent=57773"}],"wp:term":[{"taxonomy":"product_brand","embeddable":true,"href":"https:\/\/www.teleskopshop.ch\/fr\/wp-json\/wp\/v2\/product_brand?post=57773"},{"taxonomy":"product_cat","embeddable":true,"href":"https:\/\/www.teleskopshop.ch\/fr\/wp-json\/wp\/v2\/product_cat?post=57773"},{"taxonomy":"product_tag","embeddable":true,"href":"https:\/\/www.teleskopshop.ch\/fr\/wp-json\/wp\/v2\/product_tag?post=57773"}],"curies":[{"name":"wp","href":"https:\/\/api.w.org\/{rel}","templated":true}]}}