{"id":57770,"date":"2024-01-12T00:00:00","date_gmt":"2024-01-11T23:00:00","guid":{"rendered":"https:\/\/2025.teleskopshop.ch\/shop\/non%20class\u00e9\/celestron-skymaster-pro-ed-15x70-porro\/"},"modified":"2025-01-25T12:04:48","modified_gmt":"2025-01-25T11:04:48","slug":"celestron-skymaster-pro-ed-15x70-porro","status":"publish","type":"product","link":"https:\/\/www.teleskopshop.ch\/fr\/shop\/optique\/jumelles-et-lunettes-dopera\/jumelles\/jumelles-celestron\/celestron-skymaster-pro-ed-15x70-porro\/","title":{"rendered":"Celestron SkyMaster Pro ED 15&#215;70 Porro"},"content":{"rendered":"<p>Les l\u00e9gendaires jumelles SkyMaster de Celestron sont mises \u00e0 niveau<br \/>\navec des lentilles ED pour des images de qualit\u00e9 sup\u00e9rieure qui sont pratiquement exemptes de<br \/>\naberration chromatique, avec des couleurs r\u00e9alistes, augment\u00e9e<br \/>\nR\u00e9solution et contraste am\u00e9lior\u00e9<br \/>\nLes grands objectifs de 70 mm offrent une excellente<br \/>\nPouvoir de collecte de lumi\u00e8re &#8211; parfait pour l\u2019astronomie<br \/>\nLes oculaires filet\u00e9s conviennent \u00e0 toutes les applications astronomiques courantes de 1,25 po<br \/>\nFiltre oculaire adapt\u00e9 pour mettre en \u00e9vidence les d\u00e9tails ou r\u00e9duire les effets<br \/>\nde pollution lumineuse.<br \/>\nAugmentez les prismes BaK-4 et les optiques enti\u00e8rement multicouches avec rev\u00eatement XLT<br \/>\nla transmission de la lumi\u00e8re dans le trajet du faisceau pour plus lumineux, plus d\u00e9taill\u00e9<br \/>\ndes photos<br \/>\nLes lentilles d\u2019objectif largement espac\u00e9es de Porro prisme optique<br \/>\nfournir une vision 3D am\u00e9lior\u00e9e<br \/>\nLunettes amicales avec soulagement g\u00e9n\u00e9reux des yeux et rembourr\u00e9es,<br \/>\n\u0152illets rotatifs<br \/>\nBo\u00eetier durable blind\u00e9 en caoutchouc avec une ergonomie am\u00e9lior\u00e9e<br \/>\npour une utilisation confortable sur le terrain<br \/>\nTr\u00e9pied adapt\u00e9 aux s\u00e9ances d\u2019observation prolong\u00e9es<\/p>\n","protected":false},"excerpt":{"rendered":"<p>Les l\u00e9gendaires jumelles SkyMaster de Celestron sont mises \u00e0 niveau avec des lentilles ED pour des images de qualit\u00e9 sup\u00e9rieure qui sont pratiquement exemptes de aberration chromatique, avec des couleurs r\u00e9alistes, augment\u00e9e R\u00e9solution et contraste am\u00e9lior\u00e9 Les grands objectifs de 70 mm offrent une excellente Pouvoir de collecte de lumi\u00e8re &#8211; parfait pour l\u2019astronomie Les [&hellip;]<\/p>\n","protected":false},"featured_media":11218,"comment_status":"closed","ping_status":"open","template":"","meta":{"_acf_changed":false},"product_brand":[674],"product_cat":[1345,1354,1342,1339],"product_tag":[],"class_list":{"0":"post-57770","1":"product","2":"type-product","3":"status-publish","4":"has-post-thumbnail","6":"product_brand-celestron","7":"product_cat-jumelles","8":"product_cat-jumelles-celestron","9":"product_cat-jumelles-et-lunettes-dopera","10":"product_cat-optique","12":"first","13":"instock","14":"taxable","15":"shipping-taxable","16":"purchasable","17":"product-type-simple"},"acf":[],"_links":{"self":[{"href":"https:\/\/www.teleskopshop.ch\/fr\/wp-json\/wp\/v2\/product\/57770","targetHints":{"allow":["GET"]}}],"collection":[{"href":"https:\/\/www.teleskopshop.ch\/fr\/wp-json\/wp\/v2\/product"}],"about":[{"href":"https:\/\/www.teleskopshop.ch\/fr\/wp-json\/wp\/v2\/types\/product"}],"replies":[{"embeddable":true,"href":"https:\/\/www.teleskopshop.ch\/fr\/wp-json\/wp\/v2\/comments?post=57770"}],"wp:featuredmedia":[{"embeddable":true,"href":"https:\/\/www.teleskopshop.ch\/fr\/wp-json\/wp\/v2\/media\/11218"}],"wp:attachment":[{"href":"https:\/\/www.teleskopshop.ch\/fr\/wp-json\/wp\/v2\/media?parent=57770"}],"wp:term":[{"taxonomy":"product_brand","embeddable":true,"href":"https:\/\/www.teleskopshop.ch\/fr\/wp-json\/wp\/v2\/product_brand?post=57770"},{"taxonomy":"product_cat","embeddable":true,"href":"https:\/\/www.teleskopshop.ch\/fr\/wp-json\/wp\/v2\/product_cat?post=57770"},{"taxonomy":"product_tag","embeddable":true,"href":"https:\/\/www.teleskopshop.ch\/fr\/wp-json\/wp\/v2\/product_tag?post=57770"}],"curies":[{"name":"wp","href":"https:\/\/api.w.org\/{rel}","templated":true}]}}