{"id":57767,"date":"2024-01-12T00:00:00","date_gmt":"2024-01-11T23:00:00","guid":{"rendered":"https:\/\/2025.teleskopshop.ch\/shop\/non%20class\u00e9\/canon-fernglas-8-x-20-is\/"},"modified":"2025-01-25T12:08:13","modified_gmt":"2025-01-25T11:08:13","slug":"canon-fernglas-8-x-20-is","status":"publish","type":"product","link":"https:\/\/www.teleskopshop.ch\/fr\/shop\/optique\/jumelles-et-lunettes-dopera\/jumelles\/jumelles-canon\/canon-fernglas-8-x-20-is\/","title":{"rendered":"Jumelles Canon 8&#215;20 IS"},"content":{"rendered":"<p>Avec une excellente nettet\u00e9 et un contraste de premi\u00e8re classe gr\u00e2ce \u00e0 Canon<br \/>\nCes jumelles \u00e0 stabilisation d&rsquo;image offrent des optiques haut de gamme<br \/>\nimage encore. La conception l\u00e9g\u00e8re et la manipulation confortable<br \/>\npermettre une utilisation toute la journ\u00e9e en voyage ou \u00e0 la<br \/>\nObservation de la faune et \u00e9v\u00e9nements sportifs.<br \/>\nLes jumelles compactes p\u00e8sent environ 420 grammes<br \/>\nle plus l\u00e9ger parmi les jumelles Canon et offre avec le 8x<br \/>\nLe grossissement est une excellente performance pour une utilisation quotidienne.<br \/>\nContenu de la livraison : 8x20IS, sac, manuel<\/p>\n","protected":false},"excerpt":{"rendered":"<p>Avec une excellente nettet\u00e9 et un contraste de premi\u00e8re classe gr\u00e2ce \u00e0 Canon Ces jumelles \u00e0 stabilisation d&rsquo;image offrent des optiques haut de gamme image encore. La conception l\u00e9g\u00e8re et la manipulation confortable permettre une utilisation toute la journ\u00e9e en voyage ou \u00e0 la Observation de la faune et \u00e9v\u00e9nements sportifs. Les jumelles compactes p\u00e8sent [&hellip;]<\/p>\n","protected":false},"featured_media":11078,"comment_status":"closed","ping_status":"open","template":"","meta":{"_acf_changed":false},"product_brand":[685],"product_cat":[1345,1351,1342,1339],"product_tag":[],"class_list":{"0":"post-57767","1":"product","2":"type-product","3":"status-publish","4":"has-post-thumbnail","6":"product_brand-canon","7":"product_cat-jumelles","8":"product_cat-jumelles-canon","9":"product_cat-jumelles-et-lunettes-dopera","10":"product_cat-optique","12":"first","13":"instock","14":"taxable","15":"shipping-taxable","16":"purchasable","17":"product-type-simple"},"acf":[],"_links":{"self":[{"href":"https:\/\/www.teleskopshop.ch\/fr\/wp-json\/wp\/v2\/product\/57767","targetHints":{"allow":["GET"]}}],"collection":[{"href":"https:\/\/www.teleskopshop.ch\/fr\/wp-json\/wp\/v2\/product"}],"about":[{"href":"https:\/\/www.teleskopshop.ch\/fr\/wp-json\/wp\/v2\/types\/product"}],"replies":[{"embeddable":true,"href":"https:\/\/www.teleskopshop.ch\/fr\/wp-json\/wp\/v2\/comments?post=57767"}],"wp:featuredmedia":[{"embeddable":true,"href":"https:\/\/www.teleskopshop.ch\/fr\/wp-json\/wp\/v2\/media\/11078"}],"wp:attachment":[{"href":"https:\/\/www.teleskopshop.ch\/fr\/wp-json\/wp\/v2\/media?parent=57767"}],"wp:term":[{"taxonomy":"product_brand","embeddable":true,"href":"https:\/\/www.teleskopshop.ch\/fr\/wp-json\/wp\/v2\/product_brand?post=57767"},{"taxonomy":"product_cat","embeddable":true,"href":"https:\/\/www.teleskopshop.ch\/fr\/wp-json\/wp\/v2\/product_cat?post=57767"},{"taxonomy":"product_tag","embeddable":true,"href":"https:\/\/www.teleskopshop.ch\/fr\/wp-json\/wp\/v2\/product_tag?post=57767"}],"curies":[{"name":"wp","href":"https:\/\/api.w.org\/{rel}","templated":true}]}}