{"id":57764,"date":"2024-01-12T00:00:00","date_gmt":"2024-01-11T23:00:00","guid":{"rendered":"https:\/\/2025.teleskopshop.ch\/shop\/non%20class\u00e9\/canon-fernglas-18-x-50-is-aw\/"},"modified":"2025-01-25T12:10:32","modified_gmt":"2025-01-25T11:10:32","slug":"canon-fernglas-18-x-50-is-aw","status":"publish","type":"product","link":"https:\/\/www.teleskopshop.ch\/fr\/shop\/optique\/jumelles-et-lunettes-dopera\/jumelles\/jumelles-canon\/canon-fernglas-18-x-50-is-aw\/","title":{"rendered":"Jumelles Canon 18&#215;50 IS AW"},"content":{"rendered":"<p>Jumelles toutes saisons hautes performances avec optique de pr\u00e9cision Canon et<br \/>\nstabilisateur d&rsquo;image optique pour des images nettes et stables<br \/>\nles conditions environnementales les plus difficiles ou lorsqu&rsquo;il est utilis\u00e9 en mer.<br \/>\n&#8211; Rapprochez-vous 18 fois du sujet gr\u00e2ce \u00e0 la qualit\u00e9 sup\u00e9rieure de Canon<br \/>\n&#8211; Sp\u00e9cialement con\u00e7u pour une utilisation dans des conditions environnementales difficiles<br \/>\n con\u00e7u<br \/>\n&#8211; Image extr\u00eamement stable avec un grossissement \u00e9lev\u00e9<br \/>\n&#8211; Recherche facile du sujet gr\u00e2ce \u00e0 un angle de vue particuli\u00e8rement large<br \/>\n&#8211; Qualit\u00e9 robuste qui tient confortablement dans la main<\/p>\n","protected":false},"excerpt":{"rendered":"<p>Jumelles toutes saisons hautes performances avec optique de pr\u00e9cision Canon et stabilisateur d&rsquo;image optique pour des images nettes et stables les conditions environnementales les plus difficiles ou lorsqu&rsquo;il est utilis\u00e9 en mer. &#8211; Rapprochez-vous 18 fois du sujet gr\u00e2ce \u00e0 la qualit\u00e9 sup\u00e9rieure de Canon &#8211; Sp\u00e9cialement con\u00e7u pour une utilisation dans des conditions environnementales [&hellip;]<\/p>\n","protected":false},"featured_media":10618,"comment_status":"closed","ping_status":"open","template":"","meta":{"_acf_changed":false},"product_brand":[685],"product_cat":[1345,1351,1342,1339],"product_tag":[],"class_list":{"0":"post-57764","1":"product","2":"type-product","3":"status-publish","4":"has-post-thumbnail","6":"product_brand-canon","7":"product_cat-jumelles","8":"product_cat-jumelles-canon","9":"product_cat-jumelles-et-lunettes-dopera","10":"product_cat-optique","12":"first","13":"instock","14":"taxable","15":"shipping-taxable","16":"purchasable","17":"product-type-simple"},"acf":[],"_links":{"self":[{"href":"https:\/\/www.teleskopshop.ch\/fr\/wp-json\/wp\/v2\/product\/57764","targetHints":{"allow":["GET"]}}],"collection":[{"href":"https:\/\/www.teleskopshop.ch\/fr\/wp-json\/wp\/v2\/product"}],"about":[{"href":"https:\/\/www.teleskopshop.ch\/fr\/wp-json\/wp\/v2\/types\/product"}],"replies":[{"embeddable":true,"href":"https:\/\/www.teleskopshop.ch\/fr\/wp-json\/wp\/v2\/comments?post=57764"}],"wp:featuredmedia":[{"embeddable":true,"href":"https:\/\/www.teleskopshop.ch\/fr\/wp-json\/wp\/v2\/media\/10618"}],"wp:attachment":[{"href":"https:\/\/www.teleskopshop.ch\/fr\/wp-json\/wp\/v2\/media?parent=57764"}],"wp:term":[{"taxonomy":"product_brand","embeddable":true,"href":"https:\/\/www.teleskopshop.ch\/fr\/wp-json\/wp\/v2\/product_brand?post=57764"},{"taxonomy":"product_cat","embeddable":true,"href":"https:\/\/www.teleskopshop.ch\/fr\/wp-json\/wp\/v2\/product_cat?post=57764"},{"taxonomy":"product_tag","embeddable":true,"href":"https:\/\/www.teleskopshop.ch\/fr\/wp-json\/wp\/v2\/product_tag?post=57764"}],"curies":[{"name":"wp","href":"https:\/\/api.w.org\/{rel}","templated":true}]}}