{"id":57761,"date":"2024-01-12T00:00:00","date_gmt":"2024-01-11T23:00:00","guid":{"rendered":"https:\/\/2025.teleskopshop.ch\/shop\/non%20class\u00e9\/canon-fernglas-15-x-50-is-aw\/"},"modified":"2025-01-25T12:10:31","modified_gmt":"2025-01-25T11:10:31","slug":"canon-fernglas-15-x-50-is-aw","status":"publish","type":"product","link":"https:\/\/www.teleskopshop.ch\/fr\/shop\/optique\/jumelles-et-lunettes-dopera\/jumelles\/jumelles-canon\/canon-fernglas-15-x-50-is-aw\/","title":{"rendered":"Jumelles Canon 15&#215;50 IS AW"},"content":{"rendered":"<p>Jumelles tout temps de haute qualit\u00e9 avec grossissement 15x et Canon<br \/>\nOptique de pr\u00e9cision avec stabilisation optique de l&rsquo;image pour des images d&rsquo;une nettet\u00e9 remarquable<br \/>\net des images stables dans les conditions environnementales les plus difficiles ou en cours d&rsquo;utilisation<br \/>\nsur la mer.<br \/>\n&#8211; 15 fois plus pr\u00e8s du sujet avec une qualit\u00e9 Canon de premi\u00e8re classe<br \/>\n&#8211; Sp\u00e9cialement con\u00e7u pour une utilisation dans des conditions environnementales difficiles<br \/>\n con\u00e7u<br \/>\n&#8211; Image extr\u00eamement stable avec un grossissement \u00e9lev\u00e9<br \/>\n&#8211; Recherche facile du sujet gr\u00e2ce au grand angle de vue<br \/>\n&#8211; Qualit\u00e9 robuste qui tient confortablement dans la main<\/p>\n","protected":false},"excerpt":{"rendered":"<p>Jumelles tout temps de haute qualit\u00e9 avec grossissement 15x et Canon Optique de pr\u00e9cision avec stabilisation optique de l&rsquo;image pour des images d&rsquo;une nettet\u00e9 remarquable et des images stables dans les conditions environnementales les plus difficiles ou en cours d&rsquo;utilisation sur la mer. &#8211; 15 fois plus pr\u00e8s du sujet avec une qualit\u00e9 Canon de [&hellip;]<\/p>\n","protected":false},"featured_media":10622,"comment_status":"closed","ping_status":"open","template":"","meta":{"_acf_changed":false},"product_brand":[685],"product_cat":[1345,1351,1342,1339],"product_tag":[],"class_list":{"0":"post-57761","1":"product","2":"type-product","3":"status-publish","4":"has-post-thumbnail","6":"product_brand-canon","7":"product_cat-jumelles","8":"product_cat-jumelles-canon","9":"product_cat-jumelles-et-lunettes-dopera","10":"product_cat-optique","12":"first","13":"instock","14":"taxable","15":"shipping-taxable","16":"purchasable","17":"product-type-simple"},"acf":[],"_links":{"self":[{"href":"https:\/\/www.teleskopshop.ch\/fr\/wp-json\/wp\/v2\/product\/57761","targetHints":{"allow":["GET"]}}],"collection":[{"href":"https:\/\/www.teleskopshop.ch\/fr\/wp-json\/wp\/v2\/product"}],"about":[{"href":"https:\/\/www.teleskopshop.ch\/fr\/wp-json\/wp\/v2\/types\/product"}],"replies":[{"embeddable":true,"href":"https:\/\/www.teleskopshop.ch\/fr\/wp-json\/wp\/v2\/comments?post=57761"}],"wp:featuredmedia":[{"embeddable":true,"href":"https:\/\/www.teleskopshop.ch\/fr\/wp-json\/wp\/v2\/media\/10622"}],"wp:attachment":[{"href":"https:\/\/www.teleskopshop.ch\/fr\/wp-json\/wp\/v2\/media?parent=57761"}],"wp:term":[{"taxonomy":"product_brand","embeddable":true,"href":"https:\/\/www.teleskopshop.ch\/fr\/wp-json\/wp\/v2\/product_brand?post=57761"},{"taxonomy":"product_cat","embeddable":true,"href":"https:\/\/www.teleskopshop.ch\/fr\/wp-json\/wp\/v2\/product_cat?post=57761"},{"taxonomy":"product_tag","embeddable":true,"href":"https:\/\/www.teleskopshop.ch\/fr\/wp-json\/wp\/v2\/product_tag?post=57761"}],"curies":[{"name":"wp","href":"https:\/\/api.w.org\/{rel}","templated":true}]}}