{"id":57758,"date":"2024-01-12T00:00:00","date_gmt":"2024-01-11T23:00:00","guid":{"rendered":"https:\/\/2025.teleskopshop.ch\/shop\/non%20class\u00e9\/canon-fernglas-12x36-is-iii\/"},"modified":"2025-01-25T12:10:03","modified_gmt":"2025-01-25T11:10:03","slug":"canon-fernglas-12x36-is-iii","status":"publish","type":"product","link":"https:\/\/www.teleskopshop.ch\/fr\/shop\/optique\/jumelles-et-lunettes-dopera\/jumelles\/jumelles-canon\/canon-fernglas-12x36-is-iii\/","title":{"rendered":"Jumelles Canon 12&#215;36 IS III"},"content":{"rendered":"<p>Jumelles puissantes et maniables avec grossissement 12x et<br \/>\nstabilisateur d&rsquo;image optique &#8211; id\u00e9al pour l&rsquo;observation des oiseaux, pour<br \/>\n\u00e9v\u00e9nements sportifs et voyages.<br \/>\n&#8211; Jumelles puissantes et maniables avec grossissement 12x<br \/>\n&#8211; Puissant stabilisateur d&rsquo;image optique pour une image extr\u00eamement silencieuse<br \/>\n image encore<br \/>\n&#8211; Optique de pr\u00e9cision Canon pour une haute r\u00e9solution et une reproduction pr\u00e9cise des couleurs<br \/>\n&#8211; Conception bien \u00e9quilibr\u00e9e avec armure en caoutchouc pour plus de durabilit\u00e9 et<br \/>\n Confort<br \/>\n&#8211; Id\u00e9al pour l&rsquo;observation des oiseaux, les \u00e9v\u00e9nements sportifs et les voyages<\/p>\n","protected":false},"excerpt":{"rendered":"<p>Jumelles puissantes et maniables avec grossissement 12x et stabilisateur d&rsquo;image optique &#8211; id\u00e9al pour l&rsquo;observation des oiseaux, pour \u00e9v\u00e9nements sportifs et voyages. &#8211; Jumelles puissantes et maniables avec grossissement 12x &#8211; Puissant stabilisateur d&rsquo;image optique pour une image extr\u00eamement silencieuse image encore &#8211; Optique de pr\u00e9cision Canon pour une haute r\u00e9solution et une reproduction pr\u00e9cise [&hellip;]<\/p>\n","protected":false},"featured_media":10978,"comment_status":"closed","ping_status":"open","template":"","meta":{"_acf_changed":false},"product_brand":[685],"product_cat":[1345,1351,1342,1339],"product_tag":[],"class_list":{"0":"post-57758","1":"product","2":"type-product","3":"status-publish","4":"has-post-thumbnail","6":"product_brand-canon","7":"product_cat-jumelles","8":"product_cat-jumelles-canon","9":"product_cat-jumelles-et-lunettes-dopera","10":"product_cat-optique","12":"first","13":"instock","14":"taxable","15":"shipping-taxable","16":"purchasable","17":"product-type-simple"},"acf":[],"_links":{"self":[{"href":"https:\/\/www.teleskopshop.ch\/fr\/wp-json\/wp\/v2\/product\/57758","targetHints":{"allow":["GET"]}}],"collection":[{"href":"https:\/\/www.teleskopshop.ch\/fr\/wp-json\/wp\/v2\/product"}],"about":[{"href":"https:\/\/www.teleskopshop.ch\/fr\/wp-json\/wp\/v2\/types\/product"}],"replies":[{"embeddable":true,"href":"https:\/\/www.teleskopshop.ch\/fr\/wp-json\/wp\/v2\/comments?post=57758"}],"wp:featuredmedia":[{"embeddable":true,"href":"https:\/\/www.teleskopshop.ch\/fr\/wp-json\/wp\/v2\/media\/10978"}],"wp:attachment":[{"href":"https:\/\/www.teleskopshop.ch\/fr\/wp-json\/wp\/v2\/media?parent=57758"}],"wp:term":[{"taxonomy":"product_brand","embeddable":true,"href":"https:\/\/www.teleskopshop.ch\/fr\/wp-json\/wp\/v2\/product_brand?post=57758"},{"taxonomy":"product_cat","embeddable":true,"href":"https:\/\/www.teleskopshop.ch\/fr\/wp-json\/wp\/v2\/product_cat?post=57758"},{"taxonomy":"product_tag","embeddable":true,"href":"https:\/\/www.teleskopshop.ch\/fr\/wp-json\/wp\/v2\/product_tag?post=57758"}],"curies":[{"name":"wp","href":"https:\/\/api.w.org\/{rel}","templated":true}]}}