{"id":57752,"date":"2024-01-12T00:00:00","date_gmt":"2024-01-11T23:00:00","guid":{"rendered":"https:\/\/2025.teleskopshop.ch\/shop\/non%20class\u00e9\/canon-fernglas-10x42l-is-wp\/"},"modified":"2025-01-25T12:10:31","modified_gmt":"2025-01-25T11:10:31","slug":"canon-fernglas-10x42l-is-wp","status":"publish","type":"product","link":"https:\/\/www.teleskopshop.ch\/fr\/shop\/optique\/jumelles-et-lunettes-dopera\/jumelles\/jumelles-canon\/canon-fernglas-10x42l-is-wp\/","title":{"rendered":"Jumelles Canon 10x42L IS WP"},"content":{"rendered":"<p>Les jumelles premium \u00e9tanches avec grossissement 10x offrent<br \/>\nl&rsquo;optique sup\u00e9rieure \u00e0 grande vitesse de la s\u00e9rie Canon L et une optique<br \/>\nStabilisateur d&rsquo;image et aide m\u00eame dans les conditions les plus extr\u00eames<br \/>\nconditions m\u00e9t\u00e9orologiques \u00e0 une image calme et immobile.<br \/>\n&#8211; Jumelles lumineuses avec grossissement 10x et optique premium<br \/>\n des objectifs de la s\u00e9rie L<br \/>\n&#8211; Imperm\u00e9able et durable pour les conditions m\u00e9t\u00e9orologiques extr\u00eames<br \/>\n&#8211; Stabilisateur d&rsquo;image pour un gel d&rsquo;image stable<br \/>\n&#8211; Pupille de sortie extra large de 4,2 mm pour une image lumineuse<br \/>\n&#8211; Pupille de sortie tr\u00e8s en arri\u00e8re (16 mm) pour une<br \/>\n confort visuel<\/p>\n","protected":false},"excerpt":{"rendered":"<p>Les jumelles premium \u00e9tanches avec grossissement 10x offrent l&rsquo;optique sup\u00e9rieure \u00e0 grande vitesse de la s\u00e9rie Canon L et une optique Stabilisateur d&rsquo;image et aide m\u00eame dans les conditions les plus extr\u00eames conditions m\u00e9t\u00e9orologiques \u00e0 une image calme et immobile. &#8211; Jumelles lumineuses avec grossissement 10x et optique premium des objectifs de la s\u00e9rie L [&hellip;]<\/p>\n","protected":false},"featured_media":10626,"comment_status":"closed","ping_status":"open","template":"","meta":{"_acf_changed":false},"product_brand":[685],"product_cat":[1345,1351,1342,1339],"product_tag":[],"class_list":{"0":"post-57752","1":"product","2":"type-product","3":"status-publish","4":"has-post-thumbnail","6":"product_brand-canon","7":"product_cat-jumelles","8":"product_cat-jumelles-canon","9":"product_cat-jumelles-et-lunettes-dopera","10":"product_cat-optique","12":"first","13":"instock","14":"taxable","15":"shipping-taxable","16":"purchasable","17":"product-type-simple"},"acf":[],"_links":{"self":[{"href":"https:\/\/www.teleskopshop.ch\/fr\/wp-json\/wp\/v2\/product\/57752","targetHints":{"allow":["GET"]}}],"collection":[{"href":"https:\/\/www.teleskopshop.ch\/fr\/wp-json\/wp\/v2\/product"}],"about":[{"href":"https:\/\/www.teleskopshop.ch\/fr\/wp-json\/wp\/v2\/types\/product"}],"replies":[{"embeddable":true,"href":"https:\/\/www.teleskopshop.ch\/fr\/wp-json\/wp\/v2\/comments?post=57752"}],"wp:featuredmedia":[{"embeddable":true,"href":"https:\/\/www.teleskopshop.ch\/fr\/wp-json\/wp\/v2\/media\/10626"}],"wp:attachment":[{"href":"https:\/\/www.teleskopshop.ch\/fr\/wp-json\/wp\/v2\/media?parent=57752"}],"wp:term":[{"taxonomy":"product_brand","embeddable":true,"href":"https:\/\/www.teleskopshop.ch\/fr\/wp-json\/wp\/v2\/product_brand?post=57752"},{"taxonomy":"product_cat","embeddable":true,"href":"https:\/\/www.teleskopshop.ch\/fr\/wp-json\/wp\/v2\/product_cat?post=57752"},{"taxonomy":"product_tag","embeddable":true,"href":"https:\/\/www.teleskopshop.ch\/fr\/wp-json\/wp\/v2\/product_tag?post=57752"}],"curies":[{"name":"wp","href":"https:\/\/api.w.org\/{rel}","templated":true}]}}