{"id":57743,"date":"2024-01-12T00:00:00","date_gmt":"2024-01-11T23:00:00","guid":{"rendered":"https:\/\/2025.teleskopshop.ch\/shop\/non%20class\u00e9\/canon-fernglas-10-x-20-is\/"},"modified":"2025-01-25T12:08:15","modified_gmt":"2025-01-25T11:08:15","slug":"canon-fernglas-10-x-20-is","status":"publish","type":"product","link":"https:\/\/www.teleskopshop.ch\/fr\/shop\/optique\/jumelles-et-lunettes-dopera\/jumelles\/jumelles-canon\/canon-fernglas-10-x-20-is\/","title":{"rendered":"Jumelles Canon 10&#215;20 IS"},"content":{"rendered":"<p>Ces jumelles avec grossissement 10x et stabilisation d&rsquo;image garantissent<br \/>\npour une image absolument immobile ? et cela avec un design l\u00e9ger et<br \/>\nune prise en main confortable. Avec son optique de premi\u00e8re classe, il est<br \/>\nid\u00e9al pour les voyages, l&rsquo;observation de la faune et<br \/>\nDes \u00e9v\u00e9nements sportifs o\u00f9 des images claires et nettes sont essentielles.<br \/>\nLes jumelles compactes p\u00e8sent environ 430 grammes<br \/>\nparticuli\u00e8rement l\u00e9ger et donc id\u00e9al pour les voyages et l&rsquo;observation<br \/>\nde la faune ou des \u00e9v\u00e9nements sportifs, en le prenant par 10 fois<br \/>\nle grossissement fonctionne parfaitement.<br \/>\nContenu de la livraison : 10x20IS, sac, manuel<\/p>\n","protected":false},"excerpt":{"rendered":"<p>Ces jumelles avec grossissement 10x et stabilisation d&rsquo;image garantissent pour une image absolument immobile ? et cela avec un design l\u00e9ger et une prise en main confortable. Avec son optique de premi\u00e8re classe, il est id\u00e9al pour les voyages, l&rsquo;observation de la faune et Des \u00e9v\u00e9nements sportifs o\u00f9 des images claires et nettes sont essentielles. [&hellip;]<\/p>\n","protected":false},"featured_media":11082,"comment_status":"closed","ping_status":"open","template":"","meta":{"_acf_changed":false},"product_brand":[685],"product_cat":[1345,1351,1342,1339],"product_tag":[],"class_list":{"0":"post-57743","1":"product","2":"type-product","3":"status-publish","4":"has-post-thumbnail","6":"product_brand-canon","7":"product_cat-jumelles","8":"product_cat-jumelles-canon","9":"product_cat-jumelles-et-lunettes-dopera","10":"product_cat-optique","12":"first","13":"instock","14":"taxable","15":"shipping-taxable","16":"purchasable","17":"product-type-simple"},"acf":[],"_links":{"self":[{"href":"https:\/\/www.teleskopshop.ch\/fr\/wp-json\/wp\/v2\/product\/57743","targetHints":{"allow":["GET"]}}],"collection":[{"href":"https:\/\/www.teleskopshop.ch\/fr\/wp-json\/wp\/v2\/product"}],"about":[{"href":"https:\/\/www.teleskopshop.ch\/fr\/wp-json\/wp\/v2\/types\/product"}],"replies":[{"embeddable":true,"href":"https:\/\/www.teleskopshop.ch\/fr\/wp-json\/wp\/v2\/comments?post=57743"}],"wp:featuredmedia":[{"embeddable":true,"href":"https:\/\/www.teleskopshop.ch\/fr\/wp-json\/wp\/v2\/media\/11082"}],"wp:attachment":[{"href":"https:\/\/www.teleskopshop.ch\/fr\/wp-json\/wp\/v2\/media?parent=57743"}],"wp:term":[{"taxonomy":"product_brand","embeddable":true,"href":"https:\/\/www.teleskopshop.ch\/fr\/wp-json\/wp\/v2\/product_brand?post=57743"},{"taxonomy":"product_cat","embeddable":true,"href":"https:\/\/www.teleskopshop.ch\/fr\/wp-json\/wp\/v2\/product_cat?post=57743"},{"taxonomy":"product_tag","embeddable":true,"href":"https:\/\/www.teleskopshop.ch\/fr\/wp-json\/wp\/v2\/product_tag?post=57743"}],"curies":[{"name":"wp","href":"https:\/\/api.w.org\/{rel}","templated":true}]}}