{"id":57722,"date":"2024-01-18T00:00:00","date_gmt":"2024-01-17T23:00:00","guid":{"rendered":"https:\/\/2025.teleskopshop.ch\/shop\/non%20class\u00e9\/celestron-polhoehenwiege-f-nexevolution\/"},"modified":"2025-01-25T12:10:48","modified_gmt":"2025-01-25T11:10:48","slug":"celestron-polhoehenwiege-f-nexevolution","status":"publish","type":"product","link":"https:\/\/www.teleskopshop.ch\/fr\/shop\/montures\/accessoires\/celestron-polhoehenwiege-f-nexevolution\/","title":{"rendered":"Cale Celestron pour Nex+Evolution"},"content":{"rendered":"<p>Cale pour NexStar Evolution 6\/8\/9 &amp; SE 6\/8.<br \/>\nCoin \u00e9quatorial pour Celestron azimutal NexStar 6\/8 SE et Evolution<br \/>\n08\/06\/925 T\u00e9lescopes Goto EVO.<br \/>\nPermet de longs temps d&rsquo;exposition en astrophotographie : Le<br \/>\nL&rsquo;axe d&rsquo;azimut de la monture est inclin\u00e9 de sorte qu&rsquo;il ressemble \u00e0 un<br \/>\nla monture \u00e9quatoriale est suivie.<br \/>\nPour les astrophotographes d\u00e9butants et confirm\u00e9s (ciel profond et<br \/>\nphotographie plan\u00e9taire).<br \/>\nUtilisation sans outils, facile \u00e0 r\u00e9gler m\u00eame sous charge<br \/>\nConception moderne, stable et transportable.<br \/>\nR\u00e9glage de la latitude robuste avec \u00e9chelle facile \u00e0 lire et<br \/>\nlibellule int\u00e9gr\u00e9e.<\/p>\n","protected":false},"excerpt":{"rendered":"<p>Cale pour NexStar Evolution 6\/8\/9 &amp; SE 6\/8. Coin \u00e9quatorial pour Celestron azimutal NexStar 6\/8 SE et Evolution 08\/06\/925 T\u00e9lescopes Goto EVO. Permet de longs temps d&rsquo;exposition en astrophotographie : Le L&rsquo;axe d&rsquo;azimut de la monture est inclin\u00e9 de sorte qu&rsquo;il ressemble \u00e0 un la monture \u00e9quatoriale est suivie. Pour les astrophotographes d\u00e9butants et confirm\u00e9s [&hellip;]<\/p>\n","protected":false},"featured_media":11250,"comment_status":"closed","ping_status":"open","template":"","meta":{"_acf_changed":false},"product_brand":[674],"product_cat":[1315,1279],"product_tag":[],"class_list":{"0":"post-57722","1":"product","2":"type-product","3":"status-publish","4":"has-post-thumbnail","6":"product_brand-celestron","7":"product_cat-accessoires","8":"product_cat-montures","10":"first","11":"instock","12":"taxable","13":"shipping-taxable","14":"purchasable","15":"product-type-simple"},"acf":[],"_links":{"self":[{"href":"https:\/\/www.teleskopshop.ch\/fr\/wp-json\/wp\/v2\/product\/57722","targetHints":{"allow":["GET"]}}],"collection":[{"href":"https:\/\/www.teleskopshop.ch\/fr\/wp-json\/wp\/v2\/product"}],"about":[{"href":"https:\/\/www.teleskopshop.ch\/fr\/wp-json\/wp\/v2\/types\/product"}],"replies":[{"embeddable":true,"href":"https:\/\/www.teleskopshop.ch\/fr\/wp-json\/wp\/v2\/comments?post=57722"}],"wp:featuredmedia":[{"embeddable":true,"href":"https:\/\/www.teleskopshop.ch\/fr\/wp-json\/wp\/v2\/media\/11250"}],"wp:attachment":[{"href":"https:\/\/www.teleskopshop.ch\/fr\/wp-json\/wp\/v2\/media?parent=57722"}],"wp:term":[{"taxonomy":"product_brand","embeddable":true,"href":"https:\/\/www.teleskopshop.ch\/fr\/wp-json\/wp\/v2\/product_brand?post=57722"},{"taxonomy":"product_cat","embeddable":true,"href":"https:\/\/www.teleskopshop.ch\/fr\/wp-json\/wp\/v2\/product_cat?post=57722"},{"taxonomy":"product_tag","embeddable":true,"href":"https:\/\/www.teleskopshop.ch\/fr\/wp-json\/wp\/v2\/product_tag?post=57722"}],"curies":[{"name":"wp","href":"https:\/\/api.w.org\/{rel}","templated":true}]}}