{"id":57719,"date":"2024-01-18T00:00:00","date_gmt":"2024-01-17T23:00:00","guid":{"rendered":"https:\/\/2025.teleskopshop.ch\/shop\/non%20class\u00e9\/celestron-polhoehenwiege-hd-pro\/"},"modified":"2025-04-22T13:40:57","modified_gmt":"2025-04-22T11:40:57","slug":"celestron-polhoehenwiege-hd-pro","status":"publish","type":"product","link":"https:\/\/www.teleskopshop.ch\/fr\/shop\/montures\/accessoires\/celestron-polhoehenwiege-hd-pro\/","title":{"rendered":"Celestron Polh\u00f6henwiege HD Pro"},"content":{"rendered":"<p>Wedge Heavy Duty HD Pro<br \/>\nDiese massive Polh\u00f6henwiege passt zu allen CPC-Teleskopen sowie dem<br \/>\nEvolution 925 welches \u00fcber das gro\u00dfe Stativ der CPC Teleskope verf\u00fcgt.<br \/>\nSie macht aus den beliebten gabelmontierten Teleskopen mobile<br \/>\nPlattformen f\u00fcr die Astrofotografie.<br \/>\nDie CPC Teleskope sowie das NexStar Evolution 925&quot; sind f\u00fcr die<br \/>\nAstrofofotografie mit l\u00e4ngeren Belichtungszeiten generell geeignet. Im<br \/>\nazimutalen Modus erfolgt die Nachf\u00fchrung durch Bewegung in beiden<br \/>\nAchsen was f\u00fcr die visuelle Beobachtung kein Problem ist. Allerdings<br \/>\nmacht sich  bei der Astrofotografie schon nach einer Minute<br \/>\nBelichtungszeit  eine Bildfelddrehung bemerkbar welche die Sterne<br \/>\nzun\u00e4chst am Bildfeldrand zu Strichen verzieht.<br \/>\nDie Polh\u00f6henwiege beseitigt dieses Problem. Sie richtet die<br \/>\nAzimutachse des Teleskops auf den Himmelspol aus, die Nachf\u00fchrung kann<br \/>\ndadurch nur mit Azimutmotor erfolgen (daf\u00fcr gibt es eine<br \/>\nEinstellungsm\u00f6glichkeit im Handcontroller) soda\u00df die Bildfelddrehung<br \/>\nentf\u00e4llt. Die Wedge ist weltweit nutzbar, der Neigewinkel ist dank der<br \/>\nSkala zun\u00e4chst grob einzustellen und mittels der Feinjustageschrauben<br \/>\nmit gro\u00dfen Verstellkn\u00f6pfen ganz leicht und exakt per Hand fein<br \/>\njustierbar.<br \/>\nDas Teleskop l\u00e4sst sich von einer Person einfach auf die Wege<br \/>\nmontieren indem man es zun\u00e4chst mit einer Schraube an der Basis<br \/>\nversieht und es mit dieser Schraube in die Wege einh\u00e4ngt. Danach<br \/>\nwerden die beiden anderen Schrauben eingesetzt und mit einem<br \/>\nImbusschl\u00fcssel fest angezogen.<\/p>\n","protected":false},"excerpt":{"rendered":"<p>Vielen Dank f\u00fcr Ihren Besuch bei Teleskopshop.ch. <\/p>\n<p>Es freut uns, Ihnen das Produkt <b>Celestron Polh\u00f6henwiege HD Pro<\/b> zu den nachfolgenden Konditionen anbieten zu d\u00fcrfen.<\/p>\n","protected":false},"featured_media":11246,"comment_status":"closed","ping_status":"closed","template":"","meta":{"_acf_changed":false},"product_brand":[674],"product_cat":[1315,1279],"product_tag":[],"class_list":{"0":"post-57719","1":"product","2":"type-product","3":"status-publish","4":"has-post-thumbnail","6":"product_brand-celestron","7":"product_cat-accessoires","8":"product_cat-montures","10":"first","11":"instock","12":"sale","13":"taxable","14":"shipping-taxable","15":"purchasable","16":"product-type-simple"},"acf":[],"_links":{"self":[{"href":"https:\/\/www.teleskopshop.ch\/fr\/wp-json\/wp\/v2\/product\/57719","targetHints":{"allow":["GET"]}}],"collection":[{"href":"https:\/\/www.teleskopshop.ch\/fr\/wp-json\/wp\/v2\/product"}],"about":[{"href":"https:\/\/www.teleskopshop.ch\/fr\/wp-json\/wp\/v2\/types\/product"}],"replies":[{"embeddable":true,"href":"https:\/\/www.teleskopshop.ch\/fr\/wp-json\/wp\/v2\/comments?post=57719"}],"wp:featuredmedia":[{"embeddable":true,"href":"https:\/\/www.teleskopshop.ch\/fr\/wp-json\/wp\/v2\/media\/11246"}],"wp:attachment":[{"href":"https:\/\/www.teleskopshop.ch\/fr\/wp-json\/wp\/v2\/media?parent=57719"}],"wp:term":[{"taxonomy":"product_brand","embeddable":true,"href":"https:\/\/www.teleskopshop.ch\/fr\/wp-json\/wp\/v2\/product_brand?post=57719"},{"taxonomy":"product_cat","embeddable":true,"href":"https:\/\/www.teleskopshop.ch\/fr\/wp-json\/wp\/v2\/product_cat?post=57719"},{"taxonomy":"product_tag","embeddable":true,"href":"https:\/\/www.teleskopshop.ch\/fr\/wp-json\/wp\/v2\/product_tag?post=57719"}],"curies":[{"name":"wp","href":"https:\/\/api.w.org\/{rel}","templated":true}]}}