{"id":57713,"date":"2024-01-23T00:00:00","date_gmt":"2024-01-22T23:00:00","guid":{"rendered":"https:\/\/2025.teleskopshop.ch\/shop\/non%20class\u00e9\/celestron-starsense-autoalign\/"},"modified":"2025-01-25T12:10:40","modified_gmt":"2025-01-25T11:10:40","slug":"celestron-starsense-autoalign","status":"publish","type":"product","link":"https:\/\/www.teleskopshop.ch\/fr\/shop\/astronomie-accessoires-fr\/computer-hardware-pour-telescopes-fr\/celestron-starsense-autoalign\/","title":{"rendered":"Alignement automatique StarSense de Celestron"},"content":{"rendered":"<p>Les t\u00e9lescopes \u00e9quip\u00e9s du module StarSense effectuent l&rsquo;alignement<br \/>\nenti\u00e8rement automatiquement. Voici comment devenir vous-m\u00eame en trois minutes<br \/>\n\u00e0 l&rsquo;astronome &#8211; m\u00eame si vous n&rsquo;avez jamais utilis\u00e9 de t\u00e9lescope auparavant.<br \/>\nT\u00e9lescopes compatibles :<br \/>\nNexStar SE, NexStar Evolution, NexStar SLT, CPC\/CPC DX, CGE\/CGE Pro,<br \/>\nCGEM\/CGEM DX\/CGEMII, CGX\/CGX-L, Advanced VX.<br \/>\nPeut \u00eatre utilis\u00e9 avec le r\u00e9partiteur AUX 93919&nbsp;:<br \/>\nLCM, GT avanc\u00e9<\/p>\n","protected":false},"excerpt":{"rendered":"<p>Les t\u00e9lescopes \u00e9quip\u00e9s du module StarSense effectuent l&rsquo;alignement enti\u00e8rement automatiquement. Voici comment devenir vous-m\u00eame en trois minutes \u00e0 l&rsquo;astronome &#8211; m\u00eame si vous n&rsquo;avez jamais utilis\u00e9 de t\u00e9lescope auparavant. T\u00e9lescopes compatibles : NexStar SE, NexStar Evolution, NexStar SLT, CPC\/CPC DX, CGE\/CGE Pro, CGEM\/CGEM DX\/CGEMII, CGX\/CGX-L, Advanced VX. Peut \u00eatre utilis\u00e9 avec le r\u00e9partiteur AUX 93919&nbsp;: [&hellip;]<\/p>\n","protected":false},"featured_media":11338,"comment_status":"closed","ping_status":"open","template":"","meta":{"_acf_changed":false},"product_brand":[674],"product_cat":[1654,1721],"product_tag":[],"class_list":{"0":"post-57713","1":"product","2":"type-product","3":"status-publish","4":"has-post-thumbnail","6":"product_brand-celestron","7":"product_cat-astronomie-accessoires-fr","8":"product_cat-computer-hardware-pour-telescopes-fr","10":"first","11":"instock","12":"taxable","13":"shipping-taxable","14":"purchasable","15":"product-type-simple"},"acf":[],"_links":{"self":[{"href":"https:\/\/www.teleskopshop.ch\/fr\/wp-json\/wp\/v2\/product\/57713","targetHints":{"allow":["GET"]}}],"collection":[{"href":"https:\/\/www.teleskopshop.ch\/fr\/wp-json\/wp\/v2\/product"}],"about":[{"href":"https:\/\/www.teleskopshop.ch\/fr\/wp-json\/wp\/v2\/types\/product"}],"replies":[{"embeddable":true,"href":"https:\/\/www.teleskopshop.ch\/fr\/wp-json\/wp\/v2\/comments?post=57713"}],"wp:featuredmedia":[{"embeddable":true,"href":"https:\/\/www.teleskopshop.ch\/fr\/wp-json\/wp\/v2\/media\/11338"}],"wp:attachment":[{"href":"https:\/\/www.teleskopshop.ch\/fr\/wp-json\/wp\/v2\/media?parent=57713"}],"wp:term":[{"taxonomy":"product_brand","embeddable":true,"href":"https:\/\/www.teleskopshop.ch\/fr\/wp-json\/wp\/v2\/product_brand?post=57713"},{"taxonomy":"product_cat","embeddable":true,"href":"https:\/\/www.teleskopshop.ch\/fr\/wp-json\/wp\/v2\/product_cat?post=57713"},{"taxonomy":"product_tag","embeddable":true,"href":"https:\/\/www.teleskopshop.ch\/fr\/wp-json\/wp\/v2\/product_tag?post=57713"}],"curies":[{"name":"wp","href":"https:\/\/api.w.org\/{rel}","templated":true}]}}