{"id":57701,"date":"2024-01-23T00:00:00","date_gmt":"2024-01-22T23:00:00","guid":{"rendered":"https:\/\/2025.teleskopshop.ch\/shop\/non%20class\u00e9\/celestron-trailseeker-ed-8x32\/"},"modified":"2025-01-25T12:10:38","modified_gmt":"2025-01-25T11:10:38","slug":"celestron-trailseeker-ed-8x32","status":"publish","type":"product","link":"https:\/\/www.teleskopshop.ch\/fr\/shop\/optique\/jumelles-et-lunettes-dopera\/jumelles\/jumelles-celestron\/celestron-trailseeker-ed-8x32\/","title":{"rendered":"Celestron TrailSeeker ED 8&#215;32"},"content":{"rendered":"<p>Prismes BaK-4 avec rev\u00eatements de phase et di\u00e9lectriques&nbsp;: augmentation<br \/>\nTransmission de la lumi\u00e8re \u00e0 travers le syst\u00e8me de prisme pour des images plus lumineuses.<br \/>\nContraste et r\u00e9solution accrus.<br \/>\nCorps en alliage de magn\u00e9sium : cadre l\u00e9ger et durable qui est un<br \/>\nDure toute une vie et permet une utilisation sur le terrain.<br \/>\nMise au point rapproch\u00e9e \u00e0 2&nbsp;m&nbsp;: observation d\u00e9taill\u00e9e du sujet en gros plan<br \/>\nOptique enti\u00e8rement multicouche : offre une nettet\u00e9,<br \/>\ndes images \u00e0 contraste \u00e9lev\u00e9 avec une reproduction pr\u00e9cise des couleurs.<br \/>\nLarge champ de vision.<br \/>\n\u0152illetons Twist-Up Multi-Stop en m\u00e9tal&nbsp;: durables<br \/>\n\u0152illetons avec plusieurs but\u00e9es pour un positionnement correct.<br \/>\nConnexion pour adaptateur de tr\u00e9pied<\/p>\n","protected":false},"excerpt":{"rendered":"<p>Prismes BaK-4 avec rev\u00eatements de phase et di\u00e9lectriques&nbsp;: augmentation Transmission de la lumi\u00e8re \u00e0 travers le syst\u00e8me de prisme pour des images plus lumineuses. Contraste et r\u00e9solution accrus. Corps en alliage de magn\u00e9sium : cadre l\u00e9ger et durable qui est un Dure toute une vie et permet une utilisation sur le terrain. Mise au point [&hellip;]<\/p>\n","protected":false},"featured_media":11350,"comment_status":"closed","ping_status":"open","template":"","meta":{"_acf_changed":false},"product_brand":[674],"product_cat":[1345,1354,1342,1339],"product_tag":[],"class_list":{"0":"post-57701","1":"product","2":"type-product","3":"status-publish","4":"has-post-thumbnail","6":"product_brand-celestron","7":"product_cat-jumelles","8":"product_cat-jumelles-celestron","9":"product_cat-jumelles-et-lunettes-dopera","10":"product_cat-optique","12":"first","13":"instock","14":"taxable","15":"shipping-taxable","16":"purchasable","17":"product-type-simple"},"acf":[],"_links":{"self":[{"href":"https:\/\/www.teleskopshop.ch\/fr\/wp-json\/wp\/v2\/product\/57701","targetHints":{"allow":["GET"]}}],"collection":[{"href":"https:\/\/www.teleskopshop.ch\/fr\/wp-json\/wp\/v2\/product"}],"about":[{"href":"https:\/\/www.teleskopshop.ch\/fr\/wp-json\/wp\/v2\/types\/product"}],"replies":[{"embeddable":true,"href":"https:\/\/www.teleskopshop.ch\/fr\/wp-json\/wp\/v2\/comments?post=57701"}],"wp:featuredmedia":[{"embeddable":true,"href":"https:\/\/www.teleskopshop.ch\/fr\/wp-json\/wp\/v2\/media\/11350"}],"wp:attachment":[{"href":"https:\/\/www.teleskopshop.ch\/fr\/wp-json\/wp\/v2\/media?parent=57701"}],"wp:term":[{"taxonomy":"product_brand","embeddable":true,"href":"https:\/\/www.teleskopshop.ch\/fr\/wp-json\/wp\/v2\/product_brand?post=57701"},{"taxonomy":"product_cat","embeddable":true,"href":"https:\/\/www.teleskopshop.ch\/fr\/wp-json\/wp\/v2\/product_cat?post=57701"},{"taxonomy":"product_tag","embeddable":true,"href":"https:\/\/www.teleskopshop.ch\/fr\/wp-json\/wp\/v2\/product_tag?post=57701"}],"curies":[{"name":"wp","href":"https:\/\/api.w.org\/{rel}","templated":true}]}}