{"id":57691,"date":"2024-01-23T00:00:00","date_gmt":"2024-01-22T23:00:00","guid":{"rendered":"https:\/\/2025.teleskopshop.ch\/shop\/non%20class\u00e9\/celestron-trailseeker-8x32\/"},"modified":"2025-01-25T12:10:41","modified_gmt":"2025-01-25T11:10:41","slug":"celestron-trailseeker-8x32","status":"publish","type":"product","link":"https:\/\/www.teleskopshop.ch\/fr\/shop\/optique\/jumelles-et-lunettes-dopera\/jumelles\/jumelles-celestron\/celestron-trailseeker-8x32\/","title":{"rendered":"Celestron Trailseeker 8&#215;32"},"content":{"rendered":"<p>Robuste, compact et avec des performances parfaites.<br \/>\noffrent des performances optiques de haut niveau, id\u00e9ales pour les exigences<br \/>\nAmoureux des oiseaux et de la nature. Les jumelles ont un tr\u00e8s bon<br \/>\nRapport qualit\u00e9 prix. Ils sont imperm\u00e9ables \u00e0 l\u2019eau et remplis d\u2019azote,<br \/>\navec optique enti\u00e8rement multicouche pour une image lumineuse et nette<br \/>\net un large champ de vision.<\/p>\n","protected":false},"excerpt":{"rendered":"<p>Robuste, compact et avec des performances parfaites. offrent des performances optiques de haut niveau, id\u00e9ales pour les exigences Amoureux des oiseaux et de la nature. Les jumelles ont un tr\u00e8s bon Rapport qualit\u00e9 prix. Ils sont imperm\u00e9ables \u00e0 l\u2019eau et remplis d\u2019azote, avec optique enti\u00e8rement multicouche pour une image lumineuse et nette et un large [&hellip;]<\/p>\n","protected":false},"featured_media":11322,"comment_status":"closed","ping_status":"open","template":"","meta":{"_acf_changed":false},"product_brand":[674],"product_cat":[1345,1354,1342,1339],"product_tag":[],"class_list":{"0":"post-57691","1":"product","2":"type-product","3":"status-publish","4":"has-post-thumbnail","6":"product_brand-celestron","7":"product_cat-jumelles","8":"product_cat-jumelles-celestron","9":"product_cat-jumelles-et-lunettes-dopera","10":"product_cat-optique","12":"first","13":"instock","14":"taxable","15":"shipping-taxable","16":"purchasable","17":"product-type-simple"},"acf":[],"_links":{"self":[{"href":"https:\/\/www.teleskopshop.ch\/fr\/wp-json\/wp\/v2\/product\/57691","targetHints":{"allow":["GET"]}}],"collection":[{"href":"https:\/\/www.teleskopshop.ch\/fr\/wp-json\/wp\/v2\/product"}],"about":[{"href":"https:\/\/www.teleskopshop.ch\/fr\/wp-json\/wp\/v2\/types\/product"}],"replies":[{"embeddable":true,"href":"https:\/\/www.teleskopshop.ch\/fr\/wp-json\/wp\/v2\/comments?post=57691"}],"wp:featuredmedia":[{"embeddable":true,"href":"https:\/\/www.teleskopshop.ch\/fr\/wp-json\/wp\/v2\/media\/11322"}],"wp:attachment":[{"href":"https:\/\/www.teleskopshop.ch\/fr\/wp-json\/wp\/v2\/media?parent=57691"}],"wp:term":[{"taxonomy":"product_brand","embeddable":true,"href":"https:\/\/www.teleskopshop.ch\/fr\/wp-json\/wp\/v2\/product_brand?post=57691"},{"taxonomy":"product_cat","embeddable":true,"href":"https:\/\/www.teleskopshop.ch\/fr\/wp-json\/wp\/v2\/product_cat?post=57691"},{"taxonomy":"product_tag","embeddable":true,"href":"https:\/\/www.teleskopshop.ch\/fr\/wp-json\/wp\/v2\/product_tag?post=57691"}],"curies":[{"name":"wp","href":"https:\/\/api.w.org\/{rel}","templated":true}]}}