{"id":57688,"date":"2024-01-23T00:00:00","date_gmt":"2024-01-22T23:00:00","guid":{"rendered":"https:\/\/2025.teleskopshop.ch\/shop\/non%20class\u00e9\/celestron-trailseeker-10x42\/"},"modified":"2025-01-25T12:10:42","modified_gmt":"2025-01-25T11:10:42","slug":"celestron-trailseeker-10x42","status":"publish","type":"product","link":"https:\/\/www.teleskopshop.ch\/fr\/shop\/optique\/jumelles-et-lunettes-dopera\/jumelles\/jumelles-celestron\/celestron-trailseeker-10x42\/","title":{"rendered":"Celestron Trailseeker 10&#215;42"},"content":{"rendered":"<p>Robuste, compact et avec des performances parfaites.<br \/>\nLes jumelles Trailseeker offrent des performances optiques \u00e0 haut niveau,<br \/>\nId\u00e9al pour les amoureux des oiseaux et de la nature.<br \/>\nLes jumelles ont un tr\u00e8s bon rapport qualit\u00e9\/prix. Ils<br \/>\nsont imperm\u00e9ables et remplis d\u2019azote, avec<br \/>\nOptique multicouche pour une image lumineuse et nette et un<br \/>\nGrand champ de vision.<\/p>\n","protected":false},"excerpt":{"rendered":"<p>Robuste, compact et avec des performances parfaites. Les jumelles Trailseeker offrent des performances optiques \u00e0 haut niveau, Id\u00e9al pour les amoureux des oiseaux et de la nature. Les jumelles ont un tr\u00e8s bon rapport qualit\u00e9\/prix. Ils sont imperm\u00e9ables et remplis d\u2019azote, avec Optique multicouche pour une image lumineuse et nette et un Grand champ de [&hellip;]<\/p>\n","protected":false},"featured_media":11334,"comment_status":"closed","ping_status":"open","template":"","meta":{"_acf_changed":false},"product_brand":[674],"product_cat":[1345,1354,1342,1339],"product_tag":[],"class_list":{"0":"post-57688","1":"product","2":"type-product","3":"status-publish","4":"has-post-thumbnail","6":"product_brand-celestron","7":"product_cat-jumelles","8":"product_cat-jumelles-celestron","9":"product_cat-jumelles-et-lunettes-dopera","10":"product_cat-optique","12":"first","13":"instock","14":"taxable","15":"shipping-taxable","16":"purchasable","17":"product-type-simple"},"acf":[],"_links":{"self":[{"href":"https:\/\/www.teleskopshop.ch\/fr\/wp-json\/wp\/v2\/product\/57688","targetHints":{"allow":["GET"]}}],"collection":[{"href":"https:\/\/www.teleskopshop.ch\/fr\/wp-json\/wp\/v2\/product"}],"about":[{"href":"https:\/\/www.teleskopshop.ch\/fr\/wp-json\/wp\/v2\/types\/product"}],"replies":[{"embeddable":true,"href":"https:\/\/www.teleskopshop.ch\/fr\/wp-json\/wp\/v2\/comments?post=57688"}],"wp:featuredmedia":[{"embeddable":true,"href":"https:\/\/www.teleskopshop.ch\/fr\/wp-json\/wp\/v2\/media\/11334"}],"wp:attachment":[{"href":"https:\/\/www.teleskopshop.ch\/fr\/wp-json\/wp\/v2\/media?parent=57688"}],"wp:term":[{"taxonomy":"product_brand","embeddable":true,"href":"https:\/\/www.teleskopshop.ch\/fr\/wp-json\/wp\/v2\/product_brand?post=57688"},{"taxonomy":"product_cat","embeddable":true,"href":"https:\/\/www.teleskopshop.ch\/fr\/wp-json\/wp\/v2\/product_cat?post=57688"},{"taxonomy":"product_tag","embeddable":true,"href":"https:\/\/www.teleskopshop.ch\/fr\/wp-json\/wp\/v2\/product_tag?post=57688"}],"curies":[{"name":"wp","href":"https:\/\/api.w.org\/{rel}","templated":true}]}}