{"id":57682,"date":"2024-01-23T00:00:00","date_gmt":"2024-01-22T23:00:00","guid":{"rendered":"https:\/\/2025.teleskopshop.ch\/shop\/non%20class\u00e9\/celestron-skymasterpro-20x80\/"},"modified":"2025-01-25T12:10:39","modified_gmt":"2025-01-25T11:10:39","slug":"celestron-skymasterpro-20x80","status":"publish","type":"product","link":"https:\/\/www.teleskopshop.ch\/fr\/shop\/optique\/jumelles-et-lunettes-dopera\/jumelles\/jumelles-celestron\/celestron-skymasterpro-20x80\/","title":{"rendered":"Celestron SkyMasterPRO 20&#215;80"},"content":{"rendered":"<p>Les SkyMaster Pro sont parfaits pour l&rsquo;astronomie et pour l&rsquo;observation<br \/>\nobjets \u00e9loign\u00e9s dispos\u00e9s. Optique, compensation, mat\u00e9riaux et<br \/>\nLe traitement est meilleur que les jumelles moins ch\u00e8res identiques<br \/>\nOuverture. Ils offrent de grandes lentilles frontales et des prismes BaK-4 et sont<br \/>\nenti\u00e8rement multicouche (FMC) avec Celetstrons<br \/>\npropre r\u00e9mun\u00e9ration XLT.<\/p>\n","protected":false},"excerpt":{"rendered":"<p>Les SkyMaster Pro sont parfaits pour l&rsquo;astronomie et pour l&rsquo;observation objets \u00e9loign\u00e9s dispos\u00e9s. Optique, compensation, mat\u00e9riaux et Le traitement est meilleur que les jumelles moins ch\u00e8res identiques Ouverture. Ils offrent de grandes lentilles frontales et des prismes BaK-4 et sont enti\u00e8rement multicouche (FMC) avec Celetstrons propre r\u00e9mun\u00e9ration XLT.<\/p>\n","protected":false},"featured_media":11342,"comment_status":"closed","ping_status":"open","template":"","meta":{"_acf_changed":false},"product_brand":[674],"product_cat":[1345,1354,1342,1339],"product_tag":[],"class_list":{"0":"post-57682","1":"product","2":"type-product","3":"status-publish","4":"has-post-thumbnail","6":"product_brand-celestron","7":"product_cat-jumelles","8":"product_cat-jumelles-celestron","9":"product_cat-jumelles-et-lunettes-dopera","10":"product_cat-optique","12":"first","13":"instock","14":"taxable","15":"shipping-taxable","16":"purchasable","17":"product-type-simple"},"acf":[],"_links":{"self":[{"href":"https:\/\/www.teleskopshop.ch\/fr\/wp-json\/wp\/v2\/product\/57682","targetHints":{"allow":["GET"]}}],"collection":[{"href":"https:\/\/www.teleskopshop.ch\/fr\/wp-json\/wp\/v2\/product"}],"about":[{"href":"https:\/\/www.teleskopshop.ch\/fr\/wp-json\/wp\/v2\/types\/product"}],"replies":[{"embeddable":true,"href":"https:\/\/www.teleskopshop.ch\/fr\/wp-json\/wp\/v2\/comments?post=57682"}],"wp:featuredmedia":[{"embeddable":true,"href":"https:\/\/www.teleskopshop.ch\/fr\/wp-json\/wp\/v2\/media\/11342"}],"wp:attachment":[{"href":"https:\/\/www.teleskopshop.ch\/fr\/wp-json\/wp\/v2\/media?parent=57682"}],"wp:term":[{"taxonomy":"product_brand","embeddable":true,"href":"https:\/\/www.teleskopshop.ch\/fr\/wp-json\/wp\/v2\/product_brand?post=57682"},{"taxonomy":"product_cat","embeddable":true,"href":"https:\/\/www.teleskopshop.ch\/fr\/wp-json\/wp\/v2\/product_cat?post=57682"},{"taxonomy":"product_tag","embeddable":true,"href":"https:\/\/www.teleskopshop.ch\/fr\/wp-json\/wp\/v2\/product_tag?post=57682"}],"curies":[{"name":"wp","href":"https:\/\/api.w.org\/{rel}","templated":true}]}}