{"id":57676,"date":"2024-01-23T00:00:00","date_gmt":"2024-01-22T23:00:00","guid":{"rendered":"https:\/\/2025.teleskopshop.ch\/shop\/non%20class\u00e9\/celestron-skymaster-25x100\/"},"modified":"2025-01-25T12:10:46","modified_gmt":"2025-01-25T11:10:46","slug":"celestron-skymaster-25x100","status":"publish","type":"product","link":"https:\/\/www.teleskopshop.ch\/fr\/shop\/optique\/jumelles-et-lunettes-dopera\/jumelles\/jumelles-celestron\/celestron-skymaster-25x100\/","title":{"rendered":"Celestron Sky Master 25&#215;100"},"content":{"rendered":"<p>Avec une ouverture de 10 cm, ces jumelles sont de v\u00e9ritables t\u00e9lescopes doubles qui<br \/>\na une plus grande ouverture que certains petits t\u00e9lescopes &#8211; deux fois plus.<br \/>\nPour une stabilit\u00e9 m\u00e9canique et de collimation maximale, le SkyMaster<br \/>\n25&#215;100 un corps renforc\u00e9 avec barre centrale et int\u00e9gr\u00e9<br \/>\nMonture de tr\u00e9pied.<br \/>\nAvec un poids de 4 kg et un grossissement de 25x, il vous en faut un stable<br \/>\nTr\u00e9pied pour que les jumelles puissent montrer leurs points forts. livre alors<br \/>\nmais ce sont des images que vous n&rsquo;oublierez pas &#8211; peu importe si vous \u00eates dans le<br \/>\nRegardez le ciel ou visez des objectifs terrestres.<\/p>\n","protected":false},"excerpt":{"rendered":"<p>Avec une ouverture de 10 cm, ces jumelles sont de v\u00e9ritables t\u00e9lescopes doubles qui a une plus grande ouverture que certains petits t\u00e9lescopes &#8211; deux fois plus. Pour une stabilit\u00e9 m\u00e9canique et de collimation maximale, le SkyMaster 25&#215;100 un corps renforc\u00e9 avec barre centrale et int\u00e9gr\u00e9 Monture de tr\u00e9pied. Avec un poids de 4 kg [&hellip;]<\/p>\n","protected":false},"featured_media":11270,"comment_status":"closed","ping_status":"open","template":"","meta":{"_acf_changed":false},"product_brand":[674],"product_cat":[1345,1354,1342,1339],"product_tag":[],"class_list":{"0":"post-57676","1":"product","2":"type-product","3":"status-publish","4":"has-post-thumbnail","6":"product_brand-celestron","7":"product_cat-jumelles","8":"product_cat-jumelles-celestron","9":"product_cat-jumelles-et-lunettes-dopera","10":"product_cat-optique","12":"first","13":"instock","14":"taxable","15":"shipping-taxable","16":"purchasable","17":"product-type-simple"},"acf":[],"_links":{"self":[{"href":"https:\/\/www.teleskopshop.ch\/fr\/wp-json\/wp\/v2\/product\/57676","targetHints":{"allow":["GET"]}}],"collection":[{"href":"https:\/\/www.teleskopshop.ch\/fr\/wp-json\/wp\/v2\/product"}],"about":[{"href":"https:\/\/www.teleskopshop.ch\/fr\/wp-json\/wp\/v2\/types\/product"}],"replies":[{"embeddable":true,"href":"https:\/\/www.teleskopshop.ch\/fr\/wp-json\/wp\/v2\/comments?post=57676"}],"wp:featuredmedia":[{"embeddable":true,"href":"https:\/\/www.teleskopshop.ch\/fr\/wp-json\/wp\/v2\/media\/11270"}],"wp:attachment":[{"href":"https:\/\/www.teleskopshop.ch\/fr\/wp-json\/wp\/v2\/media?parent=57676"}],"wp:term":[{"taxonomy":"product_brand","embeddable":true,"href":"https:\/\/www.teleskopshop.ch\/fr\/wp-json\/wp\/v2\/product_brand?post=57676"},{"taxonomy":"product_cat","embeddable":true,"href":"https:\/\/www.teleskopshop.ch\/fr\/wp-json\/wp\/v2\/product_cat?post=57676"},{"taxonomy":"product_tag","embeddable":true,"href":"https:\/\/www.teleskopshop.ch\/fr\/wp-json\/wp\/v2\/product_tag?post=57676"}],"curies":[{"name":"wp","href":"https:\/\/api.w.org\/{rel}","templated":true}]}}