{"id":57673,"date":"2024-01-23T00:00:00","date_gmt":"2024-01-22T23:00:00","guid":{"rendered":"https:\/\/2025.teleskopshop.ch\/shop\/non%20class\u00e9\/celestron-skymaster-20x80\/"},"modified":"2025-01-25T12:10:44","modified_gmt":"2025-01-25T11:10:44","slug":"celestron-skymaster-20x80","status":"publish","type":"product","link":"https:\/\/www.teleskopshop.ch\/fr\/shop\/optique\/jumelles-et-lunettes-dopera\/jumelles\/jumelles-celestron\/celestron-skymaster-20x80\/","title":{"rendered":"Celestron Sky Master 20X80"},"content":{"rendered":"<p>Le SkyMaster 20&#215;80 a \u00e9t\u00e9 con\u00e7u pour un maximum de performances m\u00e9caniques et<br \/>\nStabilit\u00e9 de collimation un bo\u00eetier renforc\u00e9 avec tige centrale et<br \/>\nadaptateur de tr\u00e9pied int\u00e9gr\u00e9.<br \/>\nAvec un grossissement de 20x, vous pouvez d\u00e9j\u00e0 voir beaucoup de d\u00e9tails, si<br \/>\nmais assurez-vous d&rsquo;utiliser un tr\u00e9pied. Pesant un peu plus<br \/>\n2 kg, un bon tr\u00e9pied photo avec une t\u00eate inclinable solide vous suffit<br \/>\npouvoir regarder en toute simplicit\u00e9.<br \/>\nLes grandes jumelles sont le lien entre les jumelles pratiques<br \/>\net de grands t\u00e9lescopes. La plus grande ouverture permet une plus grande r\u00e9solution<br \/>\nque les petits appareils. M\u00eame dans des conditions de faible luminosit\u00e9 comme<br \/>\nau cr\u00e9puscule, ils montrent encore des d\u00e9tails, pendant les petits appareils<br \/>\nsimplement la lumi\u00e8re s&rsquo;\u00e9teint.<br \/>\nLa livraison comprend \u00e9galement un adaptateur pour tr\u00e9pieds photo, qui peut \u00eatre ins\u00e9r\u00e9 dans le<br \/>\nLa barre centrale est int\u00e9gr\u00e9e.<\/p>\n","protected":false},"excerpt":{"rendered":"<p>Le SkyMaster 20&#215;80 a \u00e9t\u00e9 con\u00e7u pour un maximum de performances m\u00e9caniques et Stabilit\u00e9 de collimation un bo\u00eetier renforc\u00e9 avec tige centrale et adaptateur de tr\u00e9pied int\u00e9gr\u00e9. Avec un grossissement de 20x, vous pouvez d\u00e9j\u00e0 voir beaucoup de d\u00e9tails, si mais assurez-vous d&rsquo;utiliser un tr\u00e9pied. Pesant un peu plus 2 kg, un bon tr\u00e9pied photo [&hellip;]<\/p>\n","protected":false},"featured_media":11274,"comment_status":"closed","ping_status":"open","template":"","meta":{"_acf_changed":false},"product_brand":[674],"product_cat":[1345,1354,1342,1339],"product_tag":[],"class_list":{"0":"post-57673","1":"product","2":"type-product","3":"status-publish","4":"has-post-thumbnail","6":"product_brand-celestron","7":"product_cat-jumelles","8":"product_cat-jumelles-celestron","9":"product_cat-jumelles-et-lunettes-dopera","10":"product_cat-optique","12":"first","13":"instock","14":"taxable","15":"shipping-taxable","16":"purchasable","17":"product-type-simple"},"acf":[],"_links":{"self":[{"href":"https:\/\/www.teleskopshop.ch\/fr\/wp-json\/wp\/v2\/product\/57673","targetHints":{"allow":["GET"]}}],"collection":[{"href":"https:\/\/www.teleskopshop.ch\/fr\/wp-json\/wp\/v2\/product"}],"about":[{"href":"https:\/\/www.teleskopshop.ch\/fr\/wp-json\/wp\/v2\/types\/product"}],"replies":[{"embeddable":true,"href":"https:\/\/www.teleskopshop.ch\/fr\/wp-json\/wp\/v2\/comments?post=57673"}],"wp:featuredmedia":[{"embeddable":true,"href":"https:\/\/www.teleskopshop.ch\/fr\/wp-json\/wp\/v2\/media\/11274"}],"wp:attachment":[{"href":"https:\/\/www.teleskopshop.ch\/fr\/wp-json\/wp\/v2\/media?parent=57673"}],"wp:term":[{"taxonomy":"product_brand","embeddable":true,"href":"https:\/\/www.teleskopshop.ch\/fr\/wp-json\/wp\/v2\/product_brand?post=57673"},{"taxonomy":"product_cat","embeddable":true,"href":"https:\/\/www.teleskopshop.ch\/fr\/wp-json\/wp\/v2\/product_cat?post=57673"},{"taxonomy":"product_tag","embeddable":true,"href":"https:\/\/www.teleskopshop.ch\/fr\/wp-json\/wp\/v2\/product_tag?post=57673"}],"curies":[{"name":"wp","href":"https:\/\/api.w.org\/{rel}","templated":true}]}}