{"id":57670,"date":"2024-01-23T00:00:00","date_gmt":"2024-01-22T23:00:00","guid":{"rendered":"https:\/\/2025.teleskopshop.ch\/shop\/non%20class\u00e9\/celestron-skymaster-15x70\/"},"modified":"2025-01-25T12:10:44","modified_gmt":"2025-01-25T11:10:44","slug":"celestron-skymaster-15x70","status":"publish","type":"product","link":"https:\/\/www.teleskopshop.ch\/fr\/shop\/optique\/jumelles-et-lunettes-dopera\/jumelles\/jumelles-celestron\/celestron-skymaster-15x70\/","title":{"rendered":"Celestron SkyMaster 15&#215;70"},"content":{"rendered":"<p>Le 15&#215;70 est le mod\u00e8le le plus populaire de la s\u00e9rie SkyMaster. Il unit<br \/>\nune grande ouverture de collecte de lumi\u00e8re avec un maniable et pas trop<br \/>\nchantier lourd. Il peut \u00eatre ouvert \u00e0 l&rsquo;aide de l&rsquo;adaptateur d&rsquo;angle inclus<br \/>\n\u00eatre attach\u00e9 \u00e0 un tr\u00e9pied photo. Avec sa bonne humeur<br \/>\nIl peut \u00e9galement \u00eatre utilis\u00e9 en mode mains libres pendant une courte p\u00e9riode<br \/>\n(Astuce : tenez les lentilles aussi pr\u00e8s que possible et laissez<br \/>\nelle repose sous les yeux), elle joue toute sa puissance dans<br \/>\nconnexion avec un tr\u00e9pied. La plus grande ouverture et le grossissement<br \/>\nr\u00e9v\u00e9ler uniquement les d\u00e9tails du ciel qui se trouvent dans des appareils plus petits<br \/>\nrester cach\u00e9.<\/p>\n","protected":false},"excerpt":{"rendered":"<p>Le 15&#215;70 est le mod\u00e8le le plus populaire de la s\u00e9rie SkyMaster. Il unit une grande ouverture de collecte de lumi\u00e8re avec un maniable et pas trop chantier lourd. Il peut \u00eatre ouvert \u00e0 l&rsquo;aide de l&rsquo;adaptateur d&rsquo;angle inclus \u00eatre attach\u00e9 \u00e0 un tr\u00e9pied photo. Avec sa bonne humeur Il peut \u00e9galement \u00eatre utilis\u00e9 en [&hellip;]<\/p>\n","protected":false},"featured_media":11266,"comment_status":"closed","ping_status":"open","template":"","meta":{"_acf_changed":false},"product_brand":[674],"product_cat":[1345,1354,1342,1339],"product_tag":[],"class_list":{"0":"post-57670","1":"product","2":"type-product","3":"status-publish","4":"has-post-thumbnail","6":"product_brand-celestron","7":"product_cat-jumelles","8":"product_cat-jumelles-celestron","9":"product_cat-jumelles-et-lunettes-dopera","10":"product_cat-optique","12":"first","13":"instock","14":"taxable","15":"shipping-taxable","16":"purchasable","17":"product-type-simple"},"acf":[],"_links":{"self":[{"href":"https:\/\/www.teleskopshop.ch\/fr\/wp-json\/wp\/v2\/product\/57670","targetHints":{"allow":["GET"]}}],"collection":[{"href":"https:\/\/www.teleskopshop.ch\/fr\/wp-json\/wp\/v2\/product"}],"about":[{"href":"https:\/\/www.teleskopshop.ch\/fr\/wp-json\/wp\/v2\/types\/product"}],"replies":[{"embeddable":true,"href":"https:\/\/www.teleskopshop.ch\/fr\/wp-json\/wp\/v2\/comments?post=57670"}],"wp:featuredmedia":[{"embeddable":true,"href":"https:\/\/www.teleskopshop.ch\/fr\/wp-json\/wp\/v2\/media\/11266"}],"wp:attachment":[{"href":"https:\/\/www.teleskopshop.ch\/fr\/wp-json\/wp\/v2\/media?parent=57670"}],"wp:term":[{"taxonomy":"product_brand","embeddable":true,"href":"https:\/\/www.teleskopshop.ch\/fr\/wp-json\/wp\/v2\/product_brand?post=57670"},{"taxonomy":"product_cat","embeddable":true,"href":"https:\/\/www.teleskopshop.ch\/fr\/wp-json\/wp\/v2\/product_cat?post=57670"},{"taxonomy":"product_tag","embeddable":true,"href":"https:\/\/www.teleskopshop.ch\/fr\/wp-json\/wp\/v2\/product_tag?post=57670"}],"curies":[{"name":"wp","href":"https:\/\/api.w.org\/{rel}","templated":true}]}}