{"id":57658,"date":"2024-01-23T00:00:00","date_gmt":"2024-01-22T23:00:00","guid":{"rendered":"https:\/\/2025.teleskopshop.ch\/shop\/non%20class\u00e9\/celestron-outland-x-10x42\/"},"modified":"2025-01-25T12:10:43","modified_gmt":"2025-01-25T11:10:43","slug":"celestron-outland-x-10x42","status":"publish","type":"product","link":"https:\/\/www.teleskopshop.ch\/fr\/shop\/optique\/jumelles-et-lunettes-dopera\/jumelles\/jumelles-celestron\/celestron-outland-x-10x42\/","title":{"rendered":"Celestron Outreterre X 10&#215;42"},"content":{"rendered":"<p>L&rsquo;Outland X offre un champ de vision encore plus large &#8211; parfait pour<br \/>\nAmoureux de la nature, ornithologues et chasseurs, campeurs et<br \/>\nles athl\u00e8tes. Les prismes BAK-4 permettent une meilleure fid\u00e9lit\u00e9 des couleurs ;<br \/>\nles lentilles multicouches offrent un excellent contraste et<br \/>\nLuminosit\u00e9.<br \/>\nLes robustes jumelles Outland-X r\u00e9sistent m\u00eame aux conditions les plus difficiles<br \/>\nconditions \u00e0 l&rsquo;abri de l&rsquo;eau et du brouillard; le remplissage d&rsquo;azote<br \/>\nemp\u00eache la bu\u00e9e de l&rsquo;optique \u00e0 l&rsquo;int\u00e9rieur des jumelles. Les jumelles<br \/>\nont un bo\u00eetier blind\u00e9 en caoutchouc, un grand, bon fonctionnement<br \/>\nRouleau de mise au point et \u0153illetons r\u00e9glables. Tout cela est pour<br \/>\nUn maximum de confort dans un corps l\u00e9ger et ergonomique.<br \/>\nLa livraison comprend une sangle de transport et un sac souple. la<br \/>\njumelles polyvalentes offrant un excellent rapport qualit\u00e9-prix<br \/>\nratio et sont le choix parfait pour une utilisation en ext\u00e9rieur.<br \/>\ndes informations d\u00e9taill\u00e9es<br \/>\nOptique multicouche<br \/>\nImperm\u00e9able et antibu\u00e9e<br \/>\nArmure de protection en caoutchouc<br \/>\n\u0152illetons r\u00e9glables<br \/>\nMallette de transport en n\u00e9opr\u00e8ne r\u00e9sistant \u00e0 l&rsquo;humidit\u00e9<br \/>\nSp\u00e9cifications techniques<br \/>\nCONCEPTION OPTIQUE : bordure de toit<br \/>\nOUVERTURE : 42mm<br \/>\nGROSSISSEMENT : 10x<br \/>\nCHAMP DE VISION : 5,6\u00b0<br \/>\nCHAMP DE VISION A 1000 M : 97,7 m<br \/>\nPUPILLE DE SORTIE : 4,2 mm<br \/>\nSOULAGEMENT DES YEUX&nbsp;: 14&nbsp;mm<br \/>\nDISTANCE MINIMALE PUPILLE : 56 mm<br \/>\nDISTANCE MAXIMALE PUPILLE : 74 mm<br \/>\nMISE AU POINT PR\u00c8S : 4,27 m<br \/>\nPRISMES : BaK-4<br \/>\nREV\u00caTEMENT&nbsp;: multicouche<br \/>\nIMPERM\u00c9ABLE : oui<br \/>\nPOIDS : 625 grammes<\/p>\n","protected":false},"excerpt":{"rendered":"<p>L&rsquo;Outland X offre un champ de vision encore plus large &#8211; parfait pour Amoureux de la nature, ornithologues et chasseurs, campeurs et les athl\u00e8tes. Les prismes BAK-4 permettent une meilleure fid\u00e9lit\u00e9 des couleurs ; les lentilles multicouches offrent un excellent contraste et Luminosit\u00e9. Les robustes jumelles Outland-X r\u00e9sistent m\u00eame aux conditions les plus difficiles conditions [&hellip;]<\/p>\n","protected":false},"featured_media":11318,"comment_status":"closed","ping_status":"open","template":"","meta":{"_acf_changed":false},"product_brand":[674],"product_cat":[1345,1354,1342,1339],"product_tag":[],"class_list":{"0":"post-57658","1":"product","2":"type-product","3":"status-publish","4":"has-post-thumbnail","6":"product_brand-celestron","7":"product_cat-jumelles","8":"product_cat-jumelles-celestron","9":"product_cat-jumelles-et-lunettes-dopera","10":"product_cat-optique","12":"first","13":"instock","14":"taxable","15":"shipping-taxable","16":"purchasable","17":"product-type-simple"},"acf":[],"_links":{"self":[{"href":"https:\/\/www.teleskopshop.ch\/fr\/wp-json\/wp\/v2\/product\/57658","targetHints":{"allow":["GET"]}}],"collection":[{"href":"https:\/\/www.teleskopshop.ch\/fr\/wp-json\/wp\/v2\/product"}],"about":[{"href":"https:\/\/www.teleskopshop.ch\/fr\/wp-json\/wp\/v2\/types\/product"}],"replies":[{"embeddable":true,"href":"https:\/\/www.teleskopshop.ch\/fr\/wp-json\/wp\/v2\/comments?post=57658"}],"wp:featuredmedia":[{"embeddable":true,"href":"https:\/\/www.teleskopshop.ch\/fr\/wp-json\/wp\/v2\/media\/11318"}],"wp:attachment":[{"href":"https:\/\/www.teleskopshop.ch\/fr\/wp-json\/wp\/v2\/media?parent=57658"}],"wp:term":[{"taxonomy":"product_brand","embeddable":true,"href":"https:\/\/www.teleskopshop.ch\/fr\/wp-json\/wp\/v2\/product_brand?post=57658"},{"taxonomy":"product_cat","embeddable":true,"href":"https:\/\/www.teleskopshop.ch\/fr\/wp-json\/wp\/v2\/product_cat?post=57658"},{"taxonomy":"product_tag","embeddable":true,"href":"https:\/\/www.teleskopshop.ch\/fr\/wp-json\/wp\/v2\/product_tag?post=57658"}],"curies":[{"name":"wp","href":"https:\/\/api.w.org\/{rel}","templated":true}]}}