{"id":57652,"date":"2024-01-23T00:00:00","date_gmt":"2024-01-22T23:00:00","guid":{"rendered":"https:\/\/2025.teleskopshop.ch\/shop\/non%20class\u00e9\/celestron-nature-dx-8x32\/"},"modified":"2025-01-25T12:10:41","modified_gmt":"2025-01-25T11:10:41","slug":"celestron-nature-dx-8x32","status":"publish","type":"product","link":"https:\/\/www.teleskopshop.ch\/fr\/shop\/optique\/jumelles-et-lunettes-dopera\/jumelles\/jumelles-celestron\/celestron-nature-dx-8x32\/","title":{"rendered":"Celestron Nature DX 8&#215;32"},"content":{"rendered":"<p>Vous pouvez emporter les jumelles Nature DX avec vous en toute bonne conscience<br \/>\nprendre la nature. M\u00eame les plus grands mod\u00e8les sont encore tr\u00e8s transportables<br \/>\nEt l\u00e9ger. M\u00eame le mauvais temps n&rsquo;est pas un probl\u00e8me, l&rsquo;\u00e9tanche<br \/>\nLe bo\u00eetier est rempli d&rsquo;azote et est donc antibu\u00e9e.<br \/>\nPeu importe si vous avez des jumelles avec une mise au point extr\u00eamement proche de seulement deux<br \/>\nm\u00e8tres ou un \u00e0 fort grossissement, il y en a un pour tout le monde<br \/>\nProposez un Nature DX.<\/p>\n","protected":false},"excerpt":{"rendered":"<p>Vous pouvez emporter les jumelles Nature DX avec vous en toute bonne conscience prendre la nature. M\u00eame les plus grands mod\u00e8les sont encore tr\u00e8s transportables Et l\u00e9ger. M\u00eame le mauvais temps n&rsquo;est pas un probl\u00e8me, l&rsquo;\u00e9tanche Le bo\u00eetier est rempli d&rsquo;azote et est donc antibu\u00e9e. Peu importe si vous avez des jumelles avec une mise [&hellip;]<\/p>\n","protected":false},"featured_media":11294,"comment_status":"closed","ping_status":"open","template":"","meta":{"_acf_changed":false},"product_brand":[674],"product_cat":[1345,1354,1342,1339],"product_tag":[],"class_list":{"0":"post-57652","1":"product","2":"type-product","3":"status-publish","4":"has-post-thumbnail","6":"product_brand-celestron","7":"product_cat-jumelles","8":"product_cat-jumelles-celestron","9":"product_cat-jumelles-et-lunettes-dopera","10":"product_cat-optique","12":"first","13":"instock","14":"taxable","15":"shipping-taxable","16":"purchasable","17":"product-type-simple"},"acf":[],"_links":{"self":[{"href":"https:\/\/www.teleskopshop.ch\/fr\/wp-json\/wp\/v2\/product\/57652","targetHints":{"allow":["GET"]}}],"collection":[{"href":"https:\/\/www.teleskopshop.ch\/fr\/wp-json\/wp\/v2\/product"}],"about":[{"href":"https:\/\/www.teleskopshop.ch\/fr\/wp-json\/wp\/v2\/types\/product"}],"replies":[{"embeddable":true,"href":"https:\/\/www.teleskopshop.ch\/fr\/wp-json\/wp\/v2\/comments?post=57652"}],"wp:featuredmedia":[{"embeddable":true,"href":"https:\/\/www.teleskopshop.ch\/fr\/wp-json\/wp\/v2\/media\/11294"}],"wp:attachment":[{"href":"https:\/\/www.teleskopshop.ch\/fr\/wp-json\/wp\/v2\/media?parent=57652"}],"wp:term":[{"taxonomy":"product_brand","embeddable":true,"href":"https:\/\/www.teleskopshop.ch\/fr\/wp-json\/wp\/v2\/product_brand?post=57652"},{"taxonomy":"product_cat","embeddable":true,"href":"https:\/\/www.teleskopshop.ch\/fr\/wp-json\/wp\/v2\/product_cat?post=57652"},{"taxonomy":"product_tag","embeddable":true,"href":"https:\/\/www.teleskopshop.ch\/fr\/wp-json\/wp\/v2\/product_tag?post=57652"}],"curies":[{"name":"wp","href":"https:\/\/api.w.org\/{rel}","templated":true}]}}