{"id":57640,"date":"2024-01-23T00:00:00","date_gmt":"2024-01-22T23:00:00","guid":{"rendered":"https:\/\/2025.teleskopshop.ch\/shop\/non%20class\u00e9\/celestron-cometron-7x50-bk7\/"},"modified":"2025-01-25T12:10:45","modified_gmt":"2025-01-25T11:10:45","slug":"celestron-cometron-7x50-bk7","status":"publish","type":"product","link":"https:\/\/www.teleskopshop.ch\/fr\/shop\/optique\/jumelles-et-lunettes-dopera\/jumelles\/jumelles-celestron\/celestron-cometron-7x50-bk7\/","title":{"rendered":"Celestron Cometron 7&#215;50 BK7"},"content":{"rendered":"<p>La Cometron 7&#215;50 est une paire de jumelles pratique et abordable qui<br \/>\nimage lumineuse et un grand champ de vision. Ceci est id\u00e9al pour le<br \/>\nAstronomie &#8211; mais bien s\u00fbr tout aussi bon pour l&rsquo;observation de la nature<br \/>\nqui convient.<br \/>\nCes jumelles Porro classiques ont des lentilles de 50 mm et<br \/>\ngrossissement sept fois, pour une luminosit\u00e9 maximale de l&rsquo;image. la<br \/>\nLa pupille de sortie a une taille de sept millim\u00e8tres &#8211; et donc tout aussi grande<br \/>\ncomment vos pupilles peuvent s&rsquo;ouvrir au maximum la nuit. Ce ne sera pas comme \u00e7a<br \/>\nLa lumi\u00e8re est gaspill\u00e9e et vous pouvez \u00e9galement voir des objets faibles tels que le brouillard<br \/>\nou des com\u00e8tes clairement, ainsi que des animaux au cr\u00e9puscule.<br \/>\nLe rev\u00eatement multiple (multi-coating) assure une transmission \u00e9lev\u00e9e de la<br \/>\nlentilles et \u00e9vite les reflets g\u00eanants.<\/p>\n","protected":false},"excerpt":{"rendered":"<p>La Cometron 7&#215;50 est une paire de jumelles pratique et abordable qui image lumineuse et un grand champ de vision. Ceci est id\u00e9al pour le Astronomie &#8211; mais bien s\u00fbr tout aussi bon pour l&rsquo;observation de la nature qui convient. Ces jumelles Porro classiques ont des lentilles de 50 mm et grossissement sept fois, pour [&hellip;]<\/p>\n","protected":false},"featured_media":11278,"comment_status":"closed","ping_status":"open","template":"","meta":{"_acf_changed":false},"product_brand":[674],"product_cat":[1345,1354,1342,1339],"product_tag":[],"class_list":{"0":"post-57640","1":"product","2":"type-product","3":"status-publish","4":"has-post-thumbnail","6":"product_brand-celestron","7":"product_cat-jumelles","8":"product_cat-jumelles-celestron","9":"product_cat-jumelles-et-lunettes-dopera","10":"product_cat-optique","12":"first","13":"instock","14":"taxable","15":"shipping-taxable","16":"purchasable","17":"product-type-simple"},"acf":[],"_links":{"self":[{"href":"https:\/\/www.teleskopshop.ch\/fr\/wp-json\/wp\/v2\/product\/57640","targetHints":{"allow":["GET"]}}],"collection":[{"href":"https:\/\/www.teleskopshop.ch\/fr\/wp-json\/wp\/v2\/product"}],"about":[{"href":"https:\/\/www.teleskopshop.ch\/fr\/wp-json\/wp\/v2\/types\/product"}],"replies":[{"embeddable":true,"href":"https:\/\/www.teleskopshop.ch\/fr\/wp-json\/wp\/v2\/comments?post=57640"}],"wp:featuredmedia":[{"embeddable":true,"href":"https:\/\/www.teleskopshop.ch\/fr\/wp-json\/wp\/v2\/media\/11278"}],"wp:attachment":[{"href":"https:\/\/www.teleskopshop.ch\/fr\/wp-json\/wp\/v2\/media?parent=57640"}],"wp:term":[{"taxonomy":"product_brand","embeddable":true,"href":"https:\/\/www.teleskopshop.ch\/fr\/wp-json\/wp\/v2\/product_brand?post=57640"},{"taxonomy":"product_cat","embeddable":true,"href":"https:\/\/www.teleskopshop.ch\/fr\/wp-json\/wp\/v2\/product_cat?post=57640"},{"taxonomy":"product_tag","embeddable":true,"href":"https:\/\/www.teleskopshop.ch\/fr\/wp-json\/wp\/v2\/product_tag?post=57640"}],"curies":[{"name":"wp","href":"https:\/\/api.w.org\/{rel}","templated":true}]}}