{"id":57616,"date":"2024-02-05T00:00:00","date_gmt":"2024-02-04T23:00:00","guid":{"rendered":"https:\/\/2025.teleskopshop.ch\/shop\/non%20class\u00e9\/skywatcher-teleskop-starquest-102mc\/"},"modified":"2025-01-25T12:10:49","modified_gmt":"2025-01-25T11:10:49","slug":"skywatcher-teleskop-starquest-102mc","status":"publish","type":"product","link":"https:\/\/www.teleskopshop.ch\/fr\/shop\/optique\/telescopes-fr\/telescope-pour-debutants\/cassegrain-de-maksutov\/skywatcher-teleskop-starquest-102mc\/","title":{"rendered":"T\u00e9lescope SKYWATCHER STARQUEST-102MC"},"content":{"rendered":"<p>La s\u00e9rie SkyWatcher Starquest se compose d\u2019une combinaison l\u00e9g\u00e8re de t\u00e9lescopes de haute qualit\u00e9 et d\u2019une monture \u00e9quatoriale pratique dans un nouveau design. Le support est \u00e9quip\u00e9 de 2 accouplements puissants et contient des engrenages de pr\u00e9cision avec une roue \u00e0 vis sans fin \u00e9quip\u00e9e de 122 dents dans les deux axes pour une grande stabilit\u00e9 et une charge utile allant jusqu\u2019\u00e0 3 kg. Une fois que vous avez align\u00e9 la monture avec le p\u00f4le c\u00e9leste, elle vous permet de suivre facilement les objets c\u00e9lestes avec les ondes flexibles faciles \u00e0 utiliser.<\/p>\n<p>L\u2019ensemble comprend \u00e9galement le Starquest-102MC Maksutov Cassegrain, qui est parfait pour observer les \u00e9toiles binaires ainsi que les plan\u00e8tes brillantes et la lune avec sa longue distance focale et sa haute r\u00e9solution. L\u2019ensemble comprend \u00e9galement le tr\u00e9pied en aluminium r\u00e9glable en hauteur.<\/p>\n<p><strong>Contenu de la livraison&nbsp;:<\/strong><\/p>\n<ul>\n<li>T\u00eate de monture Starquest<\/li>\n<li>Contrepoids<\/li>\n<li>Tr\u00e9pied en aluminium avec plateau d\u2019accessoires<\/li>\n<li>Skyquest-102MC T\u00e9lescope Maksutov Cassegrain<\/li>\n<li>Viseur \u00e0 lumi\u00e8re rouge<\/li>\n<li>Miroir diagonal 90\u00b0 1.25&nbsp;\u00bb<\/li>\n<li>Oculaire de 10 mm et 25 mm<\/li>\n<li>Miroirs paraboliques et miroirs secondaires recouverts d\u2019un rev\u00eatement Radiant\u2122 Aluminum Quartz (RAQ),\u2122 avec jusqu\u2019\u00e0 94 % de r\u00e9flectivit\u00e9 et une durabilit\u00e9 et une stabilit\u00e9 \u00e0 long terme optimales<\/li>\n<\/ul>\n<p>G\u00c9N\u00c9RALIT\u00c9S<\/p>\n<p>Poids \u00e0 l\u2019exp\u00e9dition<br \/>\n8.50kg<\/p>\n<p>Taille de l\u2019exp\u00e9dition<br \/>\n85x36x23cm<\/p>\n<p>OPTIQUE<\/p>\n<p>Concevoir<br \/>\nMaksutov Cassegrain<\/p>\n<p>Distance focale (mm)<br \/>\n1300<\/p>\n<p>Ouverture (mm)<br \/>\n102<\/p>\n<p>Rapport focal<br \/>\nf&nbsp;:12.74<\/p>\n<p>Mise au point<br \/>\nMise au point miroir primaire<\/p>\n<p>Poids du tube (kg)<br \/>\n2<\/p>\n<p>MONTER<\/p>\n<p>Type<br \/>\nManuel de monture \u00e9quatoriale<\/p>\n<p>Max. Charge utile visuelle (kg)<br \/>\n3<\/p>\n<p>Poids total de la monture (kg)<br \/>\n4<\/p>\n","protected":false},"excerpt":{"rendered":"<p>LUNETTE SKYWATCHER STARQUEST-102MC AVEC MONTURE MANUELLE \u00c9QUATORIALE<\/p>\n","protected":false},"featured_media":11386,"comment_status":"closed","ping_status":"open","template":"","meta":{"_acf_changed":false},"product_brand":[675],"product_cat":[1585,1339,1576,1567],"product_tag":[],"class_list":{"0":"post-57616","1":"product","2":"type-product","3":"status-publish","4":"has-post-thumbnail","6":"product_brand-skywatcher","7":"product_cat-cassegrain-de-maksutov","8":"product_cat-optique","9":"product_cat-telescope-pour-debutants","10":"product_cat-telescopes-fr","12":"first","13":"instock","14":"taxable","15":"shipping-taxable","16":"purchasable","17":"product-type-simple"},"acf":[],"_links":{"self":[{"href":"https:\/\/www.teleskopshop.ch\/fr\/wp-json\/wp\/v2\/product\/57616","targetHints":{"allow":["GET"]}}],"collection":[{"href":"https:\/\/www.teleskopshop.ch\/fr\/wp-json\/wp\/v2\/product"}],"about":[{"href":"https:\/\/www.teleskopshop.ch\/fr\/wp-json\/wp\/v2\/types\/product"}],"replies":[{"embeddable":true,"href":"https:\/\/www.teleskopshop.ch\/fr\/wp-json\/wp\/v2\/comments?post=57616"}],"wp:featuredmedia":[{"embeddable":true,"href":"https:\/\/www.teleskopshop.ch\/fr\/wp-json\/wp\/v2\/media\/11386"}],"wp:attachment":[{"href":"https:\/\/www.teleskopshop.ch\/fr\/wp-json\/wp\/v2\/media?parent=57616"}],"wp:term":[{"taxonomy":"product_brand","embeddable":true,"href":"https:\/\/www.teleskopshop.ch\/fr\/wp-json\/wp\/v2\/product_brand?post=57616"},{"taxonomy":"product_cat","embeddable":true,"href":"https:\/\/www.teleskopshop.ch\/fr\/wp-json\/wp\/v2\/product_cat?post=57616"},{"taxonomy":"product_tag","embeddable":true,"href":"https:\/\/www.teleskopshop.ch\/fr\/wp-json\/wp\/v2\/product_tag?post=57616"}],"curies":[{"name":"wp","href":"https:\/\/api.w.org\/{rel}","templated":true}]}}