{"id":57598,"date":"2024-02-09T00:00:00","date_gmt":"2024-02-08T23:00:00","guid":{"rendered":"https:\/\/2025.teleskopshop.ch\/shop\/non%20class\u00e9\/celestron-cgx-1100-rasa-v2\/"},"modified":"2025-02-24T10:47:43","modified_gmt":"2025-02-24T09:47:43","slug":"celestron-cgx-1100-rasa-v2","status":"publish","type":"product","link":"https:\/\/www.teleskopshop.ch\/fr\/shop\/optique\/telescopes-fr\/celestron-sets-fr\/celestron-cgx-1100-rasa-v2\/","title":{"rendered":"Celestron CGX 1100 RASA V2"},"content":{"rendered":"<p>Der Rowe-Ackermann Schmidt-Astrograph macht es Ihnen sehr leicht, mit<br \/>\nmodernen DSLR- oder astronomischen CCD-Kameras beeindruckende Astro-<br \/>\nFotos zu erstellen. Das schnelle f\/2,2-System mit grossem Gesichtsfeld<br \/>\nhat gegen\u00fcber der klassischen Fotografie bei f\/10 zwei grosse<br \/>\nVorteile: 1. viel k\u00fcrzere Belichtungszeiten und 2. dadurch weniger<br \/>\nAnf\u00e4lligkeit f\u00fcr Nachf\u00fchrfehler. So k\u00f6nnen Sie bessere Aufnahmen in<br \/>\nk\u00fcrzerer Zeit gewinnen und oft sogar auf einen Autoguider verzichten.<br \/>\nWeitere Eigenschaften wie eine spezielle, lineare Messinglagerung des<br \/>\nFokussierers und der Feathertouch Mikro-Fokussierer erm\u00f6glichen<br \/>\nIhnen die exakten Einstellungen f\u00fcr das perfekte Bild. Ein 12V MagLev<br \/>\nVentilator verk\u00fcrzt die Ausk\u00fchlzeit und sorgt f\u00fcr einen idealen<br \/>\nLuftzug durch den Tubus und die staubgesch\u00fctzten Bel\u00fcftungs\u00f6ffnungen.<br \/>\nAls spezialist f\u00fcr die Astrofotografie kann der Rowe-Ackermann Schmidt<br \/>\nAstrograph nicht f\u00fcr visuelle Beobachtungen verwendet werden!<br \/>\n+ Grossz\u00fcgige 25 kg fotografische Nutzlast, 2&quot; Schwerlast Stahlstativ<br \/>\n  mit Markierungen zu schnellen Einstellen der H\u00f6he<br \/>\n+ Angefederte Schneckenr\u00e4der mit Zahnriemen, die das Getriebespiel<br \/>\n  minimieren, f\u00fcr k\u00fcrzere Reaktionszeiten<br \/>\n+ Interne Verkabelung, Strom- und Zubeh\u00f6ranschl\u00fcsse bewegen sich nicht<br \/>\n  mit der Montierung mit<br \/>\n+ Verbesserte Ergonime durch verbesserte Einstellung der Polh\u00f6he und<br \/>\n  intuitive Tragegriffe<br \/>\n+ Home- und Begrenzungs-Switche &#8211; interne Hardware-Stops f\u00fcr R.A. und<br \/>\n  Dek, um Kabelgewirr und Kollisionen mit dem Stativ zu vermeiden<br \/>\n+ F\u00fchrt bis zu 20\u00ba beiderseits \u00fcber den Meridian nach, unterst\u00fctzt<br \/>\n  die SkyPortal-, WiFi- und StarSense AutoAlign Module.<br \/>\n+ Beinhaltet eine ausgekl\u00fcgelte neue Steuersoftware, die gemeinsam mit<br \/>\n  Planewave Instruments entwickelt wurde. Beherrscht multi-point Go-To<br \/>\n  Modeling, Fokussieren und Plate Solving.<br \/>\n  Verbindung auf den PC mit Kabel USB-A &#8211; USB-B<br \/>\n+ Gewicht der Montierung: 20 kg &#8211; Gewicht des Stativs: 8,7 kg<\/p>\n","protected":false},"excerpt":{"rendered":"<p>Vielen Dank f\u00fcr Ihren Besuch bei Teleskopshop.ch. <\/p>\n<p>Es freut uns, Ihnen das Produkt <b>Celestron CGX 1100 RASA V2<\/b> zu den nachfolgenden Konditionen anbieten zu d\u00fcrfen.<\/p>\n","protected":false},"featured_media":11406,"comment_status":"closed","ping_status":"closed","template":"","meta":{"_acf_changed":false},"product_brand":[674],"product_cat":[1570,1339,1567],"product_tag":[],"class_list":{"0":"post-57598","1":"product","2":"type-product","3":"status-publish","4":"has-post-thumbnail","6":"product_brand-celestron","7":"product_cat-celestron-sets-fr","8":"product_cat-optique","9":"product_cat-telescopes-fr","11":"first","12":"instock","13":"sale","14":"taxable","15":"shipping-taxable","16":"purchasable","17":"product-type-simple"},"acf":[],"_links":{"self":[{"href":"https:\/\/www.teleskopshop.ch\/fr\/wp-json\/wp\/v2\/product\/57598","targetHints":{"allow":["GET"]}}],"collection":[{"href":"https:\/\/www.teleskopshop.ch\/fr\/wp-json\/wp\/v2\/product"}],"about":[{"href":"https:\/\/www.teleskopshop.ch\/fr\/wp-json\/wp\/v2\/types\/product"}],"replies":[{"embeddable":true,"href":"https:\/\/www.teleskopshop.ch\/fr\/wp-json\/wp\/v2\/comments?post=57598"}],"wp:featuredmedia":[{"embeddable":true,"href":"https:\/\/www.teleskopshop.ch\/fr\/wp-json\/wp\/v2\/media\/11406"}],"wp:attachment":[{"href":"https:\/\/www.teleskopshop.ch\/fr\/wp-json\/wp\/v2\/media?parent=57598"}],"wp:term":[{"taxonomy":"product_brand","embeddable":true,"href":"https:\/\/www.teleskopshop.ch\/fr\/wp-json\/wp\/v2\/product_brand?post=57598"},{"taxonomy":"product_cat","embeddable":true,"href":"https:\/\/www.teleskopshop.ch\/fr\/wp-json\/wp\/v2\/product_cat?post=57598"},{"taxonomy":"product_tag","embeddable":true,"href":"https:\/\/www.teleskopshop.ch\/fr\/wp-json\/wp\/v2\/product_tag?post=57598"}],"curies":[{"name":"wp","href":"https:\/\/api.w.org\/{rel}","templated":true}]}}