{"id":57577,"date":"2024-02-13T00:00:00","date_gmt":"2024-02-12T23:00:00","guid":{"rendered":"https:\/\/2025.teleskopshop.ch\/shop\/non%20class\u00e9\/celestron-okular-omni-56mm-2-47\/"},"modified":"2025-01-25T11:52:05","modified_gmt":"2025-01-25T10:52:05","slug":"celestron-okular-omni-56mm-2-47","status":"publish","type":"product","link":"https:\/\/www.teleskopshop.ch\/fr\/shop\/optique\/extensions-optiques\/oculaires\/oculaires-2\/celestron-okular-omni-56mm-2-47\/","title":{"rendered":"Oculaire Celestron Omni 56mm 2&Prime;, 47\u00b0"},"content":{"rendered":"<p>La distance focale extr\u00eamement longue de 56 mm offre dans les t\u00e9lescopes \u00e0 longue<br \/>\nVues focales parfaites pour la visualisation<br \/>\nobjets \u00e0 grand champ ou vues terrestres de jour<br \/>\nLa conception Pl\u00f6ssl \u00e0 4 \u00e9l\u00e9ments offre une vue nette sur le bord de la<br \/>\nChamp de vision visible de 47\u00b0.<br \/>\nEnti\u00e8rement multicouche pour une meilleure transmission de la lumi\u00e8re \u00e0 travers<br \/>\nles lentilles, ce qui donne des images plus lumineuses.<br \/>\nD\u00e9gagement oculaire confortable (52 mm) et protection oculaire en caoutchouc rabattable<br \/>\npour un visionnage confortable avec ou sans lunettes.<br \/>\nPoign\u00e9e en caoutchouc molet\u00e9e pour une manipulation antid\u00e9rapante pendant l&rsquo;utilisation<br \/>\ns\u00e9ances d&rsquo;observation.<br \/>\nFiletage pour la plupart des filtres de 2 pouces<\/p>\n","protected":false},"excerpt":{"rendered":"<p>La distance focale extr\u00eamement longue de 56 mm offre dans les t\u00e9lescopes \u00e0 longue Vues focales parfaites pour la visualisation objets \u00e0 grand champ ou vues terrestres de jour La conception Pl\u00f6ssl \u00e0 4 \u00e9l\u00e9ments offre une vue nette sur le bord de la Champ de vision visible de 47\u00b0. Enti\u00e8rement multicouche pour une meilleure [&hellip;]<\/p>\n","protected":false},"featured_media":11514,"comment_status":"closed","ping_status":"open","template":"","meta":{"_acf_changed":false},"product_brand":[674],"product_cat":[1477,1483,1339],"product_tag":[],"class_list":{"0":"post-57577","1":"product","2":"type-product","3":"status-publish","4":"has-post-thumbnail","6":"product_brand-celestron","7":"product_cat-oculaires","8":"product_cat-oculaires-2","9":"product_cat-optique","11":"first","12":"instock","13":"taxable","14":"shipping-taxable","15":"purchasable","16":"product-type-simple"},"acf":[],"_links":{"self":[{"href":"https:\/\/www.teleskopshop.ch\/fr\/wp-json\/wp\/v2\/product\/57577","targetHints":{"allow":["GET"]}}],"collection":[{"href":"https:\/\/www.teleskopshop.ch\/fr\/wp-json\/wp\/v2\/product"}],"about":[{"href":"https:\/\/www.teleskopshop.ch\/fr\/wp-json\/wp\/v2\/types\/product"}],"replies":[{"embeddable":true,"href":"https:\/\/www.teleskopshop.ch\/fr\/wp-json\/wp\/v2\/comments?post=57577"}],"wp:featuredmedia":[{"embeddable":true,"href":"https:\/\/www.teleskopshop.ch\/fr\/wp-json\/wp\/v2\/media\/11514"}],"wp:attachment":[{"href":"https:\/\/www.teleskopshop.ch\/fr\/wp-json\/wp\/v2\/media?parent=57577"}],"wp:term":[{"taxonomy":"product_brand","embeddable":true,"href":"https:\/\/www.teleskopshop.ch\/fr\/wp-json\/wp\/v2\/product_brand?post=57577"},{"taxonomy":"product_cat","embeddable":true,"href":"https:\/\/www.teleskopshop.ch\/fr\/wp-json\/wp\/v2\/product_cat?post=57577"},{"taxonomy":"product_tag","embeddable":true,"href":"https:\/\/www.teleskopshop.ch\/fr\/wp-json\/wp\/v2\/product_tag?post=57577"}],"curies":[{"name":"wp","href":"https:\/\/api.w.org\/{rel}","templated":true}]}}