{"id":57574,"date":"2024-02-13T00:00:00","date_gmt":"2024-02-12T23:00:00","guid":{"rendered":"https:\/\/2025.teleskopshop.ch\/shop\/non%20class\u00e9\/celestron-okular-luminos-82-31mm-2\/"},"modified":"2025-01-25T11:52:56","modified_gmt":"2025-01-25T10:52:56","slug":"celestron-okular-luminos-82-31mm-2","status":"publish","type":"product","link":"https:\/\/www.teleskopshop.ch\/fr\/shop\/optique\/extensions-optiques\/oculaires\/oculaires-2\/celestron-okular-luminos-82-31mm-2\/","title":{"rendered":"Oculaire Celestron Luminos 82\u00b0 31mm 2&Prime;"},"content":{"rendered":"<p>2&Prime; \/ 50,8 mm.<br \/>\nLes oculaires grand angle de la s\u00e9rie Luminos de Celestron offrent une<br \/>\nchamp de vision confortable de 82 degr\u00e9s. Tous les oculaires de<br \/>\nLes s\u00e9ries Luminos sont parfocales. En cons\u00e9quence, il est peu ou pas n\u00e9cessaire<br \/>\n\u00eatre recentr\u00e9. Avec un d\u00e9gagement oculaire de 20 mm, les oculaires sont \u00e9galement pour<br \/>\nConvient aux porteurs de lunettes. L&rsquo;\u0153illeton peut \u00eatre allum\u00e9 en le tournant<br \/>\najuster le rev\u00eatement en caoutchouc.<br \/>\nLONGUEUR FOCALE&nbsp;: 31&nbsp;mm<br \/>\nCHAMP DE VISION : 82\u00b0<br \/>\nSOULAGEMENT DES YEUX&nbsp;: 27&nbsp;mm<br \/>\nDIAM\u00c8TRE DE L&rsquo;OBTURATEUR DE CHAMP&nbsp;: 47&nbsp;mm<br \/>\nREV\u00caTEMENT&nbsp;: Enti\u00e8rement multicouche<br \/>\nDIAM\u00c8TRE DE LA PRISE&nbsp;: 2&Prime; (50,8&nbsp;mm)<br \/>\nPARFOCAL : Oui<br \/>\nPOIDS : 1135g<\/p>\n","protected":false},"excerpt":{"rendered":"<p>2&Prime; \/ 50,8 mm. Les oculaires grand angle de la s\u00e9rie Luminos de Celestron offrent une champ de vision confortable de 82 degr\u00e9s. Tous les oculaires de Les s\u00e9ries Luminos sont parfocales. En cons\u00e9quence, il est peu ou pas n\u00e9cessaire \u00eatre recentr\u00e9. Avec un d\u00e9gagement oculaire de 20 mm, les oculaires sont \u00e9galement pour Convient [&hellip;]<\/p>\n","protected":false},"featured_media":11494,"comment_status":"closed","ping_status":"open","template":"","meta":{"_acf_changed":false},"product_brand":[674],"product_cat":[1477,1483,1339],"product_tag":[],"class_list":{"0":"post-57574","1":"product","2":"type-product","3":"status-publish","4":"has-post-thumbnail","6":"product_brand-celestron","7":"product_cat-oculaires","8":"product_cat-oculaires-2","9":"product_cat-optique","11":"first","12":"instock","13":"taxable","14":"shipping-taxable","15":"purchasable","16":"product-type-simple"},"acf":[],"_links":{"self":[{"href":"https:\/\/www.teleskopshop.ch\/fr\/wp-json\/wp\/v2\/product\/57574","targetHints":{"allow":["GET"]}}],"collection":[{"href":"https:\/\/www.teleskopshop.ch\/fr\/wp-json\/wp\/v2\/product"}],"about":[{"href":"https:\/\/www.teleskopshop.ch\/fr\/wp-json\/wp\/v2\/types\/product"}],"replies":[{"embeddable":true,"href":"https:\/\/www.teleskopshop.ch\/fr\/wp-json\/wp\/v2\/comments?post=57574"}],"wp:featuredmedia":[{"embeddable":true,"href":"https:\/\/www.teleskopshop.ch\/fr\/wp-json\/wp\/v2\/media\/11494"}],"wp:attachment":[{"href":"https:\/\/www.teleskopshop.ch\/fr\/wp-json\/wp\/v2\/media?parent=57574"}],"wp:term":[{"taxonomy":"product_brand","embeddable":true,"href":"https:\/\/www.teleskopshop.ch\/fr\/wp-json\/wp\/v2\/product_brand?post=57574"},{"taxonomy":"product_cat","embeddable":true,"href":"https:\/\/www.teleskopshop.ch\/fr\/wp-json\/wp\/v2\/product_cat?post=57574"},{"taxonomy":"product_tag","embeddable":true,"href":"https:\/\/www.teleskopshop.ch\/fr\/wp-json\/wp\/v2\/product_tag?post=57574"}],"curies":[{"name":"wp","href":"https:\/\/api.w.org\/{rel}","templated":true}]}}