{"id":57571,"date":"2024-02-13T00:00:00","date_gmt":"2024-02-12T23:00:00","guid":{"rendered":"https:\/\/2025.teleskopshop.ch\/shop\/non%20class\u00e9\/celestron-okular-luminos-82-23mm-2\/"},"modified":"2025-01-25T11:52:50","modified_gmt":"2025-01-25T10:52:50","slug":"celestron-okular-luminos-82-23mm-2","status":"publish","type":"product","link":"https:\/\/www.teleskopshop.ch\/fr\/shop\/optique\/extensions-optiques\/oculaires\/oculaires-2\/celestron-okular-luminos-82-23mm-2\/","title":{"rendered":"Oculaire Celestron Luminos 82\u00b0 23mm 2&Prime;"},"content":{"rendered":"<p>2&Prime; \/ 50,8 mm<br \/>\nLes oculaires grand angle de la s\u00e9rie Luminos de Celestron offrent une<br \/>\nchamp de vision confortable de 82 degr\u00e9s. Oculaires parfocaux &#8211; \u00e0<br \/>\nPasser d&rsquo;un agrandissement \u00e0 l&rsquo;autre n&rsquo;est pas ou seulement<br \/>\npeu de recentrage n\u00e9cessaire. Avec un d\u00e9gagement oculaire de 20 mm sont les<br \/>\nOculaires \u00e9galement adapt\u00e9s aux porteurs de lunettes. L&rsquo;\u0153illeton peut \u00eatre<br \/>\nen tournant l&rsquo;armature en caoutchouc. Poli et anodis\u00e9<br \/>\nDouille en aluminium k, anti-rayures.<br \/>\nLONGUEUR FOCALE&nbsp;: 23&nbsp;mm<br \/>\nCHAMP DE VISION : 82\u00b0<br \/>\nSOULAGEMENT DES YEUX&nbsp;: 20&nbsp;mm<br \/>\nDIAM\u00c8TRE DE LA PRISE DE TERRAIN&nbsp;: 37&nbsp;mm<br \/>\nREV\u00caTEMENT&nbsp;: Enti\u00e8rement multicouche<br \/>\nCONCEPTION OPTIQUE : 6 lentilles<br \/>\nDIAM\u00c8TRE DE LA PRISE&nbsp;: 2&Prime; (50,8&nbsp;mm)<br \/>\nPARFOCAL : Oui<br \/>\nPOIDS : 480g<\/p>\n","protected":false},"excerpt":{"rendered":"<p>2&Prime; \/ 50,8 mm Les oculaires grand angle de la s\u00e9rie Luminos de Celestron offrent une champ de vision confortable de 82 degr\u00e9s. Oculaires parfocaux &#8211; \u00e0 Passer d&rsquo;un agrandissement \u00e0 l&rsquo;autre n&rsquo;est pas ou seulement peu de recentrage n\u00e9cessaire. Avec un d\u00e9gagement oculaire de 20 mm sont les Oculaires \u00e9galement adapt\u00e9s aux porteurs de [&hellip;]<\/p>\n","protected":false},"featured_media":11490,"comment_status":"closed","ping_status":"open","template":"","meta":{"_acf_changed":false},"product_brand":[674],"product_cat":[1477,1483,1339],"product_tag":[],"class_list":{"0":"post-57571","1":"product","2":"type-product","3":"status-publish","4":"has-post-thumbnail","6":"product_brand-celestron","7":"product_cat-oculaires","8":"product_cat-oculaires-2","9":"product_cat-optique","11":"first","12":"instock","13":"taxable","14":"shipping-taxable","15":"purchasable","16":"product-type-simple"},"acf":[],"_links":{"self":[{"href":"https:\/\/www.teleskopshop.ch\/fr\/wp-json\/wp\/v2\/product\/57571","targetHints":{"allow":["GET"]}}],"collection":[{"href":"https:\/\/www.teleskopshop.ch\/fr\/wp-json\/wp\/v2\/product"}],"about":[{"href":"https:\/\/www.teleskopshop.ch\/fr\/wp-json\/wp\/v2\/types\/product"}],"replies":[{"embeddable":true,"href":"https:\/\/www.teleskopshop.ch\/fr\/wp-json\/wp\/v2\/comments?post=57571"}],"wp:featuredmedia":[{"embeddable":true,"href":"https:\/\/www.teleskopshop.ch\/fr\/wp-json\/wp\/v2\/media\/11490"}],"wp:attachment":[{"href":"https:\/\/www.teleskopshop.ch\/fr\/wp-json\/wp\/v2\/media?parent=57571"}],"wp:term":[{"taxonomy":"product_brand","embeddable":true,"href":"https:\/\/www.teleskopshop.ch\/fr\/wp-json\/wp\/v2\/product_brand?post=57571"},{"taxonomy":"product_cat","embeddable":true,"href":"https:\/\/www.teleskopshop.ch\/fr\/wp-json\/wp\/v2\/product_cat?post=57571"},{"taxonomy":"product_tag","embeddable":true,"href":"https:\/\/www.teleskopshop.ch\/fr\/wp-json\/wp\/v2\/product_tag?post=57571"}],"curies":[{"name":"wp","href":"https:\/\/api.w.org\/{rel}","templated":true}]}}