{"id":57568,"date":"2024-02-13T00:00:00","date_gmt":"2024-02-12T23:00:00","guid":{"rendered":"https:\/\/2025.teleskopshop.ch\/shop\/non%20class\u00e9\/celestron-okular-luminos-82-19mm-2\/"},"modified":"2025-01-25T11:52:51","modified_gmt":"2025-01-25T10:52:51","slug":"celestron-okular-luminos-82-19mm-2","status":"publish","type":"product","link":"https:\/\/www.teleskopshop.ch\/fr\/shop\/optique\/extensions-optiques\/oculaires\/oculaires-2\/celestron-okular-luminos-82-19mm-2\/","title":{"rendered":"Oculaire Celestron Luminos 82\u00b0 19mm 2&Prime;"},"content":{"rendered":"<p>2&Prime; \/ 50,8 mm. Celestron 2&Prime; &#8211; 19mm &#8211; Oculaire ultra grand angle LUMINOS 82\u00b0<br \/>\nOculaire grand angle parfocal avec un excellent comportement visuel.<br \/>\nLes oculaires Celestron LUMINOS convainquent par un tr\u00e8s beau design et<br \/>\nune optique multicouche de haute qualit\u00e9.<br \/>\nDe mani\u00e8re g\u00e9n\u00e9rale, les oculaires LUMINOS offrent un champ de vision particuli\u00e8rement bien nivel\u00e9<br \/>\navec une grande nettet\u00e9 jusqu&rsquo;au bord du champ de vision clairement visible.<br \/>\nLONGUEUR FOCALE&nbsp;: 19&nbsp;mm<br \/>\nCHAMP DE VISION : 82\u00b0<br \/>\nSOULAGEMENT DES YEUX&nbsp;: 20&nbsp;mm<br \/>\nDIAM\u00c8TRE DE LA PRISE DE TERRAIN&nbsp;: 30&nbsp;mm<br \/>\nREV\u00caTEMENT&nbsp;: Enti\u00e8rement multicouche<br \/>\nCONCEPTION OPTIQUE : 6 lentilles<br \/>\nDIAM\u00c8TRE DE LA PRISE : 2&Prime;<br \/>\nPARFOCAL : Oui<br \/>\nPOIDS : 460g<\/p>\n","protected":false},"excerpt":{"rendered":"<p>2&Prime; \/ 50,8 mm. Celestron 2&Prime; &#8211; 19mm &#8211; Oculaire ultra grand angle LUMINOS 82\u00b0 Oculaire grand angle parfocal avec un excellent comportement visuel. Les oculaires Celestron LUMINOS convainquent par un tr\u00e8s beau design et une optique multicouche de haute qualit\u00e9. De mani\u00e8re g\u00e9n\u00e9rale, les oculaires LUMINOS offrent un champ de vision particuli\u00e8rement bien nivel\u00e9 [&hellip;]<\/p>\n","protected":false},"featured_media":11486,"comment_status":"closed","ping_status":"open","template":"","meta":{"_acf_changed":false},"product_brand":[674],"product_cat":[1477,1483,1339],"product_tag":[],"class_list":{"0":"post-57568","1":"product","2":"type-product","3":"status-publish","4":"has-post-thumbnail","6":"product_brand-celestron","7":"product_cat-oculaires","8":"product_cat-oculaires-2","9":"product_cat-optique","11":"first","12":"instock","13":"taxable","14":"shipping-taxable","15":"purchasable","16":"product-type-simple"},"acf":[],"_links":{"self":[{"href":"https:\/\/www.teleskopshop.ch\/fr\/wp-json\/wp\/v2\/product\/57568","targetHints":{"allow":["GET"]}}],"collection":[{"href":"https:\/\/www.teleskopshop.ch\/fr\/wp-json\/wp\/v2\/product"}],"about":[{"href":"https:\/\/www.teleskopshop.ch\/fr\/wp-json\/wp\/v2\/types\/product"}],"replies":[{"embeddable":true,"href":"https:\/\/www.teleskopshop.ch\/fr\/wp-json\/wp\/v2\/comments?post=57568"}],"wp:featuredmedia":[{"embeddable":true,"href":"https:\/\/www.teleskopshop.ch\/fr\/wp-json\/wp\/v2\/media\/11486"}],"wp:attachment":[{"href":"https:\/\/www.teleskopshop.ch\/fr\/wp-json\/wp\/v2\/media?parent=57568"}],"wp:term":[{"taxonomy":"product_brand","embeddable":true,"href":"https:\/\/www.teleskopshop.ch\/fr\/wp-json\/wp\/v2\/product_brand?post=57568"},{"taxonomy":"product_cat","embeddable":true,"href":"https:\/\/www.teleskopshop.ch\/fr\/wp-json\/wp\/v2\/product_cat?post=57568"},{"taxonomy":"product_tag","embeddable":true,"href":"https:\/\/www.teleskopshop.ch\/fr\/wp-json\/wp\/v2\/product_tag?post=57568"}],"curies":[{"name":"wp","href":"https:\/\/api.w.org\/{rel}","templated":true}]}}