{"id":57553,"date":"2024-02-13T00:00:00","date_gmt":"2024-02-12T23:00:00","guid":{"rendered":"https:\/\/2025.teleskopshop.ch\/shop\/non%20class\u00e9\/celestron-okular-x-cel-lx-18mm-1-%c2%bc-60\/"},"modified":"2025-01-25T11:52:52","modified_gmt":"2025-01-25T10:52:52","slug":"celestron-okular-x-cel-lx-18mm-1-%c2%bc-60","status":"publish","type":"product","link":"https:\/\/www.teleskopshop.ch\/fr\/shop\/optique\/extensions-optiques\/oculaires\/oculaires-1-25\/celestron-okular-x-cel-lx-18mm-1-%c2%bc-60\/","title":{"rendered":"Oculaire Celestron X-CEL LX 18mm 1 \u00bc\u00a0\u00bb 60\u00b0"},"content":{"rendered":"<p>6 lentilles MC 1\u00bc\u00a0\u00bb<br \/>\nLes oculaires X-Cel LX sont des oculaires de haute qualit\u00e9 pour<br \/>\nobservation plan\u00e9taire. Avec un design mince et robuste et un<br \/>\n\u0152illeton que vous pouvez r\u00e9gler en tournant sont ces<br \/>\nOculaires pour une observation confortable et conviviale<br \/>\ncon\u00e7u. Ils ont \u00e9galement un champ de vision de 60 degr\u00e9s et<br \/>\nune optique \u00e0 six \u00e9l\u00e9ments enti\u00e8rement multicouches. Le X-Cel LX<br \/>\nLes oculaires sont parfocaux, donc lors du changement d&rsquo;oculaires, vous n&rsquo;avez pas \u00e0 ou<br \/>\nconcentrez-vous seulement un peu.<br \/>\nLONGUEUR FOCALE&nbsp;: 18&nbsp;mm<br \/>\nCHAMP DE VISION : 60\u00b0<br \/>\nSOULAGEMENT DES YEUX&nbsp;: 16&nbsp;mm<br \/>\nREV\u00caTEMENT&nbsp;: Enti\u00e8rement multicouche<br \/>\nDIMENSIONS D&rsquo;INSERTION&nbsp;: 31,75&nbsp;mm\/1,25&Prime;<\/p>\n","protected":false},"excerpt":{"rendered":"<p>6 lentilles MC 1\u00bc\u00a0\u00bb Les oculaires X-Cel LX sont des oculaires de haute qualit\u00e9 pour observation plan\u00e9taire. Avec un design mince et robuste et un \u0152illeton que vous pouvez r\u00e9gler en tournant sont ces Oculaires pour une observation confortable et conviviale con\u00e7u. Ils ont \u00e9galement un champ de vision de 60 degr\u00e9s et une optique [&hellip;]<\/p>\n","protected":false},"featured_media":11466,"comment_status":"closed","ping_status":"open","template":"","meta":{"_acf_changed":false},"product_brand":[674],"product_cat":[1477,1480,1339],"product_tag":[],"class_list":{"0":"post-57553","1":"product","2":"type-product","3":"status-publish","4":"has-post-thumbnail","6":"product_brand-celestron","7":"product_cat-oculaires","8":"product_cat-oculaires-1-25","9":"product_cat-optique","11":"first","12":"instock","13":"taxable","14":"shipping-taxable","15":"purchasable","16":"product-type-simple"},"acf":[],"_links":{"self":[{"href":"https:\/\/www.teleskopshop.ch\/fr\/wp-json\/wp\/v2\/product\/57553","targetHints":{"allow":["GET"]}}],"collection":[{"href":"https:\/\/www.teleskopshop.ch\/fr\/wp-json\/wp\/v2\/product"}],"about":[{"href":"https:\/\/www.teleskopshop.ch\/fr\/wp-json\/wp\/v2\/types\/product"}],"replies":[{"embeddable":true,"href":"https:\/\/www.teleskopshop.ch\/fr\/wp-json\/wp\/v2\/comments?post=57553"}],"wp:featuredmedia":[{"embeddable":true,"href":"https:\/\/www.teleskopshop.ch\/fr\/wp-json\/wp\/v2\/media\/11466"}],"wp:attachment":[{"href":"https:\/\/www.teleskopshop.ch\/fr\/wp-json\/wp\/v2\/media?parent=57553"}],"wp:term":[{"taxonomy":"product_brand","embeddable":true,"href":"https:\/\/www.teleskopshop.ch\/fr\/wp-json\/wp\/v2\/product_brand?post=57553"},{"taxonomy":"product_cat","embeddable":true,"href":"https:\/\/www.teleskopshop.ch\/fr\/wp-json\/wp\/v2\/product_cat?post=57553"},{"taxonomy":"product_tag","embeddable":true,"href":"https:\/\/www.teleskopshop.ch\/fr\/wp-json\/wp\/v2\/product_tag?post=57553"}],"curies":[{"name":"wp","href":"https:\/\/api.w.org\/{rel}","templated":true}]}}