{"id":57498,"date":"2024-02-14T00:00:00","date_gmt":"2024-02-13T23:00:00","guid":{"rendered":"https:\/\/2025.teleskopshop.ch\/shop\/non%20class\u00e9\/baader-3-8-od-digital-solar-filter-180mm\/"},"modified":"2025-01-25T12:04:43","modified_gmt":"2025-01-25T11:04:43","slug":"baader-3-8-od-digital-solar-filter-180mm","status":"publish","type":"product","link":"https:\/\/www.teleskopshop.ch\/fr\/shop\/optique\/extensions-optiques\/filtre-porte-filtre\/observation-solaire\/baader-3-8-od-digital-solar-filter-180mm\/","title":{"rendered":"Baader 3.8 OD Filtre Solaire Num\u00e9rique 180mm"},"content":{"rendered":"<p>NE convient PAS \u00e0 l\u2019observation visuelle. Convient uniquement pour le num\u00e9rique<br \/>\nPhotographie solaire avec tous les t\u00e9lescopes de haute qualit\u00e9 et<br \/>\nt\u00e9l\u00e9objectifs \u00e0 longue focale. Convient pour les grossissements les plus \u00e9lev\u00e9s<br \/>\net des photographies d\u00e9taill\u00e9es des taches solaires, etc. \u00e0 tr\u00e8s court terme<br \/>\nExpositions;<br \/>\nFilm filtrant solaire AstroSolar FOTO OD 3.8, sans tension mont\u00e9 en<br \/>\ndouille de compensation de temp\u00e9rature ;<br \/>\nPas d\u2019images astigmates en hiver ou avec des<br \/>\nChangement de temp\u00e9rature en \u00e9t\u00e9 ;<br \/>\nContenu de la livraison : filtre BDSF (ASTF), deux jeux de goupilles de centrage<br \/>\nLongueur de 38 mm. 3 broches de 10 mm de diam\u00e8tre et 3 broches de 20 mm<br \/>\nDiam\u00e8tre, r\u00e9glable en fonction du diam\u00e8tre respectif du t\u00e9lescopique<br \/>\ndiam\u00e8tre du tube ou pare-bu\u00e9e. De plus, 3 sangles de s\u00e9curit\u00e9 avec<br \/>\nTampons autocollants, bouchons de protection pour les ouvertures de r\u00e9glage, autocollants d\u2019avertissement pour<br \/>\nDiapositive photo AstroSolar ;<br \/>\nVeuillez utiliser notre outil de recherche de filtres solaires pour trouver la solution qui vous convient.<br \/>\npour trouver le bon filtre &#8211;<br \/>\nhttp:\/\/astrosolar.com\/baader-solar-filter\/index.php?lang=de<\/p>\n","protected":false},"excerpt":{"rendered":"<p>NE convient PAS \u00e0 l\u2019observation visuelle. Convient uniquement pour le num\u00e9rique Photographie solaire avec tous les t\u00e9lescopes de haute qualit\u00e9 et t\u00e9l\u00e9objectifs \u00e0 longue focale. Convient pour les grossissements les plus \u00e9lev\u00e9s et des photographies d\u00e9taill\u00e9es des taches solaires, etc. \u00e0 tr\u00e8s court terme Expositions; Film filtrant solaire AstroSolar FOTO OD 3.8, sans tension mont\u00e9 [&hellip;]<\/p>\n","protected":false},"featured_media":12342,"comment_status":"closed","ping_status":"open","template":"","meta":{"_acf_changed":false},"product_brand":[679],"product_cat":[1378,1432,1339],"product_tag":[],"class_list":{"0":"post-57498","1":"product","2":"type-product","3":"status-publish","4":"has-post-thumbnail","6":"product_brand-baader","7":"product_cat-filtre-porte-filtre","8":"product_cat-observation-solaire","9":"product_cat-optique","11":"first","12":"instock","13":"taxable","14":"shipping-taxable","15":"purchasable","16":"product-type-simple"},"acf":[],"_links":{"self":[{"href":"https:\/\/www.teleskopshop.ch\/fr\/wp-json\/wp\/v2\/product\/57498","targetHints":{"allow":["GET"]}}],"collection":[{"href":"https:\/\/www.teleskopshop.ch\/fr\/wp-json\/wp\/v2\/product"}],"about":[{"href":"https:\/\/www.teleskopshop.ch\/fr\/wp-json\/wp\/v2\/types\/product"}],"replies":[{"embeddable":true,"href":"https:\/\/www.teleskopshop.ch\/fr\/wp-json\/wp\/v2\/comments?post=57498"}],"wp:featuredmedia":[{"embeddable":true,"href":"https:\/\/www.teleskopshop.ch\/fr\/wp-json\/wp\/v2\/media\/12342"}],"wp:attachment":[{"href":"https:\/\/www.teleskopshop.ch\/fr\/wp-json\/wp\/v2\/media?parent=57498"}],"wp:term":[{"taxonomy":"product_brand","embeddable":true,"href":"https:\/\/www.teleskopshop.ch\/fr\/wp-json\/wp\/v2\/product_brand?post=57498"},{"taxonomy":"product_cat","embeddable":true,"href":"https:\/\/www.teleskopshop.ch\/fr\/wp-json\/wp\/v2\/product_cat?post=57498"},{"taxonomy":"product_tag","embeddable":true,"href":"https:\/\/www.teleskopshop.ch\/fr\/wp-json\/wp\/v2\/product_tag?post=57498"}],"curies":[{"name":"wp","href":"https:\/\/api.w.org\/{rel}","templated":true}]}}