{"id":57444,"date":"2024-02-14T00:00:00","date_gmt":"2024-02-13T23:00:00","guid":{"rendered":"https:\/\/2025.teleskopshop.ch\/shop\/non%20class\u00e9\/baader-schmalband-h-beta-5-5nm-%c2%9650-4mm\/"},"modified":"2025-01-25T12:04:57","modified_gmt":"2025-01-25T11:04:57","slug":"baader-schmalband-h-beta-5-5nm-%c2%9650-4mm","status":"publish","type":"product","link":"https:\/\/www.teleskopshop.ch\/fr\/shop\/optique\/extensions-optiques\/filtre-porte-filtre\/filtres-a-bande-etroite\/baader-schmalband-h-beta-5-5nm-%c2%9650-4mm\/","title":{"rendered":"Baader bande \u00e9troite H-beta 5.5nm 50.4mm"},"content":{"rendered":"<p>Baader bande \u00e9troite H-b\u00eata (5,5 nm) optimis\u00e9 CMOS<\/p>\n","protected":false},"excerpt":{"rendered":"<p>Baader bande \u00e9troite H-b\u00eata (5,5 nm) optimis\u00e9 CMOS<\/p>\n","protected":false},"featured_media":12326,"comment_status":"closed","ping_status":"open","template":"","meta":{"_acf_changed":false},"product_brand":[679],"product_cat":[1378,1426,1339],"product_tag":[],"class_list":{"0":"post-57444","1":"product","2":"type-product","3":"status-publish","4":"has-post-thumbnail","6":"product_brand-baader","7":"product_cat-filtre-porte-filtre","8":"product_cat-filtres-a-bande-etroite","9":"product_cat-optique","11":"first","12":"instock","13":"taxable","14":"shipping-taxable","15":"purchasable","16":"product-type-simple"},"acf":[],"_links":{"self":[{"href":"https:\/\/www.teleskopshop.ch\/fr\/wp-json\/wp\/v2\/product\/57444","targetHints":{"allow":["GET"]}}],"collection":[{"href":"https:\/\/www.teleskopshop.ch\/fr\/wp-json\/wp\/v2\/product"}],"about":[{"href":"https:\/\/www.teleskopshop.ch\/fr\/wp-json\/wp\/v2\/types\/product"}],"replies":[{"embeddable":true,"href":"https:\/\/www.teleskopshop.ch\/fr\/wp-json\/wp\/v2\/comments?post=57444"}],"wp:featuredmedia":[{"embeddable":true,"href":"https:\/\/www.teleskopshop.ch\/fr\/wp-json\/wp\/v2\/media\/12326"}],"wp:attachment":[{"href":"https:\/\/www.teleskopshop.ch\/fr\/wp-json\/wp\/v2\/media?parent=57444"}],"wp:term":[{"taxonomy":"product_brand","embeddable":true,"href":"https:\/\/www.teleskopshop.ch\/fr\/wp-json\/wp\/v2\/product_brand?post=57444"},{"taxonomy":"product_cat","embeddable":true,"href":"https:\/\/www.teleskopshop.ch\/fr\/wp-json\/wp\/v2\/product_cat?post=57444"},{"taxonomy":"product_tag","embeddable":true,"href":"https:\/\/www.teleskopshop.ch\/fr\/wp-json\/wp\/v2\/product_tag?post=57444"}],"curies":[{"name":"wp","href":"https:\/\/api.w.org\/{rel}","templated":true}]}}