{"id":56615,"date":"2024-02-16T00:00:00","date_gmt":"2024-02-15T23:00:00","guid":{"rendered":"https:\/\/2025.teleskopshop.ch\/shop\/non%20class\u00e9\/celestron-rasa-v2-optik-36cm-14\/"},"modified":"2025-02-24T10:30:06","modified_gmt":"2025-02-24T09:30:06","slug":"celestron-rasa-v2-optik-36cm-14","status":"publish","type":"product","link":"https:\/\/www.teleskopshop.ch\/fr\/shop\/optique\/telescopes-fr\/tubes-optiques-ota\/celestron-rasa-v2-optik-36cm-14\/","title":{"rendered":"Celestron RASA V2 Optik 36cm, 14&Prime;"},"content":{"rendered":"<p>Die Rowe-Ackermann Schmidt Astrographen (RASA) sind Teleskope f\u00fcr<br \/>\nWeltraum\u00fcberwachung, Space Situational Awareness (SSA), weitere<br \/>\nwissenschaftliche Anwendungen und professionelle Weitwinkel-<br \/>\nAstrofotografie. Sie bieten ein hervorragendes Preis-Leistungs-<br \/>\nVerh\u00e4ltnis in Bezug auf Blende, Schnelligkeit, Bildfeld und optische<br \/>\nLeistung. Das RASA-Design verf\u00fcgt \u00fcber eine komfortable Kameraposition<br \/>\nim Prim\u00e4rfokus, aber au\u00dferhab des Teleskoptubus und einer flachen<br \/>\nBildebene, die kleine Spotgr\u00f6\u00dfen bis an den Rand eines weiten Feldes<br \/>\nerm\u00f6glicht. Das Ergebnis sind Bilder, die frei von optischen Fehlern<br \/>\nwie Bildfeldkr\u00fcmmung, Koma und Astigmatismus sind.<br \/>\nDas RASA 36cm ist die Weiterentwicklung des RASA 11&quot; und die erste<br \/>\nCelestron Prim\u00e4rfokus-Optik welche konsequent f\u00fcr wissenschaftliche<br \/>\nAnwendung und f\u00fcr Weltraum\u00fcberwachungsaufgaben konstruiert wurde. Dies<br \/>\nbeinhaltet nicht nur eine kompromisslose optische Leistung \u00fcber das<br \/>\nganze Bildfeld, sondern insbesonders auch die mechanischen Details bei<br \/>\nder Spiegellagerung und der Fokussierung &#8211; und nicht zuletzt bei der<br \/>\nJustage der Optik und der Lagesicherung aller optischen Elemente bei<br \/>\nkontinuierlicher Fokussierbarkeit.<br \/>\nDie Version mit 36 cm \u00d6ffnung ist das gr\u00f6\u00dfte und mit f\/2,2 schnellste<br \/>\nFernrohr dieser Art, das &quot;von der Stange&quot; erh\u00e4ltlich ist. Im Gegensatz<br \/>\nzu den meisten Teleskopen, die nur sichtbares Licht scharf abbilden<br \/>\n(400-700 nm), fokussiert das RASA 36 cm einen erweiterten<br \/>\nSpektralbereich (400-900 nm), so dass ein geeigneter Kamerasensor ein<br \/>\nhelleres Signal erfassen kann. Der RASA 36 cm verf\u00fcgt zudem \u00fcber ein<br \/>\nFokussiersystem, das eine einfache und stabile Fokussierung<br \/>\ngew\u00e4hrleistet.<br \/>\nBackfokus:    77,5 mm<br \/>\nBildfeld:     60,1 mm \u00d8 4.3\u00b0<br \/>\nNutzbar:        70 mm<\/p>\n","protected":false},"excerpt":{"rendered":"<p>Vielen Dank f\u00fcr Ihren Besuch bei Teleskopshop.ch. <\/p>\n<p>Es freut uns, Ihnen das Produkt <b>Celestron RASA V2 Optik 36cm, 14&Prime;<\/b> zu den nachfolgenden Konditionen anbieten zu d\u00fcrfen.<\/p>\n","protected":false},"featured_media":12738,"comment_status":"closed","ping_status":"closed","template":"","meta":{"_acf_changed":false},"product_brand":[674],"product_cat":[1339,1567,1609],"product_tag":[],"class_list":{"0":"post-56615","1":"product","2":"type-product","3":"status-publish","4":"has-post-thumbnail","6":"product_brand-celestron","7":"product_cat-optique","8":"product_cat-telescopes-fr","9":"product_cat-tubes-optiques-ota","11":"first","12":"instock","13":"sale","14":"taxable","15":"shipping-taxable","16":"purchasable","17":"product-type-simple"},"acf":[],"_links":{"self":[{"href":"https:\/\/www.teleskopshop.ch\/fr\/wp-json\/wp\/v2\/product\/56615","targetHints":{"allow":["GET"]}}],"collection":[{"href":"https:\/\/www.teleskopshop.ch\/fr\/wp-json\/wp\/v2\/product"}],"about":[{"href":"https:\/\/www.teleskopshop.ch\/fr\/wp-json\/wp\/v2\/types\/product"}],"replies":[{"embeddable":true,"href":"https:\/\/www.teleskopshop.ch\/fr\/wp-json\/wp\/v2\/comments?post=56615"}],"wp:featuredmedia":[{"embeddable":true,"href":"https:\/\/www.teleskopshop.ch\/fr\/wp-json\/wp\/v2\/media\/12738"}],"wp:attachment":[{"href":"https:\/\/www.teleskopshop.ch\/fr\/wp-json\/wp\/v2\/media?parent=56615"}],"wp:term":[{"taxonomy":"product_brand","embeddable":true,"href":"https:\/\/www.teleskopshop.ch\/fr\/wp-json\/wp\/v2\/product_brand?post=56615"},{"taxonomy":"product_cat","embeddable":true,"href":"https:\/\/www.teleskopshop.ch\/fr\/wp-json\/wp\/v2\/product_cat?post=56615"},{"taxonomy":"product_tag","embeddable":true,"href":"https:\/\/www.teleskopshop.ch\/fr\/wp-json\/wp\/v2\/product_tag?post=56615"}],"curies":[{"name":"wp","href":"https:\/\/api.w.org\/{rel}","templated":true}]}}