{"id":56597,"date":"2024-02-16T00:00:00","date_gmt":"2024-02-15T23:00:00","guid":{"rendered":"https:\/\/2025.teleskopshop.ch\/shop\/non%20class\u00e9\/celestron-optik-c9-25-a-xlt\/"},"modified":"2025-10-15T13:36:30","modified_gmt":"2025-10-15T11:36:30","slug":"celestron-optik-c9-25-a-xlt","status":"publish","type":"product","link":"https:\/\/www.teleskopshop.ch\/fr\/shop\/optique\/telescopes-fr\/tubes-optiques-ota\/celestron-optik-c9-25-a-xlt\/","title":{"rendered":"Celestron Optik C9.25-A XLT"},"content":{"rendered":"<p>La qualit\u00e9 optique des optiques Celestron est l\u00e9gendaire. Rien d&rsquo;\u00e9tonnant \u00e0 cela,<br \/>\ncar le syst\u00e8me Schmidt-Cassegrain (SC) a \u00e9t\u00e9 invent\u00e9 chez Celestron,<br \/>\net pour chaque jeu d&rsquo;optiques, les surfaces optiques sont ajust\u00e9es les unes aux autres par un polissage fin<br \/>\njusqu&rsquo;\u00e0 ce que les crit\u00e8res de qualit\u00e9 tr\u00e8s stricts de Celestron-<br \/>\nsoient remplis.<br \/>\nLe C6 est non seulement dot\u00e9 du traitement StarBright-XLT pour des images claires,<br \/>\nmais aussi d&rsquo;une optique Schmidt-Cassegrain de haute qualit\u00e9 avec une distance focale de 1500 mm<br \/>\n(f\/10).<br \/>\nLe kit comprend le rail de prisme pour le raccordement aux montures CG-5<br \/>\nAdvanced Series.<br \/>\nT\u00e9lescope Schmidt-Cassegrain Tube en aluminium C6A-XLT (CG5) 6&Prime;<br \/>\nTraitement Starbright XLT pour une transmission maximale de la lumi\u00e8re. <\/p>\n","protected":false},"excerpt":{"rendered":"<p>Merci de votre visite sur Teleskopshop.ch.<\/p>\n<p>Nous sommes heureux de pouvoir vous proposer le produit <b>Celestron Optik C9.25-A XLT<\/b> aux conditions suivantes.<\/p>\n","protected":false},"featured_media":12710,"comment_status":"closed","ping_status":"closed","template":"","meta":{"_acf_changed":false},"product_brand":[674],"product_cat":[1339,1567,1609],"product_tag":[],"class_list":{"0":"post-56597","1":"product","2":"type-product","3":"status-publish","4":"has-post-thumbnail","6":"product_brand-celestron","7":"product_cat-optique","8":"product_cat-telescopes-fr","9":"product_cat-tubes-optiques-ota","11":"first","12":"instock","13":"sale","14":"taxable","15":"shipping-taxable","16":"purchasable","17":"product-type-simple"},"acf":[],"_links":{"self":[{"href":"https:\/\/www.teleskopshop.ch\/fr\/wp-json\/wp\/v2\/product\/56597","targetHints":{"allow":["GET"]}}],"collection":[{"href":"https:\/\/www.teleskopshop.ch\/fr\/wp-json\/wp\/v2\/product"}],"about":[{"href":"https:\/\/www.teleskopshop.ch\/fr\/wp-json\/wp\/v2\/types\/product"}],"replies":[{"embeddable":true,"href":"https:\/\/www.teleskopshop.ch\/fr\/wp-json\/wp\/v2\/comments?post=56597"}],"wp:featuredmedia":[{"embeddable":true,"href":"https:\/\/www.teleskopshop.ch\/fr\/wp-json\/wp\/v2\/media\/12710"}],"wp:attachment":[{"href":"https:\/\/www.teleskopshop.ch\/fr\/wp-json\/wp\/v2\/media?parent=56597"}],"wp:term":[{"taxonomy":"product_brand","embeddable":true,"href":"https:\/\/www.teleskopshop.ch\/fr\/wp-json\/wp\/v2\/product_brand?post=56597"},{"taxonomy":"product_cat","embeddable":true,"href":"https:\/\/www.teleskopshop.ch\/fr\/wp-json\/wp\/v2\/product_cat?post=56597"},{"taxonomy":"product_tag","embeddable":true,"href":"https:\/\/www.teleskopshop.ch\/fr\/wp-json\/wp\/v2\/product_tag?post=56597"}],"curies":[{"name":"wp","href":"https:\/\/api.w.org\/{rel}","templated":true}]}}