{"id":56576,"date":"2024-02-21T00:00:00","date_gmt":"2024-02-20T23:00:00","guid":{"rendered":"https:\/\/2025.teleskopshop.ch\/shop\/non%20class\u00e9\/celestron-astrofi-127mm-5-sct\/"},"modified":"2025-04-22T13:38:55","modified_gmt":"2025-04-22T11:38:55","slug":"celestron-astrofi-127mm-5-sct","status":"publish","type":"product","link":"https:\/\/www.teleskopshop.ch\/fr\/shop\/optique\/telescopes-fr\/celestron-sets-fr\/celestron-astrofi-127mm-5-sct\/","title":{"rendered":"Celestron AstroFi 127mm 5&Prime; SCT"},"content":{"rendered":"<p>Das Astro Fi Teleskop verbindet Ihr Smartphone oder<br \/>\nTablet mit dem Nachthimmel!<br \/>\nSteuerung \u00fcber die kostenlose SkyPortal-App (f\u00fcr iOS und Android). Die<br \/>\nApp ersetzt den klassischen Handcontroller, sodass Sie das Universum<br \/>\nkabellos erkunden k\u00f6nnen! Halten Sie Ihr Smartphone einfach in den<br \/>\nHimmel und schauen Sie sich um. Wenn Sie ein interessantes Objekt<br \/>\nsehen: Tippen Sie es auf dem Display an &#8211; Ihr Astro Fi Teleskop f\u00e4hrt<br \/>\ndas Ziel automatisch an, gleichzeitig erscheinen auf dem Display<br \/>\nInformationen zu diesem Objekt.<br \/>\nLeichter konnten Sie das Universum noch nie selbst erkunden! Die<br \/>\nAstro Fi Montierung stellt ein eigenes WLAN bereit, sodass Sie das<br \/>\nTeleskop auch an Beobachtungspl\u00e4tzen ohne WLAN oder Handy-Empfang<br \/>\nbenutzen k\u00f6nnen.<br \/>\n&#8211; Zubeh\u00f6rablage f\u00fcr zwei 1,25&quot; Okulare und verschiedenes<br \/>\n  Zubeh\u00f6r, inklusive einer gummierten Ablagefl\u00e4che f\u00fcr ein<br \/>\n  Smartphone oder ein kleines Tablet<br \/>\n&#8211; Zum Lieferumfang geh\u00f6ren ein StarPointer Leuchtpunktsucher,<br \/>\n  2 Kellner-Okulare und ein Zenitspiegel<br \/>\nUm ein problemloses Funktionieren zu gew\u00e4hrleisten, empfehlen wir die<br \/>\nBedienung ausschliesslich mit einem Powertank oder Netzbetrieb.<br \/>\nNormale Batterien eignen sich nicht.<\/p>\n","protected":false},"excerpt":{"rendered":"<p>Vielen Dank f\u00fcr Ihren Besuch bei Teleskopshop.ch. <\/p>\n<p>Es freut uns, Ihnen das Produkt <b>Celestron AstroFi 127mm 5&Prime; SCT<\/b> zu den nachfolgenden Konditionen anbieten zu d\u00fcrfen.<\/p>\n","protected":false},"featured_media":12762,"comment_status":"closed","ping_status":"closed","template":"","meta":{"_acf_changed":false},"product_brand":[674],"product_cat":[1570,1339,1567],"product_tag":[],"class_list":{"0":"post-56576","1":"product","2":"type-product","3":"status-publish","4":"has-post-thumbnail","6":"product_brand-celestron","7":"product_cat-celestron-sets-fr","8":"product_cat-optique","9":"product_cat-telescopes-fr","11":"first","12":"instock","13":"sale","14":"taxable","15":"shipping-taxable","16":"purchasable","17":"product-type-simple"},"acf":[],"_links":{"self":[{"href":"https:\/\/www.teleskopshop.ch\/fr\/wp-json\/wp\/v2\/product\/56576","targetHints":{"allow":["GET"]}}],"collection":[{"href":"https:\/\/www.teleskopshop.ch\/fr\/wp-json\/wp\/v2\/product"}],"about":[{"href":"https:\/\/www.teleskopshop.ch\/fr\/wp-json\/wp\/v2\/types\/product"}],"replies":[{"embeddable":true,"href":"https:\/\/www.teleskopshop.ch\/fr\/wp-json\/wp\/v2\/comments?post=56576"}],"wp:featuredmedia":[{"embeddable":true,"href":"https:\/\/www.teleskopshop.ch\/fr\/wp-json\/wp\/v2\/media\/12762"}],"wp:attachment":[{"href":"https:\/\/www.teleskopshop.ch\/fr\/wp-json\/wp\/v2\/media?parent=56576"}],"wp:term":[{"taxonomy":"product_brand","embeddable":true,"href":"https:\/\/www.teleskopshop.ch\/fr\/wp-json\/wp\/v2\/product_brand?post=56576"},{"taxonomy":"product_cat","embeddable":true,"href":"https:\/\/www.teleskopshop.ch\/fr\/wp-json\/wp\/v2\/product_cat?post=56576"},{"taxonomy":"product_tag","embeddable":true,"href":"https:\/\/www.teleskopshop.ch\/fr\/wp-json\/wp\/v2\/product_tag?post=56576"}],"curies":[{"name":"wp","href":"https:\/\/api.w.org\/{rel}","templated":true}]}}