{"id":56561,"date":"2024-03-07T00:00:00","date_gmt":"2024-03-06T23:00:00","guid":{"rendered":"https:\/\/2025.teleskopshop.ch\/shop\/non%20class\u00e9\/optolong-l-extreme-f2-2\/"},"modified":"2025-01-24T17:09:10","modified_gmt":"2025-01-24T16:09:10","slug":"optolong-l-extreme-f2-2","status":"publish","type":"product","link":"https:\/\/www.teleskopshop.ch\/fr\/shop\/optique\/extensions-optiques\/filtre-porte-filtre\/filtres-a-bande-etroite\/optolong-l-extreme-f2-2\/","title":{"rendered":"Optolong L-eXtreme F2 2&Prime;"},"content":{"rendered":"<ul>\n<li>Gewinde: M48 x 0.75\u200b<\/li>\n<li>Filterdicke: 1.85mm<\/li>\n<li>Bandbreite: 7nm (Ha &amp; OIII)<\/li>\n<li>geliefert in praktischer PVC-Box<\/li>\n<\/ul>\n<p>Der Optolong L-eXtreme F2 ist ein Dual-Band Narrowband-Passfilter mit spezifischen Durchlasssbereichen bei 500,7 nm und 656,28 nm (FWHM = 7 nm). Dieser\u00a0Filter wurde entwickelt, um den Anforderungen einer kontinuierlich variierenden Winkeldurchl\u00e4ssigkeit gerecht zu werden. Mit astronomisch charakterisierten spektralen Linien (OIII, H-Alpha) als Haupt\u00fcbertragungswellenl\u00e4ngen, erm\u00f6glicht das L-eXtreme F2 die pr\u00e4zise Durchl\u00e4ssigkeit der OIII- und H-Alpha-Nebelausstrahlungslinien im Bereich von f2 bis f3,3 Brennweitenverh\u00e4ltnissen.<\/p>\n<p><strong>Hauptmerkmale:<\/strong><\/p>\n<p><strong>Schnelle und detaillierte Aufnahmen: <\/strong>Das Optolong L-eXtreme F2 erm\u00f6glicht es Astronomen, klare und detaillierte Bilder von\u00a0DeepSky-Objekten schnell und einfach zu erfassen. Der Filter ist kompatibel mit Farbkameras f\u00fcr Astronomie, monochromen astronomischen Kameras und digitalen Spiegelreflexkameras.<br \/>\n<strong>Ideal f\u00fcr schnelle optische Systeme:<\/strong> Dieses Filter wurde speziell f\u00fcr den Einsatz in schnellen optischen Systemen entwickelt, wie beispielsweise RASA, HyperStar und anderen Teleskopen mit schnellen Brennweitenverh\u00e4ltnissen.<br \/>\n<strong>Empfohlen f\u00fcr Brennweitenverh\u00e4ltnisse von f2 bis f3.3<\/strong>: Das Optolong L-eXtreme F2 Filter ist optimal f\u00fcr optische Systeme mit einem Brennweitenverh\u00e4ltnis von f2 bis f3,3 geeignet.<br \/>\n<strong>Lichtverschmutzung reduzieren, Kontrast erh\u00f6hen, mehr Details der Himmelsk\u00f6rper:<\/strong> Dieser\u00a0Filter unterdr\u00fcckt effektiv Hintergrundlicht und Rauschen jenseits der Zielhimmelsk\u00f6rper und verbessert so die Detailgenauigkeit und den Kontrast der Bilder. Der\u00a0L-eXtreme F2 Filter blockiert Lichtverschmutzung und verhindert, dass unerw\u00fcnschte Lichtquellen und Himmelslicht den Bildern schaden. Mit diesem Filter k\u00f6nnen Sie schnell und zufriedenstellende Aufnahmen in schnellen optischen Systemen erstellen.<br \/>\nDas Optolong L-eXtreme F2 Dual-Band Narrowband-Passfilter ist eine ausgezeichnete Wahl f\u00fcr Astronomen, die hochwertige Aufnahmen von Deep-Sky-Objekten in schnell agierenden Teleskopen und optischen Systemen anstreben. Mit diesem Filter k\u00f6nnen Sie die Sch\u00f6nheit des Nachthimmels in beeindruckender Klarheit und Detailtreue festhalten.<\/p>\n","protected":false},"excerpt":{"rendered":"<p>Vielen Dank f\u00fcr Ihren Besuch bei Teleskopshop.ch. <\/p>\n<p>Es freut uns, Ihnen das Produkt <b>Optolong L-eXtreme F2 2&Prime;<\/b> zu den nachfolgenden Konditionen anbieten zu d\u00fcrfen.<\/p>\n","protected":false},"featured_media":12782,"comment_status":"closed","ping_status":"open","template":"","meta":{"_acf_changed":false},"product_brand":[689],"product_cat":[1378,1426,1339],"product_tag":[],"class_list":{"0":"post-56561","1":"product","2":"type-product","3":"status-publish","4":"has-post-thumbnail","6":"product_brand-optolong","7":"product_cat-filtre-porte-filtre","8":"product_cat-filtres-a-bande-etroite","9":"product_cat-optique","11":"first","12":"instock","13":"taxable","14":"shipping-taxable","15":"purchasable","16":"product-type-simple"},"acf":[],"_links":{"self":[{"href":"https:\/\/www.teleskopshop.ch\/fr\/wp-json\/wp\/v2\/product\/56561","targetHints":{"allow":["GET"]}}],"collection":[{"href":"https:\/\/www.teleskopshop.ch\/fr\/wp-json\/wp\/v2\/product"}],"about":[{"href":"https:\/\/www.teleskopshop.ch\/fr\/wp-json\/wp\/v2\/types\/product"}],"replies":[{"embeddable":true,"href":"https:\/\/www.teleskopshop.ch\/fr\/wp-json\/wp\/v2\/comments?post=56561"}],"wp:featuredmedia":[{"embeddable":true,"href":"https:\/\/www.teleskopshop.ch\/fr\/wp-json\/wp\/v2\/media\/12782"}],"wp:attachment":[{"href":"https:\/\/www.teleskopshop.ch\/fr\/wp-json\/wp\/v2\/media?parent=56561"}],"wp:term":[{"taxonomy":"product_brand","embeddable":true,"href":"https:\/\/www.teleskopshop.ch\/fr\/wp-json\/wp\/v2\/product_brand?post=56561"},{"taxonomy":"product_cat","embeddable":true,"href":"https:\/\/www.teleskopshop.ch\/fr\/wp-json\/wp\/v2\/product_cat?post=56561"},{"taxonomy":"product_tag","embeddable":true,"href":"https:\/\/www.teleskopshop.ch\/fr\/wp-json\/wp\/v2\/product_tag?post=56561"}],"curies":[{"name":"wp","href":"https:\/\/api.w.org\/{rel}","templated":true}]}}