{"id":56534,"date":"2024-04-10T00:00:00","date_gmt":"2024-04-09T22:00:00","guid":{"rendered":"https:\/\/2025.teleskopshop.ch\/shop\/non%20class\u00e9\/celestron-upclose-g2-20x50\/"},"modified":"2025-01-24T17:09:21","modified_gmt":"2025-01-24T16:09:21","slug":"celestron-upclose-g2-20x50","status":"publish","type":"product","link":"https:\/\/www.teleskopshop.ch\/fr\/shop\/optique\/jumelles-et-lunettes-dopera\/jumelles\/jumelles-celestron\/celestron-upclose-g2-20x50\/","title":{"rendered":"Celestron UpClose G2 20&#215;50"},"content":{"rendered":"<p>Von der Naturbeobachtung bis zur Verfolgung von Autorennen, Ihr<br \/>\nUpClose-G2-Fernglas wird den h\u00f6chsten Anspr\u00fcchen gerecht werden. Die<br \/>\nkosteng\u00fcnstige UpClose-Reihe enth\u00e4lt sechs klassische Ferngl\u00e4ser mit<br \/>\nPorroprismen, darunter zwei Zoommodelle. UpClose-G2-Porroferngl\u00e4ser<br \/>\nzeichen sich durch Robustheit aus, haben eine gro\u00dfe geriffelte<br \/>\nFokussierwalze (Zentralfokussierung) f\u00fcr geschmeidiges und genaues<br \/>\nScharfstellen und eine Dioptrieneinstellung am rechten Okular zur<br \/>\npr\u00e4zisen Anpassung an unterschiedliche Sehsch\u00e4rfe beider Augen.<br \/>\nBesonders wichtig: UpClose-G2-Ferngl\u00e4ser mit hochwertiger Optik und<br \/>\nBK7-Prismen bieten Ihnen und Ihrer Familie helle, klare und scharfe<br \/>\nSicht bei Ihren Aktivit\u00e4ten im Freien wie Sport, Wandern, Vogel-,<br \/>\nWildtier- und allgemeiner Naturbeobachtung, aber auch im Konzert und<br \/>\nTheater, um nur einige zu nennen. Die UpClose-G2-Ferngl\u00e4ser sind eine<br \/>\ngute Wahl, wenn Sie ein erschwingliches Fernglas suchen, an dem Sie<br \/>\nviele Jahre Freude haben m\u00f6chten<\/p>\n","protected":false},"excerpt":{"rendered":"<p>Vielen Dank f\u00fcr Ihren Besuch bei Teleskopshop.ch. <\/p>\n<p>Es freut uns, Ihnen das Produkt <b>Celestron UpClose G2 20&#215;50<\/b> zu den nachfolgenden Konditionen anbieten zu d\u00fcrfen.<\/p>\n","protected":false},"featured_media":12818,"comment_status":"closed","ping_status":"open","template":"","meta":{"_acf_changed":false},"product_brand":[674],"product_cat":[1345,1354,1342,1339],"product_tag":[],"class_list":{"0":"post-56534","1":"product","2":"type-product","3":"status-publish","4":"has-post-thumbnail","6":"product_brand-celestron","7":"product_cat-jumelles","8":"product_cat-jumelles-celestron","9":"product_cat-jumelles-et-lunettes-dopera","10":"product_cat-optique","12":"first","13":"instock","14":"taxable","15":"shipping-taxable","16":"purchasable","17":"product-type-simple"},"acf":[],"_links":{"self":[{"href":"https:\/\/www.teleskopshop.ch\/fr\/wp-json\/wp\/v2\/product\/56534","targetHints":{"allow":["GET"]}}],"collection":[{"href":"https:\/\/www.teleskopshop.ch\/fr\/wp-json\/wp\/v2\/product"}],"about":[{"href":"https:\/\/www.teleskopshop.ch\/fr\/wp-json\/wp\/v2\/types\/product"}],"replies":[{"embeddable":true,"href":"https:\/\/www.teleskopshop.ch\/fr\/wp-json\/wp\/v2\/comments?post=56534"}],"wp:featuredmedia":[{"embeddable":true,"href":"https:\/\/www.teleskopshop.ch\/fr\/wp-json\/wp\/v2\/media\/12818"}],"wp:attachment":[{"href":"https:\/\/www.teleskopshop.ch\/fr\/wp-json\/wp\/v2\/media?parent=56534"}],"wp:term":[{"taxonomy":"product_brand","embeddable":true,"href":"https:\/\/www.teleskopshop.ch\/fr\/wp-json\/wp\/v2\/product_brand?post=56534"},{"taxonomy":"product_cat","embeddable":true,"href":"https:\/\/www.teleskopshop.ch\/fr\/wp-json\/wp\/v2\/product_cat?post=56534"},{"taxonomy":"product_tag","embeddable":true,"href":"https:\/\/www.teleskopshop.ch\/fr\/wp-json\/wp\/v2\/product_tag?post=56534"}],"curies":[{"name":"wp","href":"https:\/\/api.w.org\/{rel}","templated":true}]}}