{"id":56501,"date":"2024-06-18T00:00:00","date_gmt":"2024-06-17T22:00:00","guid":{"rendered":"https:\/\/2025.teleskopshop.ch\/shop\/non%20class\u00e9\/optolong-filter-uv-ir-cut-2\/"},"modified":"2025-01-25T12:10:53","modified_gmt":"2025-01-25T11:10:53","slug":"optolong-filter-uv-ir-cut-2","status":"publish","type":"product","link":"https:\/\/www.teleskopshop.ch\/fr\/shop\/optique\/extensions-optiques\/filtre-porte-filtre\/filtres-uv-ir\/optolong-filter-uv-ir-cut-2\/","title":{"rendered":"Skywatcher T\u00e9lescope Stargate 450P Truss Tube Dobson (Kopie) (Kopie) (Kopie) (Kopie) (Kopie) (Kopie)"},"content":{"rendered":"<p>L&rsquo;optique : L&rsquo;\u00e9norme t\u00e9lescope Dobson Sky-Watcher avec une ouverture de 458 mm avec sa grande capacit\u00e9 de collecte de lumi\u00e8re permet l&rsquo;exp\u00e9rience WOW ultime en mati\u00e8re d&rsquo;observation visuelle. Vous obtenez des performances exceptionnelles pour l&rsquo;observation des plan\u00e8tes et du ciel profond. Le support&nbsp;: le design \u00e9l\u00e9gant et solide en m\u00e9tal \u00ab\u00a0truss tube\u00a0\u00bb est facile \u00e0 transporter et \u00e0 installer en moins de 20 minutes. Le support permet des mouvements fluides en hauteur et horizontalement et donc un suivi facile des objets souhait\u00e9s. Contenu de la livraison : Tube de t\u00e9lescope Stargate Newtonian de 458 mm Monture Dobson Couvercle de protection contre la lumi\u00e8re Mise au point Crayford 2&Prime; avec r\u00e9duction 10:1 et adaptateur 1,25&Prime; Oculaires de viseur 9&#215;50&nbsp;: oculaire de r\u00e9glage 10 mm (1,25&Prime;) et 28 mm (2&Prime;) ! L&rsquo;alimentation et les piles sont non compris dans la livraison !<br \/>\nG\u00e9n\u00e9ral<\/p>\n<table>\n<tbody>\n<tr>\n<td>Poids \u00e0 l\u2019exp\u00e9dition<\/td>\n<td>10kg \/ 30kg \/ 27kg \/ 22kg<\/td>\n<\/tr>\n<\/tbody>\n<\/table>\n<table>\n<tbody>\n<tr>\n<td>Taille de l\u2019exp\u00e9dition<\/td>\n<td>70 x 70 x 42cm \/ 79 x 79 x 36cm \/ 79 x 76 x 28cm \/ 107 x 50 x 22cm<\/td>\n<\/tr>\n<\/tbody>\n<\/table>\n<p>optique<\/p>\n<table>\n<tbody>\n<tr>\n<td>Concevoir<\/td>\n<td>Newtonien \/ T\u00e9lescope r\u00e9fl\u00e9chissant<\/td>\n<\/tr>\n<\/tbody>\n<\/table>\n<table>\n<tbody>\n<tr>\n<td>Distance focale (mm)<\/td>\n<td>1900<\/td>\n<\/tr>\n<\/tbody>\n<\/table>\n<table>\n<tbody>\n<tr>\n<td>Ouverture (mm)<\/td>\n<td>458<\/td>\n<\/tr>\n<\/tbody>\n<\/table>\n<table>\n<tbody>\n<tr>\n<td>Rapport focal<\/td>\n<td>f:4.1<\/td>\n<\/tr>\n<\/tbody>\n<\/table>\n<table>\n<tbody>\n<tr>\n<td>Mise au point<\/td>\n<td>Focaliseur Crayford 2&nbsp;\u00bb avec rapport de r\u00e9duction de 10:1<\/td>\n<\/tr>\n<\/tbody>\n<\/table>\n<p>monter<\/p>\n<table>\n<tbody>\n<tr>\n<td>Type<\/td>\n<td>Mont Dobsonien azimutal<\/td>\n<\/tr>\n<\/tbody>\n<\/table>\n","protected":false},"excerpt":{"rendered":"<p>T\u00e9lescope Skywatcher 458mm (18&Prime;) F\/4.1 Truss Tube Dobson avec miroir parabolique<\/p>\n","protected":false},"featured_media":12898,"comment_status":"closed","ping_status":"open","template":"","meta":{"_acf_changed":false},"product_brand":[689],"product_cat":[1378,1438,1339],"product_tag":[],"class_list":{"0":"post-56501","1":"product","2":"type-product","3":"status-publish","4":"has-post-thumbnail","6":"product_brand-optolong","7":"product_cat-filtre-porte-filtre","8":"product_cat-filtres-uv-ir","9":"product_cat-optique","11":"first","12":"instock","13":"taxable","14":"shipping-taxable","15":"purchasable","16":"product-type-simple"},"acf":[],"_links":{"self":[{"href":"https:\/\/www.teleskopshop.ch\/fr\/wp-json\/wp\/v2\/product\/56501","targetHints":{"allow":["GET"]}}],"collection":[{"href":"https:\/\/www.teleskopshop.ch\/fr\/wp-json\/wp\/v2\/product"}],"about":[{"href":"https:\/\/www.teleskopshop.ch\/fr\/wp-json\/wp\/v2\/types\/product"}],"replies":[{"embeddable":true,"href":"https:\/\/www.teleskopshop.ch\/fr\/wp-json\/wp\/v2\/comments?post=56501"}],"wp:featuredmedia":[{"embeddable":true,"href":"https:\/\/www.teleskopshop.ch\/fr\/wp-json\/wp\/v2\/media\/12898"}],"wp:attachment":[{"href":"https:\/\/www.teleskopshop.ch\/fr\/wp-json\/wp\/v2\/media?parent=56501"}],"wp:term":[{"taxonomy":"product_brand","embeddable":true,"href":"https:\/\/www.teleskopshop.ch\/fr\/wp-json\/wp\/v2\/product_brand?post=56501"},{"taxonomy":"product_cat","embeddable":true,"href":"https:\/\/www.teleskopshop.ch\/fr\/wp-json\/wp\/v2\/product_cat?post=56501"},{"taxonomy":"product_tag","embeddable":true,"href":"https:\/\/www.teleskopshop.ch\/fr\/wp-json\/wp\/v2\/product_tag?post=56501"}],"curies":[{"name":"wp","href":"https:\/\/api.w.org\/{rel}","templated":true}]}}