{"id":56450,"date":"2024-09-04T00:00:00","date_gmt":"2024-09-03T22:00:00","guid":{"rendered":"https:\/\/2025.teleskopshop.ch\/shop\/non%20class\u00e9\/baader-2-bbhs-clicklock-zenitprisma\/"},"modified":"2025-01-25T11:58:08","modified_gmt":"2025-01-25T10:58:08","slug":"baader-2-bbhs-clicklock-zenitprisma","status":"publish","type":"product","link":"https:\/\/www.teleskopshop.ch\/fr\/shop\/optique\/extensions-optiques\/miroirs-diagonaux-et-prismes\/baader-2-bbhs-clicklock-zenitprisma\/","title":{"rendered":"Prisme diagonal Baader 2&Prime; BBHS ClickLock"},"content":{"rendered":"<p>&#8211; Prisme diagonal 2&Prime; BBHS avec pince ClickLock 2&Prime;, bo\u00eetier noir et<br \/>\n Prisme en verre BaK4<br \/>\n&#8211; La plus grande r\u00e9flectivit\u00e9 sur la plus grande plage spectrale de 390<br \/>\n jusqu&rsquo;\u00e0 2000 nm<br \/>\n&#8211; BBHS = rev\u00eatement d&rsquo;argent dur \u00e0 large bande avec di\u00e9lectrique<br \/>\n frais de protection<br \/>\n&#8211; id\u00e9al pour l&rsquo;observation et la photographie avec la plus grande brillance, m\u00eame dans<br \/>\n spectre infrarouge<br \/>\n&#8211; Prouv\u00e9 pour offrir la meilleure exp\u00e9rience de visionnement absolue, argent<br \/>\n absence totale de lumi\u00e8re parasite.<\/p>\n","protected":false},"excerpt":{"rendered":"<p>&#8211; Prisme diagonal 2&Prime; BBHS avec pince ClickLock 2&Prime;, bo\u00eetier noir et Prisme en verre BaK4 &#8211; La plus grande r\u00e9flectivit\u00e9 sur la plus grande plage spectrale de 390 jusqu&rsquo;\u00e0 2000 nm &#8211; BBHS = rev\u00eatement d&rsquo;argent dur \u00e0 large bande avec di\u00e9lectrique frais de protection &#8211; id\u00e9al pour l&rsquo;observation et la photographie avec la [&hellip;]<\/p>\n","protected":false},"featured_media":13006,"comment_status":"closed","ping_status":"open","template":"","meta":{"_acf_changed":false},"product_brand":[679],"product_cat":[1651,1339],"product_tag":[],"class_list":{"0":"post-56450","1":"product","2":"type-product","3":"status-publish","4":"has-post-thumbnail","6":"product_brand-baader","7":"product_cat-miroirs-diagonaux-et-prismes","8":"product_cat-optique","10":"first","11":"instock","12":"taxable","13":"shipping-taxable","14":"purchasable","15":"product-type-simple"},"acf":[],"_links":{"self":[{"href":"https:\/\/www.teleskopshop.ch\/fr\/wp-json\/wp\/v2\/product\/56450","targetHints":{"allow":["GET"]}}],"collection":[{"href":"https:\/\/www.teleskopshop.ch\/fr\/wp-json\/wp\/v2\/product"}],"about":[{"href":"https:\/\/www.teleskopshop.ch\/fr\/wp-json\/wp\/v2\/types\/product"}],"replies":[{"embeddable":true,"href":"https:\/\/www.teleskopshop.ch\/fr\/wp-json\/wp\/v2\/comments?post=56450"}],"wp:featuredmedia":[{"embeddable":true,"href":"https:\/\/www.teleskopshop.ch\/fr\/wp-json\/wp\/v2\/media\/13006"}],"wp:attachment":[{"href":"https:\/\/www.teleskopshop.ch\/fr\/wp-json\/wp\/v2\/media?parent=56450"}],"wp:term":[{"taxonomy":"product_brand","embeddable":true,"href":"https:\/\/www.teleskopshop.ch\/fr\/wp-json\/wp\/v2\/product_brand?post=56450"},{"taxonomy":"product_cat","embeddable":true,"href":"https:\/\/www.teleskopshop.ch\/fr\/wp-json\/wp\/v2\/product_cat?post=56450"},{"taxonomy":"product_tag","embeddable":true,"href":"https:\/\/www.teleskopshop.ch\/fr\/wp-json\/wp\/v2\/product_tag?post=56450"}],"curies":[{"name":"wp","href":"https:\/\/api.w.org\/{rel}","templated":true}]}}