{"id":56444,"date":"2024-09-04T00:00:00","date_gmt":"2024-09-03T22:00:00","guid":{"rendered":"https:\/\/2025.teleskopshop.ch\/shop\/non%20class\u00e9\/celestron-aux-power-cable\/"},"modified":"2025-01-25T11:50:51","modified_gmt":"2025-01-25T10:50:51","slug":"celestron-aux-power-cable","status":"publish","type":"product","link":"https:\/\/www.teleskopshop.ch\/fr\/shop\/astronomie-accessoires-fr\/alimentation-electrique\/celestron-aux-power-cable\/","title":{"rendered":"C\u00e2ble d\u2019alimentation Celestron AUX"},"content":{"rendered":"<p>Optimisez votre configuration afin qu\u2019elle fonctionne bien et selon vos besoins.<br \/>\nWishing fonctionne m\u00eame avec un support t\u00e9lescopique assist\u00e9 par ordinateur<br \/>\nd\u2019un tiers (c.-\u00e0-d. pas Celestron). Ce c\u00e2ble<br \/>\nalimente les ports AUX de votre Celestron Smart DewHeater<br \/>\nContr\u00f4leur avec alimentation.<br \/>\nBranchez ce c\u00e2ble de connexion AUX dans l\u2019un des c\u00e2bles 12 V CC.<br \/>\nSorties d\u2019alimentation de votre contr\u00f4leur et de l\u2019un de ses connecteurs AUX. Lorsque<br \/>\nLorsque vous allumez la manette, le c\u00e2ble alimente les accessoires<br \/>\nvia les autres ports AUX du contr\u00f4leur, par exemple<br \/>\nle module Wi-Fi SkyPortal (pour la connexion PC sans fil) ou le<br \/>\nMoteur Celestron Focus.<br \/>\nRemarque : Si vous utilisez d\u00e9j\u00e0 une monture Celestron, vous devrez<br \/>\nN\u2019achetez pas ce c\u00e2ble de connexion AUX. La connexion du c\u00e2ble AUX \u00e0<br \/>\nVotre support alimente d\u00e9j\u00e0 les ports AUX.<\/p>\n","protected":false},"excerpt":{"rendered":"<p>Optimisez votre configuration afin qu\u2019elle fonctionne bien et selon vos besoins. Wishing fonctionne m\u00eame avec un support t\u00e9lescopique assist\u00e9 par ordinateur d\u2019un tiers (c.-\u00e0-d. pas Celestron). Ce c\u00e2ble alimente les ports AUX de votre Celestron Smart DewHeater Contr\u00f4leur avec alimentation. Branchez ce c\u00e2ble de connexion AUX dans l\u2019un des c\u00e2bles 12 V CC. Sorties d\u2019alimentation [&hellip;]<\/p>\n","protected":false},"featured_media":13226,"comment_status":"closed","ping_status":"open","template":"","meta":{"_acf_changed":false},"product_brand":[674],"product_cat":[1654,1756],"product_tag":[],"class_list":{"0":"post-56444","1":"product","2":"type-product","3":"status-publish","4":"has-post-thumbnail","6":"product_brand-celestron","7":"product_cat-astronomie-accessoires-fr","8":"product_cat-alimentation-electrique","10":"first","11":"instock","12":"taxable","13":"shipping-taxable","14":"purchasable","15":"product-type-simple"},"acf":[],"_links":{"self":[{"href":"https:\/\/www.teleskopshop.ch\/fr\/wp-json\/wp\/v2\/product\/56444","targetHints":{"allow":["GET"]}}],"collection":[{"href":"https:\/\/www.teleskopshop.ch\/fr\/wp-json\/wp\/v2\/product"}],"about":[{"href":"https:\/\/www.teleskopshop.ch\/fr\/wp-json\/wp\/v2\/types\/product"}],"replies":[{"embeddable":true,"href":"https:\/\/www.teleskopshop.ch\/fr\/wp-json\/wp\/v2\/comments?post=56444"}],"wp:featuredmedia":[{"embeddable":true,"href":"https:\/\/www.teleskopshop.ch\/fr\/wp-json\/wp\/v2\/media\/13226"}],"wp:attachment":[{"href":"https:\/\/www.teleskopshop.ch\/fr\/wp-json\/wp\/v2\/media?parent=56444"}],"wp:term":[{"taxonomy":"product_brand","embeddable":true,"href":"https:\/\/www.teleskopshop.ch\/fr\/wp-json\/wp\/v2\/product_brand?post=56444"},{"taxonomy":"product_cat","embeddable":true,"href":"https:\/\/www.teleskopshop.ch\/fr\/wp-json\/wp\/v2\/product_cat?post=56444"},{"taxonomy":"product_tag","embeddable":true,"href":"https:\/\/www.teleskopshop.ch\/fr\/wp-json\/wp\/v2\/product_tag?post=56444"}],"curies":[{"name":"wp","href":"https:\/\/api.w.org\/{rel}","templated":true}]}}