{"id":56405,"date":"2024-09-04T00:00:00","date_gmt":"2024-09-03T22:00:00","guid":{"rendered":"https:\/\/2025.teleskopshop.ch\/shop\/non%20class\u00e9\/baader-maxbright-ii-binokular-komplett\/"},"modified":"2025-01-25T12:00:20","modified_gmt":"2025-01-25T11:00:20","slug":"baader-maxbright-ii-binokular-komplett","status":"publish","type":"product","link":"https:\/\/www.teleskopshop.ch\/fr\/shop\/optique\/extensions-optiques\/oculaires\/set-fr\/baader-maxbright-ii-binokular-komplett\/","title":{"rendered":"Jumelles Baader MaxBright II, compl\u00e8tes"},"content":{"rendered":"<p>Offre compl\u00e8te de jumelles Baader MaxBright II, avec les \u00e9l\u00e9ments suivants<br \/>\nAccessoires sp\u00e9ciaux : 1x 2456005 prisme diagonal T-2\/90\u00b0 32mm #01C 1x 2458105<br \/>\nCanon 1\u00bc\u00a0\u00bb, #14 2x 2954110 Oculaire Baader Classic Ortho 10mm<br \/>\n2x 2954110 Oculaire Baader Classic Pl\u00f6ssl 32mm<\/p>\n","protected":false},"excerpt":{"rendered":"<p>Offre compl\u00e8te de jumelles Baader MaxBright II, avec les \u00e9l\u00e9ments suivants Accessoires sp\u00e9ciaux : 1x 2456005 prisme diagonal T-2\/90\u00b0 32mm #01C 1x 2458105 Canon 1\u00bc\u00a0\u00bb, #14 2x 2954110 Oculaire Baader Classic Ortho 10mm 2x 2954110 Oculaire Baader Classic Pl\u00f6ssl 32mm<\/p>\n","protected":false},"featured_media":13206,"comment_status":"closed","ping_status":"open","template":"","meta":{"_acf_changed":false},"product_brand":[679],"product_cat":[1477,1339,1501],"product_tag":[],"class_list":{"0":"post-56405","1":"product","2":"type-product","3":"status-publish","4":"has-post-thumbnail","6":"product_brand-baader","7":"product_cat-oculaires","8":"product_cat-optique","9":"product_cat-set-fr","11":"first","12":"instock","13":"taxable","14":"shipping-taxable","15":"purchasable","16":"product-type-simple"},"acf":[],"_links":{"self":[{"href":"https:\/\/www.teleskopshop.ch\/fr\/wp-json\/wp\/v2\/product\/56405","targetHints":{"allow":["GET"]}}],"collection":[{"href":"https:\/\/www.teleskopshop.ch\/fr\/wp-json\/wp\/v2\/product"}],"about":[{"href":"https:\/\/www.teleskopshop.ch\/fr\/wp-json\/wp\/v2\/types\/product"}],"replies":[{"embeddable":true,"href":"https:\/\/www.teleskopshop.ch\/fr\/wp-json\/wp\/v2\/comments?post=56405"}],"wp:featuredmedia":[{"embeddable":true,"href":"https:\/\/www.teleskopshop.ch\/fr\/wp-json\/wp\/v2\/media\/13206"}],"wp:attachment":[{"href":"https:\/\/www.teleskopshop.ch\/fr\/wp-json\/wp\/v2\/media?parent=56405"}],"wp:term":[{"taxonomy":"product_brand","embeddable":true,"href":"https:\/\/www.teleskopshop.ch\/fr\/wp-json\/wp\/v2\/product_brand?post=56405"},{"taxonomy":"product_cat","embeddable":true,"href":"https:\/\/www.teleskopshop.ch\/fr\/wp-json\/wp\/v2\/product_cat?post=56405"},{"taxonomy":"product_tag","embeddable":true,"href":"https:\/\/www.teleskopshop.ch\/fr\/wp-json\/wp\/v2\/product_tag?post=56405"}],"curies":[{"name":"wp","href":"https:\/\/api.w.org\/{rel}","templated":true}]}}