{"id":56396,"date":"2024-09-04T00:00:00","date_gmt":"2024-09-03T22:00:00","guid":{"rendered":"https:\/\/2025.teleskopshop.ch\/shop\/non%20class\u00e9\/baader-maxbright-ii-binokular-m-adaptern\/"},"modified":"2025-01-25T12:00:17","modified_gmt":"2025-01-25T11:00:17","slug":"baader-maxbright-ii-binokular-m-adaptern","status":"publish","type":"product","link":"https:\/\/www.teleskopshop.ch\/fr\/shop\/optique\/extensions-optiques\/oculaires\/set-fr\/baader-maxbright-ii-binokular-m-adaptern\/","title":{"rendered":"Jumelles Baader MaxBright II avec adaptateurs"},"content":{"rendered":"<p>Jumelles Baader MaxBright II avec adaptateurs pour T-2 et Zeiss<br \/>\nMicro ba\u00efonnette, dans un \u00e9tui rembourr\u00e9<br \/>\n&#8211; Prismes 27mm avec passage libre 26 \/ 25.5mm, \u00e9claire tous les 1.25&Prime;-<br \/>\n Oculaires d\u00e9sactiv\u00e9s &#8211; jusqu&rsquo;\u00e0 35 mm de distance focale<br \/>\n&#8211; Pinces oculaires ergonomiques ClickLock\u00ae avec r\u00e9glage dioptrique<br \/>\n Syst\u00e8me Baader Astro T-2 ? Filetage de raccordement (M 42 x 0,75) et Zeiss<br \/>\n La micro ba\u00efonnette permet la connexion la plus courte \u00e0 (presque)<br \/>\n tous les syst\u00e8mes de t\u00e9lescopes existants.<br \/>\n&#8211; Contenu de la livraison : jumelles Baader MaxBright\u00ae avec adaptateurs pour T-2 et<br \/>\n Micro ba\u00efonnette Zeiss dans un \u00e9tui rembourr\u00e9<br \/>\n&#8211; Longueur optique : 110 mm (+\/- tol\u00e9rance 1 mm)<br \/>\n&#8211; Poids : 595g<\/p>\n","protected":false},"excerpt":{"rendered":"<p>Jumelles Baader MaxBright II avec adaptateurs pour T-2 et Zeiss Micro ba\u00efonnette, dans un \u00e9tui rembourr\u00e9 &#8211; Prismes 27mm avec passage libre 26 \/ 25.5mm, \u00e9claire tous les 1.25&Prime;- Oculaires d\u00e9sactiv\u00e9s &#8211; jusqu&rsquo;\u00e0 35 mm de distance focale &#8211; Pinces oculaires ergonomiques ClickLock\u00ae avec r\u00e9glage dioptrique Syst\u00e8me Baader Astro T-2 ? Filetage de raccordement (M [&hellip;]<\/p>\n","protected":false},"featured_media":13194,"comment_status":"closed","ping_status":"open","template":"","meta":{"_acf_changed":false},"product_brand":[679],"product_cat":[1477,1339,1501],"product_tag":[],"class_list":{"0":"post-56396","1":"product","2":"type-product","3":"status-publish","4":"has-post-thumbnail","6":"product_brand-baader","7":"product_cat-oculaires","8":"product_cat-optique","9":"product_cat-set-fr","11":"first","12":"instock","13":"taxable","14":"shipping-taxable","15":"purchasable","16":"product-type-simple"},"acf":[],"_links":{"self":[{"href":"https:\/\/www.teleskopshop.ch\/fr\/wp-json\/wp\/v2\/product\/56396","targetHints":{"allow":["GET"]}}],"collection":[{"href":"https:\/\/www.teleskopshop.ch\/fr\/wp-json\/wp\/v2\/product"}],"about":[{"href":"https:\/\/www.teleskopshop.ch\/fr\/wp-json\/wp\/v2\/types\/product"}],"replies":[{"embeddable":true,"href":"https:\/\/www.teleskopshop.ch\/fr\/wp-json\/wp\/v2\/comments?post=56396"}],"wp:featuredmedia":[{"embeddable":true,"href":"https:\/\/www.teleskopshop.ch\/fr\/wp-json\/wp\/v2\/media\/13194"}],"wp:attachment":[{"href":"https:\/\/www.teleskopshop.ch\/fr\/wp-json\/wp\/v2\/media?parent=56396"}],"wp:term":[{"taxonomy":"product_brand","embeddable":true,"href":"https:\/\/www.teleskopshop.ch\/fr\/wp-json\/wp\/v2\/product_brand?post=56396"},{"taxonomy":"product_cat","embeddable":true,"href":"https:\/\/www.teleskopshop.ch\/fr\/wp-json\/wp\/v2\/product_cat?post=56396"},{"taxonomy":"product_tag","embeddable":true,"href":"https:\/\/www.teleskopshop.ch\/fr\/wp-json\/wp\/v2\/product_tag?post=56396"}],"curies":[{"name":"wp","href":"https:\/\/api.w.org\/{rel}","templated":true}]}}