{"id":56393,"date":"2024-09-04T00:00:00","date_gmt":"2024-09-03T22:00:00","guid":{"rendered":"https:\/\/2025.teleskopshop.ch\/shop\/non%20class\u00e9\/baader-morpheus-okular-kit-6-st-koffer\/"},"modified":"2025-01-25T11:52:25","modified_gmt":"2025-01-25T10:52:25","slug":"baader-morpheus-okular-kit-6-st-koffer","status":"publish","type":"product","link":"https:\/\/www.teleskopshop.ch\/fr\/shop\/optique\/extensions-optiques\/oculaires\/jeux-doculaires\/baader-morpheus-okular-kit-6-st-koffer\/","title":{"rendered":"Kit oculaire Baader Morpheus 6 pcs + \u00e9tui"},"content":{"rendered":"<p>Oculaires larges 11\/4&nbsp;\u00bb + 2&nbsp;\u00bb 76\u00b0.<br \/>\nKit de 6 oculaires 4.5 \/ 6.5 \/ 9 \/ 12.5 \/ 14 \/ 17.5mm<br \/>\nY compris \u00e9tui \u00e0 oculaires 2454601<br \/>\nComprend un sac utilitaire de petite 2954201<br \/>\n\u00c9toiles nettes jusqu\u2019au bord : le champ de vision de 76\u00b0 n\u2019est affect\u00e9 par aucun<br \/>\nAutre oculaire grand angle moderne en nettet\u00e9 sur l\u2019ensemble, plat<br \/>\nchamp.<br \/>\nLongue distance interpupillaire et adapt\u00e9 au bino: Avec le Morpheus, vous pouvez observer<br \/>\nPlus confortable que jamais avec des oculaires grand angle.<br \/>\nDistorsion minimale: La conception optique du Morpheus permet<br \/>\nune distorsion angulaire exceptionnellement faible.<br \/>\nAdaptation photo\/vid\u00e9o : Tout comme les oculaires Hyperion, le<br \/>\nMorpheus excellents oculaires de projection pour la photographie utilisant<br \/>\ndu fil photo M43.<\/p>\n","protected":false},"excerpt":{"rendered":"<p>Oculaires larges 11\/4&nbsp;\u00bb + 2&nbsp;\u00bb 76\u00b0. Kit de 6 oculaires 4.5 \/ 6.5 \/ 9 \/ 12.5 \/ 14 \/ 17.5mm Y compris \u00e9tui \u00e0 oculaires 2454601 Comprend un sac utilitaire de petite 2954201 \u00c9toiles nettes jusqu\u2019au bord : le champ de vision de 76\u00b0 n\u2019est affect\u00e9 par aucun Autre oculaire grand angle moderne en [&hellip;]<\/p>\n","protected":false},"featured_media":12974,"comment_status":"closed","ping_status":"open","template":"","meta":{"_acf_changed":false},"product_brand":[679],"product_cat":[1495,1477,1339],"product_tag":[],"class_list":{"0":"post-56393","1":"product","2":"type-product","3":"status-publish","4":"has-post-thumbnail","6":"product_brand-baader","7":"product_cat-jeux-doculaires","8":"product_cat-oculaires","9":"product_cat-optique","11":"first","12":"instock","13":"taxable","14":"shipping-taxable","15":"purchasable","16":"product-type-simple"},"acf":[],"_links":{"self":[{"href":"https:\/\/www.teleskopshop.ch\/fr\/wp-json\/wp\/v2\/product\/56393","targetHints":{"allow":["GET"]}}],"collection":[{"href":"https:\/\/www.teleskopshop.ch\/fr\/wp-json\/wp\/v2\/product"}],"about":[{"href":"https:\/\/www.teleskopshop.ch\/fr\/wp-json\/wp\/v2\/types\/product"}],"replies":[{"embeddable":true,"href":"https:\/\/www.teleskopshop.ch\/fr\/wp-json\/wp\/v2\/comments?post=56393"}],"wp:featuredmedia":[{"embeddable":true,"href":"https:\/\/www.teleskopshop.ch\/fr\/wp-json\/wp\/v2\/media\/12974"}],"wp:attachment":[{"href":"https:\/\/www.teleskopshop.ch\/fr\/wp-json\/wp\/v2\/media?parent=56393"}],"wp:term":[{"taxonomy":"product_brand","embeddable":true,"href":"https:\/\/www.teleskopshop.ch\/fr\/wp-json\/wp\/v2\/product_brand?post=56393"},{"taxonomy":"product_cat","embeddable":true,"href":"https:\/\/www.teleskopshop.ch\/fr\/wp-json\/wp\/v2\/product_cat?post=56393"},{"taxonomy":"product_tag","embeddable":true,"href":"https:\/\/www.teleskopshop.ch\/fr\/wp-json\/wp\/v2\/product_tag?post=56393"}],"curies":[{"name":"wp","href":"https:\/\/api.w.org\/{rel}","templated":true}]}}